{"id":3628,"date":"2020-06-25T07:33:17","date_gmt":"2020-06-25T07:33:17","guid":{"rendered":"https:\/\/staging.5starpropertiesaltea.com\/internasjonal-reklame\/"},"modified":"2020-09-24T09:02:56","modified_gmt":"2020-09-24T09:02:56","slug":"internasjonal-reklame","status":"publish","type":"page","link":"https:\/\/5starpropertiesaltea.com\/no\/internasjonal-reklame\/","title":{"rendered":"Internasjonal Reklame"},"content":{"rendered":"<p>[et_pb_section fb_built=&raquo;1&#8243; admin_label=&raquo;section&raquo; _builder_version=&raquo;4.4.8&#8243; use_background_color_gradient=&raquo;on&raquo; background_color_gradient_start=&raquo;rgba(255,255,255,0.9)&raquo; background_color_gradient_end=&raquo;rgba(255,255,255,0.9)&raquo; background_color_gradient_overlays_image=&raquo;on&raquo; background_image=&raquo;https:\/\/5starpropertiesaltea.com\/wp-content\/uploads\/2020\/06\/photo-1584725178783-548d8a85d718.jpeg&raquo; custom_padding=&raquo;0px||0px|||&raquo;][et_pb_row _builder_version=&raquo;4.4.8&#8243; background_color=&raquo;#ffffff&raquo; custom_margin=&raquo;|auto|0px|auto|false|false&raquo; custom_padding=&raquo;100px||0px||false|false&raquo;][et_pb_column type=&raquo;4_4&#8243; _builder_version=&raquo;4.4.8&#8243;][et_pb_text content_tablet=&raquo;&raquo; content_phone=&raquo;<\/p>\n<h1 style=%22text-align: center;%22>Global<\/h1>\n<p style=%22text-align: center;%22><i class=%22title-line-2%22><\/i><\/p>\n<h2 style=%22text-align: center;%22>Exposure<\/h2>\n<p>&raquo; content_last_edited=&raquo;on|desktop&raquo; _builder_version=&raquo;4.4.8&#8243; header_font_size=&raquo;134px&raquo; header_2_text_color=&raquo;#ef344d&raquo; header_2_font_size=&raquo;67px&raquo; max_width=&raquo;650px&raquo; animation_style=&raquo;slide&raquo; animation_direction=&raquo;left&raquo;]<\/p>\n<h1>Global<\/h1>\n<p>&nbsp;<\/p>\n<h2 style=\"text-align: right;\">REKLAME<\/h2>\n<p>[\/et_pb_text][\/et_pb_column][\/et_pb_row][et_pb_row column_structure=&raquo;3_5,2_5&#8243; _builder_version=&raquo;4.4.8&#8243; background_color=&raquo;#ffffff&raquo; custom_padding=&raquo;50px|50px|100px|50px|false|true&raquo;][et_pb_column type=&raquo;3_5&#8243; _builder_version=&raquo;4.4.8&#8243;][et_pb_text _builder_version=&raquo;4.4.8&#8243; header_3_text_color=&raquo;#000000&#8243; header_3_font_size=&raquo;25px&raquo; animation_style=&raquo;slide&raquo; animation_direction=&raquo;right&raquo;]<\/p>\n<h3><strong>GLOBAL REKLAME<\/strong><\/h3>\n<p>&nbsp;<\/p>\n<p>N\u00e5r verden blir mer og mer digitalt nettverk, trenger dagens selskaper \u00e5 v\u00e6re globale og ta et internasjonalt perspektiv for \u00e5 betjene og n\u00e5 v\u00e5re kunder. 5 Star Properties Altea vil liste opp eiendommen din p\u00e5 de beste og mest vellykkede eiendomsnettstedene i inn- og utland. Kampanjer p\u00e5 sosiale medier, v\u00e5rt internasjonale nettsted og din eiendom blir annonsert med internasjonale agenter og virtuelle 3D-turer.[\/et_pb_text][\/et_pb_column][et_pb_column type=&raquo;2_5&#8243; _builder_version=&raquo;4.4.8&#8243;][et_pb_image src=&raquo;https:\/\/5starpropertiesaltea.com\/wp-content\/uploads\/2020\/06\/Global-1.jpg&raquo; title_text=&raquo;Global 1&#8243; _builder_version=&raquo;4.4.8&#8243; custom_margin=&raquo;2vw||||false|false&raquo; animation_style=&raquo;slide&raquo; animation_direction=&raquo;right&raquo;][\/et_pb_image][\/et_pb_column][\/et_pb_row][\/et_pb_section][et_pb_section fb_built=&raquo;1&#8243; admin_label=&raquo;Testimonial&raquo; _builder_version=&raquo;4.4.8&#8243; use_background_color_gradient=&raquo;on&raquo; background_color_gradient_start=&raquo;rgba(150,105,97,0.67)&raquo; background_color_gradient_end=&raquo;rgba(0,0,0,0.98)&raquo; background_color_gradient_overlays_image=&raquo;on&raquo; background_image=&raquo;https:\/\/5starpropertiesaltea.com\/wp-content\/uploads\/2020\/05\/real-estate-06.jpg&raquo; background_position=&raquo;top_center&raquo; custom_margin=&raquo;|||&raquo; custom_padding=&raquo;4.8%|0px|5%|0px||&raquo; box_shadow_style=&raquo;preset1&#8243; global_module=&raquo;126&#8243; saved_tabs=&raquo;all&raquo;][et_pb_row _builder_version=&raquo;4.3.4&#8243; custom_margin=&raquo;|||&raquo;][et_pb_column type=&raquo;4_4&#8243; _builder_version=&raquo;3.25&#8243; custom_padding=&raquo;|||&raquo; custom_padding__hover=&raquo;|||&raquo;][et_pb_text _builder_version=&raquo;4.3.4&#8243; background_layout=&raquo;dark&raquo;]<\/p>\n<h1 style=\"text-align: center;\">BLI MED P\u00c5 V\u00c5RT<\/h1>\n<h3 style=\"text-align: center;\"><span style=\"color: #ef344d;\">NETTVERK<\/span><\/h3>\n<p>[\/et_pb_text][et_pb_text _builder_version=&raquo;4.4.8&#8243; text_text_color=&raquo;#ffffff&raquo; text_orientation=&raquo;center&raquo; background_layout=&raquo;dark&raquo;]Hold deg oppdatert med de nyeste markedstrendene og mulighetene p\u00e5 Costa Blanca.[\/et_pb_text][et_pb_code _builder_version=&raquo;4.4.8&#8243;]<script type=\"text\/javascript\">\n\/* <![CDATA[ *\/\nvar gform;gform||(document.addEventListener(\"gform_main_scripts_loaded\",function(){gform.scriptsLoaded=!0}),document.addEventListener(\"gform\/theme\/scripts_loaded\",function(){gform.themeScriptsLoaded=!0}),window.addEventListener(\"DOMContentLoaded\",function(){gform.domLoaded=!0}),gform={domLoaded:!1,scriptsLoaded:!1,themeScriptsLoaded:!1,isFormEditor:()=>\"function\"==typeof InitializeEditor,callIfLoaded:function(o){return!(!gform.domLoaded||!gform.scriptsLoaded||!gform.themeScriptsLoaded&&!gform.isFormEditor()||(gform.isFormEditor()&&console.warn(\"The use of gform.initializeOnLoaded() is deprecated in the form editor context and will be removed in Gravity Forms 3.1.\"),o(),0))},initializeOnLoaded:function(o){gform.callIfLoaded(o)||(document.addEventListener(\"gform_main_scripts_loaded\",()=>{gform.scriptsLoaded=!0,gform.callIfLoaded(o)}),document.addEventListener(\"gform\/theme\/scripts_loaded\",()=>{gform.themeScriptsLoaded=!0,gform.callIfLoaded(o)}),window.addEventListener(\"DOMContentLoaded\",()=>{gform.domLoaded=!0,gform.callIfLoaded(o)}))},hooks:{action:{},filter:{}},addAction:function(o,r,e,t){gform.addHook(\"action\",o,r,e,t)},addFilter:function(o,r,e,t){gform.addHook(\"filter\",o,r,e,t)},doAction:function(o){gform.doHook(\"action\",o,arguments)},applyFilters:function(o){return gform.doHook(\"filter\",o,arguments)},removeAction:function(o,r){gform.removeHook(\"action\",o,r)},removeFilter:function(o,r,e){gform.removeHook(\"filter\",o,r,e)},addHook:function(o,r,e,t,n){null==gform.hooks[o][r]&&(gform.hooks[o][r]=[]);var d=gform.hooks[o][r];null==n&&(n=r+\"_\"+d.length),gform.hooks[o][r].push({tag:n,callable:e,priority:t=null==t?10:t})},doHook:function(r,o,e){var t;if(e=Array.prototype.slice.call(e,1),null!=gform.hooks[r][o]&&((o=gform.hooks[r][o]).sort(function(o,r){return o.priority-r.priority}),o.forEach(function(o){\"function\"!=typeof(t=o.callable)&&(t=window[t]),\"action\"==r?t.apply(null,e):e[0]=t.apply(null,e)})),\"filter\"==r)return e[0]},removeHook:function(o,r,t,n){var e;null!=gform.hooks[o][r]&&(e=(e=gform.hooks[o][r]).filter(function(o,r,e){return!!(null!=n&&n!=o.tag||null!=t&&t!=o.priority)}),gform.hooks[o][r]=e)}});\n\/* ]]> *\/\n<\/script>\n\n                <div class='gf_browser_gecko gform_wrapper gform_legacy_markup_wrapper gform-theme--no-framework properties-interested-form_wrapper' data-form-theme='legacy' data-form-index='0' id='gform_wrapper_4' >\n                        <div class='gform_heading'>\n                            <h3 class=\"gform_title\">Join our network<\/h3>\n                            <p class='gform_description'><\/p>\n                        <\/div><form method='post' enctype='multipart\/form-data'  id='gform_4' class='properties-interested-form' action='\/no\/wp-json\/wp\/v2\/pages\/3628' data-formid='4' novalidate>\n                        <div class='gform-body gform_body'><ul id='gform_fields_4' class='gform_fields top_label form_sublabel_below description_below validation_below'><li id=\"field_4_12\" class=\"gfield gfield--type-text gf_left_half join-field gfield_contains_required field_sublabel_below gfield--no-description field_description_below hidden_label field_validation_below gfield_visibility_visible\"  ><label class='gfield_label gform-field-label' for='input_4_12'>Navn<span class=\"gfield_required\"><span class=\"gfield_required gfield_required_asterisk\">*<\/span><\/span><\/label><div class='ginput_container ginput_container_text'><input name='input_12' id='input_4_12' type='text' value='' class='large'    placeholder='Navn' aria-required=\"true\" aria-invalid=\"false\"   \/><\/div><\/li><li id=\"field_4_28\" class=\"gfield gfield--type-email gf_right_half join-field gfield_contains_required field_sublabel_below gfield--no-description field_description_below hidden_label field_validation_below gfield_visibility_visible\"  ><label class='gfield_label gform-field-label' for='input_4_28'>Email<span class=\"gfield_required\"><span class=\"gfield_required gfield_required_asterisk\">*<\/span><\/span><\/label><div class='ginput_container ginput_container_email'>\n                            <input name='input_28' id='input_4_28' type='email' value='' class='medium'   placeholder='Email' aria-required=\"true\" aria-invalid=\"false\"  \/>\n                        <\/div><\/li><li id=\"field_4_29\" class=\"gfield gfield--type-text join-field field_sublabel_below gfield--no-description field_description_below hidden_label field_validation_below gfield_visibility_visible\"  ><label class='gfield_label gform-field-label' for='input_4_29'>Beskjed<\/label><div class='ginput_container ginput_container_text'><input name='input_29' id='input_4_29' type='text' value='' class='large'    placeholder='Beskjed'  aria-invalid=\"false\"   \/><\/div><\/li><li id=\"field_4_30\" class=\"gfield gfield--type-hcaptcha gfield--width-full gfield_contains_required field_sublabel_below gfield--no-description field_description_below field_validation_below gfield_visibility_visible\"  ><label class='gfield_label gform-field-label' for='input_4_30'>hCaptcha<span class=\"gfield_required\"><span class=\"gfield_required gfield_required_asterisk\">*<\/span><\/span><\/label><div class='ginput_container ginput_container_hcaptcha'><input type='hidden' name='input_30' value='true'><div id='hCaptcha_4_30' class='h-captcha large' data-sitekey=\"6be179ba-b77a-4b75-8743-9d9f659c9e4e\"><\/div><\/div><\/li><\/ul><\/div>\n        <div class='gform-footer gform_footer top_label'> <input type='submit' id='gform_submit_button_4' class='gform_button button' onclick='gform.submission.handleButtonClick(this);' data-submission-type='submit' value='Sende inn'  \/> \n            <input type='hidden' class='gform_hidden' name='gform_submission_method' data-js='gform_submission_method_4' value='postback' \/>\n            <input type='hidden' class='gform_hidden' name='gform_theme' data-js='gform_theme_4' id='gform_theme_4' value='legacy' \/>\n            <input type='hidden' class='gform_hidden' name='gform_style_settings' data-js='gform_style_settings_4' id='gform_style_settings_4' value='[]' \/>\n            <input type='hidden' class='gform_hidden' name='is_submit_4' value='1' \/>\n            <input type='hidden' class='gform_hidden' name='gform_submit' value='4' \/>\n            \n            <input type='hidden' class='gform_hidden' name='gform_currency' data-currency='EUR' value='nR6YyEtGRnsB+TTNV8zD2V5Y+6d5N3SxWuOy6B75NVSsp8q2622FwaYXaAZbsFqEmsO1CSTe0W1yODrr4kkivpVEfEDnRa1lXoechcj1R3rDJmE=' \/>\n            <input type='hidden' class='gform_hidden' name='gform_unique_id' value='' \/>\n            <input type='hidden' class='gform_hidden' name='state_4' value='WyJbXSIsImI1YjdiMDBjNjk0OWNhMDdjZjgxOGM1MmRjYThiZmQ2Il0=' \/>\n            <input type='hidden' autocomplete='off' class='gform_hidden' name='gform_target_page_number_4' id='gform_target_page_number_4' value='0' \/>\n            <input type='hidden' autocomplete='off' class='gform_hidden' name='gform_source_page_number_4' id='gform_source_page_number_4' value='1' \/>\n            <input type='hidden' name='gform_field_values' value='' \/>\n            \n        <\/div>\n                        <\/form>\n                        <\/div><script type=\"text\/javascript\">\n\/* <![CDATA[ *\/\n gform.initializeOnLoaded( function() {gformInitSpinner( 4, 'https:\/\/5starpropertiesaltea.com\/wp-content\/plugins\/gravityforms\/images\/spinner.svg', true );jQuery('#gform_ajax_frame_4').on('load',function(){var contents = jQuery(this).contents().find('*').html();var is_postback = contents.indexOf('GF_AJAX_POSTBACK') >= 0;if(!is_postback){return;}var form_content = jQuery(this).contents().find('#gform_wrapper_4');var is_confirmation = jQuery(this).contents().find('#gform_confirmation_wrapper_4').length > 0;var is_redirect = contents.indexOf('gformRedirect(){') >= 0;var is_form = form_content.length > 0 && ! is_redirect && ! is_confirmation;var mt = parseInt(jQuery('html').css('margin-top'), 10) + parseInt(jQuery('body').css('margin-top'), 10) + 100;if(is_form){jQuery('#gform_wrapper_4').html(form_content.html());if(form_content.hasClass('gform_validation_error')){jQuery('#gform_wrapper_4').addClass('gform_validation_error');} else {jQuery('#gform_wrapper_4').removeClass('gform_validation_error');}setTimeout( function() { \/* delay the scroll by 50 milliseconds to fix a bug in chrome *\/  }, 50 );if(window['gformInitDatepicker']) {gformInitDatepicker();}if(window['gformInitPriceFields']) {gformInitPriceFields();}var current_page = jQuery('#gform_source_page_number_4').val();gformInitSpinner( 4, 'https:\/\/5starpropertiesaltea.com\/wp-content\/plugins\/gravityforms\/images\/spinner.svg', true );jQuery(document).trigger('gform_page_loaded', [4, current_page]);window['gf_submitting_4'] = false;}else if(!is_redirect){var confirmation_content = jQuery(this).contents().find('.GF_AJAX_POSTBACK').html();if(!confirmation_content){confirmation_content = contents;}jQuery('#gform_wrapper_4').replaceWith(confirmation_content);jQuery(document).trigger('gform_confirmation_loaded', [4]);window['gf_submitting_4'] = false;wp.a11y.speak(jQuery('#gform_confirmation_message_4').text());}else{jQuery('#gform_4').append(contents);if(window['gformRedirect']) {gformRedirect();}}jQuery(document).trigger(\"gform_pre_post_render\", [{ formId: \"4\", currentPage: \"current_page\", abort: function() { this.preventDefault(); } }]);        if (event && event.defaultPrevented) {                return;        }        const gformWrapperDiv = document.getElementById( \"gform_wrapper_4\" );        if ( gformWrapperDiv ) {            const visibilitySpan = document.createElement( \"span\" );            visibilitySpan.id = \"gform_visibility_test_4\";            gformWrapperDiv.insertAdjacentElement( \"afterend\", visibilitySpan );        }        const visibilityTestDiv = document.getElementById( \"gform_visibility_test_4\" );        let postRenderFired = false;        function triggerPostRender() {            if ( postRenderFired ) {                return;            }            postRenderFired = true;            gform.core.triggerPostRenderEvents( 4, current_page );            if ( visibilityTestDiv ) {                visibilityTestDiv.parentNode.removeChild( visibilityTestDiv );            }        }        function debounce( func, wait, immediate ) {            var timeout;            return function() {                var context = this, args = arguments;                var later = function() {                    timeout = null;                    if ( !immediate ) func.apply( context, args );                };                var callNow = immediate && !timeout;                clearTimeout( timeout );                timeout = setTimeout( later, wait );                if ( callNow ) func.apply( context, args );            };        }        const debouncedTriggerPostRender = debounce( function() {            triggerPostRender();        }, 200 );        if ( visibilityTestDiv && visibilityTestDiv.offsetParent === null ) {            const observer = new MutationObserver( ( mutations ) => {                mutations.forEach( ( mutation ) => {                    if ( mutation.type === 'attributes' && visibilityTestDiv.offsetParent !== null ) {                        debouncedTriggerPostRender();                        observer.disconnect();                    }                });            });            observer.observe( document.body, {                attributes: true,                childList: false,                subtree: true,                attributeFilter: [ 'style', 'class' ],            });        } else {            triggerPostRender();        }    } );} ); \n\/* ]]> *\/\n<\/script>\n[\/et_pb_code][\/et_pb_column][\/et_pb_row][\/et_pb_section]<\/p>\n","protected":false},"excerpt":{"rendered":"<p>Global &nbsp; REKLAMEGLOBAL REKLAME &nbsp; N\u00e5r verden blir mer og mer digitalt nettverk, trenger dagens selskaper \u00e5 v\u00e6re globale og ta et internasjonalt perspektiv for \u00e5 betjene og n\u00e5 v\u00e5re kunder. 5 Star Properties Altea vil liste opp eiendommen din p\u00e5 de beste og mest vellykkede eiendomsnettstedene i inn- og utland. Kampanjer p\u00e5 sosiale medier, [&hellip;]<\/p>\n","protected":false},"author":1,"featured_media":4729,"parent":0,"menu_order":0,"comment_status":"closed","ping_status":"closed","template":"","meta":{"_acf_changed":false,"_et_pb_use_builder":"on","_et_pb_old_content":"","_et_gb_content_width":"","footnotes":""},"class_list":["post-3628","page","type-page","status-publish","has-post-thumbnail","hentry"],"acf":[],"yoast_head":"<!-- This site is optimized with the Yoast SEO plugin v27.4 - https:\/\/yoast.com\/product\/yoast-seo-wordpress\/ -->\n<title>Internasjonal Reklame - 5 Star Properties Altea<\/title>\n<meta name=\"robots\" content=\"index, follow, max-snippet:-1, max-image-preview:large, max-video-preview:-1\" \/>\n<link rel=\"canonical\" href=\"https:\/\/5starpropertiesaltea.com\/no\/internasjonal-reklame\/\" \/>\n<meta property=\"og:locale\" content=\"nb_NO\" \/>\n<meta property=\"og:type\" content=\"article\" \/>\n<meta property=\"og:title\" content=\"Internasjonal Reklame - 5 Star Properties Altea\" \/>\n<meta property=\"og:description\" content=\"Global &nbsp; REKLAMEGLOBAL REKLAME &nbsp; N\u00e5r verden blir mer og mer digitalt nettverk, trenger dagens selskaper \u00e5 v\u00e6re globale og ta et internasjonalt perspektiv for \u00e5 betjene og n\u00e5 v\u00e5re kunder. 5 Star Properties Altea vil liste opp eiendommen din p\u00e5 de beste og mest vellykkede eiendomsnettstedene i inn- og utland. Kampanjer p\u00e5 sosiale medier, [&hellip;]\" \/>\n<meta property=\"og:url\" content=\"https:\/\/5starpropertiesaltea.com\/no\/internasjonal-reklame\/\" \/>\n<meta property=\"og:site_name\" content=\"5 Star Properties Altea\" \/>\n<meta property=\"article:modified_time\" content=\"2020-09-24T09:02:56+00:00\" \/>\n<meta property=\"og:image\" content=\"https:\/\/5starpropertiesaltea.com\/wp-content\/uploads\/2020\/08\/Global-2.jpg\" \/>\n\t<meta property=\"og:image:width\" content=\"760\" \/>\n\t<meta property=\"og:image:height\" content=\"260\" \/>\n\t<meta property=\"og:image:type\" content=\"image\/jpeg\" \/>\n<meta name=\"twitter:card\" content=\"summary_large_image\" \/>\n<meta name=\"twitter:label1\" content=\"Ansl. lesetid\" \/>\n\t<meta name=\"twitter:data1\" content=\"2 minutter\" \/>\n<script type=\"application\/ld+json\" class=\"yoast-schema-graph\">{\"@context\":\"https:\\\/\\\/schema.org\",\"@graph\":[{\"@type\":\"WebPage\",\"@id\":\"https:\\\/\\\/5starpropertiesaltea.com\\\/no\\\/internasjonal-reklame\\\/\",\"url\":\"https:\\\/\\\/5starpropertiesaltea.com\\\/no\\\/internasjonal-reklame\\\/\",\"name\":\"Internasjonal Reklame - 5 Star Properties Altea\",\"isPartOf\":{\"@id\":\"https:\\\/\\\/5starpropertiesaltea.com\\\/no\\\/#website\"},\"primaryImageOfPage\":{\"@id\":\"https:\\\/\\\/5starpropertiesaltea.com\\\/no\\\/internasjonal-reklame\\\/#primaryimage\"},\"image\":{\"@id\":\"https:\\\/\\\/5starpropertiesaltea.com\\\/no\\\/internasjonal-reklame\\\/#primaryimage\"},\"thumbnailUrl\":\"https:\\\/\\\/5starpropertiesaltea.com\\\/wp-content\\\/uploads\\\/2020\\\/08\\\/Global-2.jpg\",\"datePublished\":\"2020-06-25T07:33:17+00:00\",\"dateModified\":\"2020-09-24T09:02:56+00:00\",\"breadcrumb\":{\"@id\":\"https:\\\/\\\/5starpropertiesaltea.com\\\/no\\\/internasjonal-reklame\\\/#breadcrumb\"},\"inLanguage\":\"nb-NO\",\"potentialAction\":[{\"@type\":\"ReadAction\",\"target\":[\"https:\\\/\\\/5starpropertiesaltea.com\\\/no\\\/internasjonal-reklame\\\/\"]}]},{\"@type\":\"ImageObject\",\"inLanguage\":\"nb-NO\",\"@id\":\"https:\\\/\\\/5starpropertiesaltea.com\\\/no\\\/internasjonal-reklame\\\/#primaryimage\",\"url\":\"https:\\\/\\\/5starpropertiesaltea.com\\\/wp-content\\\/uploads\\\/2020\\\/08\\\/Global-2.jpg\",\"contentUrl\":\"https:\\\/\\\/5starpropertiesaltea.com\\\/wp-content\\\/uploads\\\/2020\\\/08\\\/Global-2.jpg\",\"width\":760,\"height\":260},{\"@type\":\"BreadcrumbList\",\"@id\":\"https:\\\/\\\/5starpropertiesaltea.com\\\/no\\\/internasjonal-reklame\\\/#breadcrumb\",\"itemListElement\":[{\"@type\":\"ListItem\",\"position\":1,\"name\":\"Home\",\"item\":\"https:\\\/\\\/5starpropertiesaltea.com\\\/no\\\/\"},{\"@type\":\"ListItem\",\"position\":2,\"name\":\"Internasjonal Reklame\"}]},{\"@type\":\"WebSite\",\"@id\":\"https:\\\/\\\/5starpropertiesaltea.com\\\/no\\\/#website\",\"url\":\"https:\\\/\\\/5starpropertiesaltea.com\\\/no\\\/\",\"name\":\"5 Star Properties Altea\",\"description\":\"Buy real estate in the Altea region\",\"publisher\":{\"@id\":\"https:\\\/\\\/5starpropertiesaltea.com\\\/no\\\/#organization\"},\"potentialAction\":[{\"@type\":\"SearchAction\",\"target\":{\"@type\":\"EntryPoint\",\"urlTemplate\":\"https:\\\/\\\/5starpropertiesaltea.com\\\/no\\\/?s={search_term_string}\"},\"query-input\":{\"@type\":\"PropertyValueSpecification\",\"valueRequired\":true,\"valueName\":\"search_term_string\"}}],\"inLanguage\":\"nb-NO\"},{\"@type\":\"Organization\",\"@id\":\"https:\\\/\\\/5starpropertiesaltea.com\\\/no\\\/#organization\",\"name\":\"5 Star Properties Altea\",\"url\":\"https:\\\/\\\/5starpropertiesaltea.com\\\/no\\\/\",\"logo\":{\"@type\":\"ImageObject\",\"inLanguage\":\"nb-NO\",\"@id\":\"https:\\\/\\\/5starpropertiesaltea.com\\\/no\\\/#\\\/schema\\\/logo\\\/image\\\/\",\"url\":\"https:\\\/\\\/5starpropertiesaltea.com\\\/wp-content\\\/uploads\\\/2020\\\/10\\\/logo-5starpropertiesaltea-zwart.png\",\"contentUrl\":\"https:\\\/\\\/5starpropertiesaltea.com\\\/wp-content\\\/uploads\\\/2020\\\/10\\\/logo-5starpropertiesaltea-zwart.png\",\"width\":8623,\"height\":1064,\"caption\":\"5 Star Properties Altea\"},\"image\":{\"@id\":\"https:\\\/\\\/5starpropertiesaltea.com\\\/no\\\/#\\\/schema\\\/logo\\\/image\\\/\"}}]}<\/script>\n<!-- \/ Yoast SEO plugin. -->","yoast_head_json":{"title":"Internasjonal Reklame - 5 Star Properties Altea","robots":{"index":"index","follow":"follow","max-snippet":"max-snippet:-1","max-image-preview":"max-image-preview:large","max-video-preview":"max-video-preview:-1"},"canonical":"https:\/\/5starpropertiesaltea.com\/no\/internasjonal-reklame\/","og_locale":"nb_NO","og_type":"article","og_title":"Internasjonal Reklame - 5 Star Properties Altea","og_description":"Global &nbsp; REKLAMEGLOBAL REKLAME &nbsp; N\u00e5r verden blir mer og mer digitalt nettverk, trenger dagens selskaper \u00e5 v\u00e6re globale og ta et internasjonalt perspektiv for \u00e5 betjene og n\u00e5 v\u00e5re kunder. 5 Star Properties Altea vil liste opp eiendommen din p\u00e5 de beste og mest vellykkede eiendomsnettstedene i inn- og utland. Kampanjer p\u00e5 sosiale medier, [&hellip;]","og_url":"https:\/\/5starpropertiesaltea.com\/no\/internasjonal-reklame\/","og_site_name":"5 Star Properties Altea","article_modified_time":"2020-09-24T09:02:56+00:00","og_image":[{"width":760,"height":260,"url":"https:\/\/5starpropertiesaltea.com\/wp-content\/uploads\/2020\/08\/Global-2.jpg","type":"image\/jpeg"}],"twitter_card":"summary_large_image","twitter_misc":{"Ansl. lesetid":"2 minutter"},"schema":{"@context":"https:\/\/schema.org","@graph":[{"@type":"WebPage","@id":"https:\/\/5starpropertiesaltea.com\/no\/internasjonal-reklame\/","url":"https:\/\/5starpropertiesaltea.com\/no\/internasjonal-reklame\/","name":"Internasjonal Reklame - 5 Star Properties Altea","isPartOf":{"@id":"https:\/\/5starpropertiesaltea.com\/no\/#website"},"primaryImageOfPage":{"@id":"https:\/\/5starpropertiesaltea.com\/no\/internasjonal-reklame\/#primaryimage"},"image":{"@id":"https:\/\/5starpropertiesaltea.com\/no\/internasjonal-reklame\/#primaryimage"},"thumbnailUrl":"https:\/\/5starpropertiesaltea.com\/wp-content\/uploads\/2020\/08\/Global-2.jpg","datePublished":"2020-06-25T07:33:17+00:00","dateModified":"2020-09-24T09:02:56+00:00","breadcrumb":{"@id":"https:\/\/5starpropertiesaltea.com\/no\/internasjonal-reklame\/#breadcrumb"},"inLanguage":"nb-NO","potentialAction":[{"@type":"ReadAction","target":["https:\/\/5starpropertiesaltea.com\/no\/internasjonal-reklame\/"]}]},{"@type":"ImageObject","inLanguage":"nb-NO","@id":"https:\/\/5starpropertiesaltea.com\/no\/internasjonal-reklame\/#primaryimage","url":"https:\/\/5starpropertiesaltea.com\/wp-content\/uploads\/2020\/08\/Global-2.jpg","contentUrl":"https:\/\/5starpropertiesaltea.com\/wp-content\/uploads\/2020\/08\/Global-2.jpg","width":760,"height":260},{"@type":"BreadcrumbList","@id":"https:\/\/5starpropertiesaltea.com\/no\/internasjonal-reklame\/#breadcrumb","itemListElement":[{"@type":"ListItem","position":1,"name":"Home","item":"https:\/\/5starpropertiesaltea.com\/no\/"},{"@type":"ListItem","position":2,"name":"Internasjonal Reklame"}]},{"@type":"WebSite","@id":"https:\/\/5starpropertiesaltea.com\/no\/#website","url":"https:\/\/5starpropertiesaltea.com\/no\/","name":"5 Star Properties Altea","description":"Buy real estate in the Altea region","publisher":{"@id":"https:\/\/5starpropertiesaltea.com\/no\/#organization"},"potentialAction":[{"@type":"SearchAction","target":{"@type":"EntryPoint","urlTemplate":"https:\/\/5starpropertiesaltea.com\/no\/?s={search_term_string}"},"query-input":{"@type":"PropertyValueSpecification","valueRequired":true,"valueName":"search_term_string"}}],"inLanguage":"nb-NO"},{"@type":"Organization","@id":"https:\/\/5starpropertiesaltea.com\/no\/#organization","name":"5 Star Properties Altea","url":"https:\/\/5starpropertiesaltea.com\/no\/","logo":{"@type":"ImageObject","inLanguage":"nb-NO","@id":"https:\/\/5starpropertiesaltea.com\/no\/#\/schema\/logo\/image\/","url":"https:\/\/5starpropertiesaltea.com\/wp-content\/uploads\/2020\/10\/logo-5starpropertiesaltea-zwart.png","contentUrl":"https:\/\/5starpropertiesaltea.com\/wp-content\/uploads\/2020\/10\/logo-5starpropertiesaltea-zwart.png","width":8623,"height":1064,"caption":"5 Star Properties Altea"},"image":{"@id":"https:\/\/5starpropertiesaltea.com\/no\/#\/schema\/logo\/image\/"}}]}},"_links":{"self":[{"href":"https:\/\/5starpropertiesaltea.com\/no\/wp-json\/wp\/v2\/pages\/3628","targetHints":{"allow":["GET"]}}],"collection":[{"href":"https:\/\/5starpropertiesaltea.com\/no\/wp-json\/wp\/v2\/pages"}],"about":[{"href":"https:\/\/5starpropertiesaltea.com\/no\/wp-json\/wp\/v2\/types\/page"}],"author":[{"embeddable":true,"href":"https:\/\/5starpropertiesaltea.com\/no\/wp-json\/wp\/v2\/users\/1"}],"replies":[{"embeddable":true,"href":"https:\/\/5starpropertiesaltea.com\/no\/wp-json\/wp\/v2\/comments?post=3628"}],"version-history":[{"count":5,"href":"https:\/\/5starpropertiesaltea.com\/no\/wp-json\/wp\/v2\/pages\/3628\/revisions"}],"predecessor-version":[{"id":5506,"href":"https:\/\/5starpropertiesaltea.com\/no\/wp-json\/wp\/v2\/pages\/3628\/revisions\/5506"}],"wp:featuredmedia":[{"embeddable":true,"href":"https:\/\/5starpropertiesaltea.com\/no\/wp-json\/wp\/v2\/media\/4729"}],"wp:attachment":[{"href":"https:\/\/5starpropertiesaltea.com\/no\/wp-json\/wp\/v2\/media?parent=3628"}],"curies":[{"name":"wp","href":"https:\/\/api.w.org\/{rel}","templated":true}]}}