{"id":2937,"date":"2020-06-23T06:21:01","date_gmt":"2020-06-23T06:21:01","guid":{"rendered":"https:\/\/staging.5starpropertiesaltea.com\/ny-konstruksjon\/"},"modified":"2020-10-09T08:06:16","modified_gmt":"2020-10-09T08:06:16","slug":"ny-konstruksjon","status":"publish","type":"page","link":"https:\/\/5starpropertiesaltea.com\/no\/ny-konstruksjon\/","title":{"rendered":"Ny konstruksjon"},"content":{"rendered":"<p>[et_pb_section fb_built=&raquo;1&#8243; _builder_version=&raquo;4.4.8&#8243; background_color=&raquo;rgba(0,0,0,0.03)&raquo; use_background_color_gradient=&raquo;on&raquo; background_color_gradient_start=&raquo;rgba(255,255,255,0.95)&raquo; background_color_gradient_end=&raquo;#ffffff&raquo; background_color_gradient_overlays_image=&raquo;on&raquo; background_image=&raquo;https:\/\/5starpropertiesaltea.com\/wp-content\/uploads\/2020\/06\/photo-1584725178783-548d8a85d718.jpeg&raquo; background_position=&raquo;top_center&raquo; custom_margin=&raquo;|||&raquo; custom_padding=&raquo;||0px|||&raquo;][et_pb_row _builder_version=&raquo;3.25&#8243; custom_margin=&raquo;|||&raquo; locked=&raquo;off&raquo;][et_pb_column type=&raquo;4_4&#8243; _builder_version=&raquo;3.25&#8243; custom_padding=&raquo;|||&raquo; custom_padding__hover=&raquo;|||&raquo;][et_pb_text _builder_version=&raquo;4.6.5&#8243; text_font=&raquo;Lato||||||||&raquo; header_font=&raquo;||||||||&raquo; header_2_font_size=&raquo;42px&raquo; text_orientation=&raquo;center&raquo; animation_style=&raquo;slide&raquo; animation_direction=&raquo;left&raquo; locked=&raquo;off&raquo;]<\/p>\n<h1 style=\"text-align: center;\">NY<\/h1>\n<h2 style=\"color: #ef334d; text-align: center;\">KONSTRUKSJON<\/h2>\n<p style=\"text-align: center;\">Vi er spesialister p\u00e5 nybygde hus med moderne design og arkitektur. Hovedfokuset v\u00e5rt er \u00e5 sikre at de nybygde eiendommene vi selger inneholder et veldig h\u00f8yt kvalitetsniv\u00e5 p\u00e5 alle materialene som trengs for \u00e5 bygge husene. Vi vet hva kundene v\u00e5re forventer av nybygde hus, og vi er godt informert om hvor kundene v\u00e5re \u00f8nsker \u00e5 bo.<\/p>\n<p>[\/et_pb_text][\/et_pb_column][\/et_pb_row][et_pb_row column_structure=&raquo;1_2,1_2&#8243; module_id=&raquo;about-us&raquo; _builder_version=&raquo;4.4.8&#8243;][et_pb_column type=&raquo;1_2&#8243; _builder_version=&raquo;4.4.8&#8243;][et_pb_text _builder_version=&raquo;4.4.8&#8243; animation_style=&raquo;slide&raquo; animation_direction=&raquo;left&raquo;]<\/p>\n<h2 style=\"color: #ef334d; background-color: black; text-align: center;\">OM OSS<\/h2>\n<p>&nbsp;<\/p>\n<p>5 Star Properties Altea st\u00f8tter v\u00e5re kunder med byggefirmaer og eiendomsutviklere n\u00e5r de planlegger et prosjekt eller et nytt hus i samarbeid med investorer, arkitekter og utbyggere. Kundene v\u00e5re kan v\u00e6re sikre p\u00e5 at vi ogs\u00e5 tar vare p\u00e5 hele salgsprosessen og utf\u00f8rer hvert trinn i opprettelsen av et prosjekt med profesjonalitet og entusiasme.[\/et_pb_text][\/et_pb_column][et_pb_column type=&raquo;1_2&#8243; _builder_version=&raquo;4.4.8&#8243;][et_pb_image src=&raquo;https:\/\/5starpropertiesaltea.com\/wp-content\/uploads\/2020\/06\/new-built-3.jpg&raquo; title_text=&raquo;new built 3&#8243; _builder_version=&raquo;4.4.8&#8243; animation_style=&raquo;slide&raquo; animation_direction=&raquo;right&raquo;][\/et_pb_image][\/et_pb_column][\/et_pb_row][et_pb_row column_structure=&raquo;1_2,1_2&#8243; module_id=&raquo;new&raquo; _builder_version=&raquo;4.4.8&#8243;][et_pb_column type=&raquo;1_2&#8243; _builder_version=&raquo;4.4.8&#8243;][et_pb_image src=&raquo;https:\/\/5starpropertiesaltea.com\/wp-content\/uploads\/2020\/06\/picture-new-built-2-1.jpg&raquo; title_text=&raquo;picture new built 2&#8243; _builder_version=&raquo;4.4.8&#8243; animation_style=&raquo;slide&raquo; animation_direction=&raquo;left&raquo;][\/et_pb_image][\/et_pb_column][et_pb_column type=&raquo;1_2&#8243; _builder_version=&raquo;4.4.8&#8243;][et_pb_text _builder_version=&raquo;4.4.8&#8243; animation_style=&raquo;slide&raquo; animation_direction=&raquo;right&raquo;]<\/p>\n<h2 style=\"color: #ef334d; background-color: black; text-align: center;\">NY<\/h2>\n<p>&nbsp;<\/p>\n<p>Vi har et stort utvalg av nybygde eiendommer som leiligheter og hus, hus og villaer, som hovedsakelig ligger i Altea, s\u00e5 vel som i andre deler av Costa Blanca (Moraira, Calpe, Benissa kysten, Javea, Denia og Benidorm)..[\/et_pb_text][\/et_pb_column][\/et_pb_row][et_pb_row _builder_version=&raquo;4.4.8&#8243;][et_pb_column type=&raquo;4_4&#8243; _builder_version=&raquo;4.4.8&#8243;][et_pb_text module_id=&raquo;construction&raquo; _builder_version=&raquo;4.4.8&#8243; text_font_size=&raquo;20px&raquo; animation_style=&raquo;slide&raquo;]I tillegg tilbyr vi ogs\u00e5 byggeprosjekter helt fra starten, der du har muligheten til \u00e5 endre objektet fullstendig for \u00e5 forvandle det til ditt nye LUXURY DREAM HOUSE.[\/et_pb_text][\/et_pb_column][\/et_pb_row][et_pb_row column_structure=&raquo;1_2,1_2&#8243; _builder_version=&raquo;4.4.8&#8243;][et_pb_column type=&raquo;1_2&#8243; _builder_version=&raquo;4.4.8&#8243; custom_padding=&raquo;3vw||||false|false&raquo;][et_pb_image src=&raquo;https:\/\/5starpropertiesaltea.com\/wp-content\/uploads\/2020\/06\/pic-new-built-4.jpeg&raquo; title_text=&raquo;pic new built 4&#8243; _builder_version=&raquo;4.4.8&#8243; animation_style=&raquo;slide&raquo; animation_direction=&raquo;left&raquo;][\/et_pb_image][\/et_pb_column][et_pb_column type=&raquo;1_2&#8243; _builder_version=&raquo;4.4.8&#8243;][et_pb_text _builder_version=&raquo;4.4.8&#8243; animation_style=&raquo;slide&raquo; animation_direction=&raquo;right&raquo;]<\/p>\n<h2 style=\"color: #ef334d; background-color: black; text-align: center;\">KONSTRUKSJON<\/h2>\n<p>&nbsp;<\/p>\n<p>N\u00e5r det gjelder et nytt bygg og du kj\u00f8per huset ditt p\u00e5 plan, betyr det at du bare ser arkitektenes tegninger, og dette kan v\u00e6re vanskelig for mange \u00e5 forestille seg hvordan den ferdige eiendommen vil se ut. Vi pr\u00f8ver \u00e5 dekke dine behov og gi deg et klart bilde av hvordan ditt nye hjem vil se ut.[\/et_pb_text][\/et_pb_column][\/et_pb_row][et_pb_row _builder_version=&raquo;4.4.8&#8243; animation_style=&raquo;slide&raquo;][et_pb_column type=&raquo;4_4&#8243; _builder_version=&raquo;4.4.8&#8243;][et_pb_text _builder_version=&raquo;4.4.8&#8243;]Du kan alltid kontakte oss for ytterligere informasjon om v\u00e5re vakre hus eller v\u00e5re kommende prosjekter.[\/et_pb_text][et_pb_button button_url=&raquo;\/no\/kontakt-oss\/&raquo; button_text=&raquo;Kontakt&raquo; button_alignment=&raquo;center&raquo; _builder_version=&raquo;4.6.5&#8243; hover_enabled=&raquo;0&#8243; sticky_enabled=&raquo;0&#8243;][\/et_pb_button][\/et_pb_column][\/et_pb_row][et_pb_row _builder_version=&raquo;4.4.8&#8243;][et_pb_column type=&raquo;4_4&#8243; _builder_version=&raquo;4.4.8&#8243;][et_pb_divider color=&raquo;#000000&#8243; _builder_version=&raquo;4.4.8&#8243;][\/et_pb_divider][\/et_pb_column][\/et_pb_row][\/et_pb_section]<\/p>\n","protected":false},"excerpt":{"rendered":"<p>NY KONSTRUKSJON Vi er spesialister p\u00e5 nybygde hus med moderne design og arkitektur. Hovedfokuset v\u00e5rt er \u00e5 sikre at de nybygde eiendommene vi selger inneholder et veldig h\u00f8yt kvalitetsniv\u00e5 p\u00e5 alle materialene som trengs for \u00e5 bygge husene. Vi vet hva kundene v\u00e5re forventer av nybygde hus, og vi er godt informert om hvor kundene [&hellip;]<\/p>\n","protected":false},"author":1,"featured_media":2735,"parent":0,"menu_order":0,"comment_status":"closed","ping_status":"closed","template":"","meta":{"_acf_changed":false,"_et_pb_use_builder":"on","_et_pb_old_content":"","_et_gb_content_width":"","footnotes":""},"class_list":["post-2937","page","type-page","status-publish","has-post-thumbnail","hentry"],"acf":[],"yoast_head":"<!-- This site is optimized with the Yoast SEO plugin v27.5 - https:\/\/yoast.com\/product\/yoast-seo-wordpress\/ -->\n<title>Ny konstruksjon - 5 Star Properties Altea<\/title>\n<meta name=\"robots\" content=\"index, follow, max-snippet:-1, max-image-preview:large, max-video-preview:-1\" \/>\n<link rel=\"canonical\" href=\"https:\/\/5starpropertiesaltea.com\/no\/ny-konstruksjon\/\" \/>\n<meta property=\"og:locale\" content=\"nb_NO\" \/>\n<meta property=\"og:type\" content=\"article\" \/>\n<meta property=\"og:title\" content=\"Ny konstruksjon - 5 Star Properties Altea\" \/>\n<meta property=\"og:description\" content=\"NY KONSTRUKSJON Vi er spesialister p\u00e5 nybygde hus med moderne design og arkitektur. Hovedfokuset v\u00e5rt er \u00e5 sikre at de nybygde eiendommene vi selger inneholder et veldig h\u00f8yt kvalitetsniv\u00e5 p\u00e5 alle materialene som trengs for \u00e5 bygge husene. Vi vet hva kundene v\u00e5re forventer av nybygde hus, og vi er godt informert om hvor kundene [&hellip;]\" \/>\n<meta property=\"og:url\" content=\"https:\/\/5starpropertiesaltea.com\/no\/ny-konstruksjon\/\" \/>\n<meta property=\"og:site_name\" content=\"5 Star Properties Altea\" \/>\n<meta property=\"article:modified_time\" content=\"2020-10-09T08:06:16+00:00\" \/>\n<meta property=\"og:image\" content=\"https:\/\/5starpropertiesaltea.com\/wp-content\/uploads\/2020\/06\/picture-7-new-built-architects.jpg\" \/>\n\t<meta property=\"og:image:width\" content=\"1906\" \/>\n\t<meta property=\"og:image:height\" content=\"730\" \/>\n\t<meta property=\"og:image:type\" content=\"image\/jpeg\" \/>\n<meta name=\"twitter:card\" content=\"summary_large_image\" \/>\n<meta name=\"twitter:label1\" content=\"Ansl. lesetid\" \/>\n\t<meta name=\"twitter:data1\" content=\"4 minutter\" \/>\n<script type=\"application\/ld+json\" class=\"yoast-schema-graph\">{\"@context\":\"https:\\\/\\\/schema.org\",\"@graph\":[{\"@type\":\"WebPage\",\"@id\":\"https:\\\/\\\/5starpropertiesaltea.com\\\/no\\\/ny-konstruksjon\\\/\",\"url\":\"https:\\\/\\\/5starpropertiesaltea.com\\\/no\\\/ny-konstruksjon\\\/\",\"name\":\"Ny konstruksjon - 5 Star Properties Altea\",\"isPartOf\":{\"@id\":\"https:\\\/\\\/5starpropertiesaltea.com\\\/no\\\/#website\"},\"primaryImageOfPage\":{\"@id\":\"https:\\\/\\\/5starpropertiesaltea.com\\\/no\\\/ny-konstruksjon\\\/#primaryimage\"},\"image\":{\"@id\":\"https:\\\/\\\/5starpropertiesaltea.com\\\/no\\\/ny-konstruksjon\\\/#primaryimage\"},\"thumbnailUrl\":\"https:\\\/\\\/5starpropertiesaltea.com\\\/wp-content\\\/uploads\\\/2020\\\/06\\\/picture-7-new-built-architects.jpg\",\"datePublished\":\"2020-06-23T06:21:01+00:00\",\"dateModified\":\"2020-10-09T08:06:16+00:00\",\"breadcrumb\":{\"@id\":\"https:\\\/\\\/5starpropertiesaltea.com\\\/no\\\/ny-konstruksjon\\\/#breadcrumb\"},\"inLanguage\":\"nb-NO\",\"potentialAction\":[{\"@type\":\"ReadAction\",\"target\":[\"https:\\\/\\\/5starpropertiesaltea.com\\\/no\\\/ny-konstruksjon\\\/\"]}]},{\"@type\":\"ImageObject\",\"inLanguage\":\"nb-NO\",\"@id\":\"https:\\\/\\\/5starpropertiesaltea.com\\\/no\\\/ny-konstruksjon\\\/#primaryimage\",\"url\":\"https:\\\/\\\/5starpropertiesaltea.com\\\/wp-content\\\/uploads\\\/2020\\\/06\\\/picture-7-new-built-architects.jpg\",\"contentUrl\":\"https:\\\/\\\/5starpropertiesaltea.com\\\/wp-content\\\/uploads\\\/2020\\\/06\\\/picture-7-new-built-architects.jpg\",\"width\":1906,\"height\":730},{\"@type\":\"BreadcrumbList\",\"@id\":\"https:\\\/\\\/5starpropertiesaltea.com\\\/no\\\/ny-konstruksjon\\\/#breadcrumb\",\"itemListElement\":[{\"@type\":\"ListItem\",\"position\":1,\"name\":\"Home\",\"item\":\"https:\\\/\\\/5starpropertiesaltea.com\\\/no\\\/\"},{\"@type\":\"ListItem\",\"position\":2,\"name\":\"Ny konstruksjon\"}]},{\"@type\":\"WebSite\",\"@id\":\"https:\\\/\\\/5starpropertiesaltea.com\\\/no\\\/#website\",\"url\":\"https:\\\/\\\/5starpropertiesaltea.com\\\/no\\\/\",\"name\":\"5 Star Properties Altea\",\"description\":\"Buy real estate in the Altea region\",\"publisher\":{\"@id\":\"https:\\\/\\\/5starpropertiesaltea.com\\\/no\\\/#organization\"},\"potentialAction\":[{\"@type\":\"SearchAction\",\"target\":{\"@type\":\"EntryPoint\",\"urlTemplate\":\"https:\\\/\\\/5starpropertiesaltea.com\\\/no\\\/?s={search_term_string}\"},\"query-input\":{\"@type\":\"PropertyValueSpecification\",\"valueRequired\":true,\"valueName\":\"search_term_string\"}}],\"inLanguage\":\"nb-NO\"},{\"@type\":\"Organization\",\"@id\":\"https:\\\/\\\/5starpropertiesaltea.com\\\/no\\\/#organization\",\"name\":\"5 Star Properties Altea\",\"url\":\"https:\\\/\\\/5starpropertiesaltea.com\\\/no\\\/\",\"logo\":{\"@type\":\"ImageObject\",\"inLanguage\":\"nb-NO\",\"@id\":\"https:\\\/\\\/5starpropertiesaltea.com\\\/no\\\/#\\\/schema\\\/logo\\\/image\\\/\",\"url\":\"https:\\\/\\\/5starpropertiesaltea.com\\\/wp-content\\\/uploads\\\/2020\\\/10\\\/logo-5starpropertiesaltea-zwart.png\",\"contentUrl\":\"https:\\\/\\\/5starpropertiesaltea.com\\\/wp-content\\\/uploads\\\/2020\\\/10\\\/logo-5starpropertiesaltea-zwart.png\",\"width\":8623,\"height\":1064,\"caption\":\"5 Star Properties Altea\"},\"image\":{\"@id\":\"https:\\\/\\\/5starpropertiesaltea.com\\\/no\\\/#\\\/schema\\\/logo\\\/image\\\/\"}}]}<\/script>\n<!-- \/ Yoast SEO plugin. -->","yoast_head_json":{"title":"Ny konstruksjon - 5 Star Properties Altea","robots":{"index":"index","follow":"follow","max-snippet":"max-snippet:-1","max-image-preview":"max-image-preview:large","max-video-preview":"max-video-preview:-1"},"canonical":"https:\/\/5starpropertiesaltea.com\/no\/ny-konstruksjon\/","og_locale":"nb_NO","og_type":"article","og_title":"Ny konstruksjon - 5 Star Properties Altea","og_description":"NY KONSTRUKSJON Vi er spesialister p\u00e5 nybygde hus med moderne design og arkitektur. Hovedfokuset v\u00e5rt er \u00e5 sikre at de nybygde eiendommene vi selger inneholder et veldig h\u00f8yt kvalitetsniv\u00e5 p\u00e5 alle materialene som trengs for \u00e5 bygge husene. Vi vet hva kundene v\u00e5re forventer av nybygde hus, og vi er godt informert om hvor kundene [&hellip;]","og_url":"https:\/\/5starpropertiesaltea.com\/no\/ny-konstruksjon\/","og_site_name":"5 Star Properties Altea","article_modified_time":"2020-10-09T08:06:16+00:00","og_image":[{"width":1906,"height":730,"url":"https:\/\/5starpropertiesaltea.com\/wp-content\/uploads\/2020\/06\/picture-7-new-built-architects.jpg","type":"image\/jpeg"}],"twitter_card":"summary_large_image","twitter_misc":{"Ansl. lesetid":"4 minutter"},"schema":{"@context":"https:\/\/schema.org","@graph":[{"@type":"WebPage","@id":"https:\/\/5starpropertiesaltea.com\/no\/ny-konstruksjon\/","url":"https:\/\/5starpropertiesaltea.com\/no\/ny-konstruksjon\/","name":"Ny konstruksjon - 5 Star Properties Altea","isPartOf":{"@id":"https:\/\/5starpropertiesaltea.com\/no\/#website"},"primaryImageOfPage":{"@id":"https:\/\/5starpropertiesaltea.com\/no\/ny-konstruksjon\/#primaryimage"},"image":{"@id":"https:\/\/5starpropertiesaltea.com\/no\/ny-konstruksjon\/#primaryimage"},"thumbnailUrl":"https:\/\/5starpropertiesaltea.com\/wp-content\/uploads\/2020\/06\/picture-7-new-built-architects.jpg","datePublished":"2020-06-23T06:21:01+00:00","dateModified":"2020-10-09T08:06:16+00:00","breadcrumb":{"@id":"https:\/\/5starpropertiesaltea.com\/no\/ny-konstruksjon\/#breadcrumb"},"inLanguage":"nb-NO","potentialAction":[{"@type":"ReadAction","target":["https:\/\/5starpropertiesaltea.com\/no\/ny-konstruksjon\/"]}]},{"@type":"ImageObject","inLanguage":"nb-NO","@id":"https:\/\/5starpropertiesaltea.com\/no\/ny-konstruksjon\/#primaryimage","url":"https:\/\/5starpropertiesaltea.com\/wp-content\/uploads\/2020\/06\/picture-7-new-built-architects.jpg","contentUrl":"https:\/\/5starpropertiesaltea.com\/wp-content\/uploads\/2020\/06\/picture-7-new-built-architects.jpg","width":1906,"height":730},{"@type":"BreadcrumbList","@id":"https:\/\/5starpropertiesaltea.com\/no\/ny-konstruksjon\/#breadcrumb","itemListElement":[{"@type":"ListItem","position":1,"name":"Home","item":"https:\/\/5starpropertiesaltea.com\/no\/"},{"@type":"ListItem","position":2,"name":"Ny konstruksjon"}]},{"@type":"WebSite","@id":"https:\/\/5starpropertiesaltea.com\/no\/#website","url":"https:\/\/5starpropertiesaltea.com\/no\/","name":"5 Star Properties Altea","description":"Buy real estate in the Altea region","publisher":{"@id":"https:\/\/5starpropertiesaltea.com\/no\/#organization"},"potentialAction":[{"@type":"SearchAction","target":{"@type":"EntryPoint","urlTemplate":"https:\/\/5starpropertiesaltea.com\/no\/?s={search_term_string}"},"query-input":{"@type":"PropertyValueSpecification","valueRequired":true,"valueName":"search_term_string"}}],"inLanguage":"nb-NO"},{"@type":"Organization","@id":"https:\/\/5starpropertiesaltea.com\/no\/#organization","name":"5 Star Properties Altea","url":"https:\/\/5starpropertiesaltea.com\/no\/","logo":{"@type":"ImageObject","inLanguage":"nb-NO","@id":"https:\/\/5starpropertiesaltea.com\/no\/#\/schema\/logo\/image\/","url":"https:\/\/5starpropertiesaltea.com\/wp-content\/uploads\/2020\/10\/logo-5starpropertiesaltea-zwart.png","contentUrl":"https:\/\/5starpropertiesaltea.com\/wp-content\/uploads\/2020\/10\/logo-5starpropertiesaltea-zwart.png","width":8623,"height":1064,"caption":"5 Star Properties Altea"},"image":{"@id":"https:\/\/5starpropertiesaltea.com\/no\/#\/schema\/logo\/image\/"}}]}},"_links":{"self":[{"href":"https:\/\/5starpropertiesaltea.com\/no\/wp-json\/wp\/v2\/pages\/2937","targetHints":{"allow":["GET"]}}],"collection":[{"href":"https:\/\/5starpropertiesaltea.com\/no\/wp-json\/wp\/v2\/pages"}],"about":[{"href":"https:\/\/5starpropertiesaltea.com\/no\/wp-json\/wp\/v2\/types\/page"}],"author":[{"embeddable":true,"href":"https:\/\/5starpropertiesaltea.com\/no\/wp-json\/wp\/v2\/users\/1"}],"replies":[{"embeddable":true,"href":"https:\/\/5starpropertiesaltea.com\/no\/wp-json\/wp\/v2\/comments?post=2937"}],"version-history":[{"count":5,"href":"https:\/\/5starpropertiesaltea.com\/no\/wp-json\/wp\/v2\/pages\/2937\/revisions"}],"predecessor-version":[{"id":6011,"href":"https:\/\/5starpropertiesaltea.com\/no\/wp-json\/wp\/v2\/pages\/2937\/revisions\/6011"}],"wp:featuredmedia":[{"embeddable":true,"href":"https:\/\/5starpropertiesaltea.com\/no\/wp-json\/wp\/v2\/media\/2735"}],"wp:attachment":[{"href":"https:\/\/5starpropertiesaltea.com\/no\/wp-json\/wp\/v2\/media?parent=2937"}],"curies":[{"name":"wp","href":"https:\/\/api.w.org\/{rel}","templated":true}]}}