{"id":2462,"date":"2020-05-27T10:19:24","date_gmt":"2020-05-27T10:19:24","guid":{"rendered":"https:\/\/staging.5starpropertiesaltea.com\/liste-med-oss\/"},"modified":"2020-09-24T12:19:10","modified_gmt":"2020-09-24T12:19:10","slug":"liste-med-oss","status":"publish","type":"page","link":"https:\/\/5starpropertiesaltea.com\/no\/liste-med-oss\/","title":{"rendered":"Liste med oss"},"content":{"rendered":"<p>[et_pb_section fb_built=&raquo;1&#8243; _builder_version=&raquo;4.3.4&#8243; background_color=&raquo;rgba(0,0,0,0.03)&raquo; background_position=&raquo;top_center&raquo; custom_margin=&raquo;|||&raquo;][et_pb_row _builder_version=&raquo;3.25&#8243; custom_margin=&raquo;|||&raquo; locked=&raquo;off&raquo;][et_pb_column type=&raquo;4_4&#8243; _builder_version=&raquo;3.25&#8243; custom_padding=&raquo;|||&raquo; custom_padding__hover=&raquo;|||&raquo;][et_pb_text _builder_version=&raquo;4.5.7&#8243; text_font=&raquo;Lato||||||||&raquo; header_font=&raquo;||||||||&raquo; header_2_font_size=&raquo;42px&raquo; text_orientation=&raquo;center&raquo; locked=&raquo;off&raquo;]<\/p>\n<h1>LISTE MED OSS<\/h1>\n<p>&nbsp;<\/p>\n<div>\n<p align=\"center\"><span lang=\"EN-US\">Altea og Costa Blanca er v\u00e5r lidenskap og den vakre livskvaliteten i Middelhavet inspirerer oss hver dag til \u00e5 gj\u00f8re v\u00e5rt beste for kundene v\u00e5re og til \u00e5 m\u00f8te de h\u00f8ye kravene til oss selv. <\/span>Hele\u00a0<em>5\u00a0<\/em><strong>Star Properties Altea\u00a0<\/strong>-teamet tar gjerne dette ansvaret og er et eksempel.<\/p>\n<\/div>\n<div>\n<p align=\"center\">\n<\/div>\n<div>\n<p align=\"center\">\u00c5 velge riktig eiendomsmegler for \u00e5 selge boligen din er en av de viktigste beslutningene du vil ta. Det kan v\u00e6re forskjellen mellom at hjemmet ditt er p\u00e5 markedet i flere m\u00e5neder, eller \u00e5 selge raskt for hundrevis om ikke tusenvis av euro mer. Mange sp\u00f8rsm\u00e5l og bekymringer m\u00e5 avklares, og de profesjonelle r\u00e5dene og konsultasjonen du mottar kan utgj\u00f8re en enorm forskjell i resultatene. Design, timing og presentasjon, oppgradering og \/ eller ombygging, f\u00f8rsteklasses fotografering og videoer, internetteksponering.<\/p>\n<\/div>\n<div>\n<p align=\"center\">Markedsf\u00f8ring og reklame, \u00e5pent hus, iscenesettelse, m\u00e5ling av planl\u00f8sninger, inspeksjoner, eksponering f\u00f8r markedet, riktig prisfastsettelse, og flere titalls nyanser og forslag utgj\u00f8r alle forskjellen mellom fiasko og vellykket salg.<\/p>\n<\/div>\n<div>\n<p align=\"center\"><em>5\u00a0<\/em><strong>Star Properties Altea\u00a0<\/strong>konsernet er virkelig et fullservices meglerfirma og ikke bare en eiendomsmegler.\u00a0<strong>V\u00e5rt m\u00e5l er \u00e5 v\u00e6re det mest kundevennlige selskapet p\u00e5 Costa Blanca\u00a0<\/strong>. Med erfaring, empati og et velpr\u00f8vd resultat av suksess, vil vi ikke bare selge hjem, vi vil gi resultater for v\u00e5re kunder.<\/p>\n<\/div>\n<p>[\/et_pb_text][\/et_pb_column][\/et_pb_row][et_pb_row _builder_version=&raquo;4.3.4&#8243;][et_pb_column type=&raquo;4_4&#8243; _builder_version=&raquo;4.3.4&#8243;][et_pb_button button_url=&raquo;https:\/\/5starpropertiesaltea.com\/no\/selger\/&raquo; button_text=&raquo;VURDERING AV DITT HJEM&raquo; button_alignment=&raquo;center&raquo; _builder_version=&raquo;4.3.4&#8243;][\/et_pb_button][\/et_pb_column][\/et_pb_row][\/et_pb_section]<\/p>\n","protected":false},"excerpt":{"rendered":"<p>LISTE MED OSS &nbsp; Altea og Costa Blanca er v\u00e5r lidenskap og den vakre livskvaliteten i Middelhavet inspirerer oss hver dag til \u00e5 gj\u00f8re v\u00e5rt beste for kundene v\u00e5re og til \u00e5 m\u00f8te de h\u00f8ye kravene til oss selv. Hele\u00a05\u00a0Star Properties Altea\u00a0-teamet tar gjerne dette ansvaret og er et eksempel. \u00c5 velge riktig eiendomsmegler for [&hellip;]<\/p>\n","protected":false},"author":1,"featured_media":2682,"parent":0,"menu_order":0,"comment_status":"closed","ping_status":"closed","template":"","meta":{"_acf_changed":false,"_et_pb_use_builder":"on","_et_pb_old_content":"","_et_gb_content_width":"","footnotes":""},"class_list":["post-2462","page","type-page","status-publish","has-post-thumbnail","hentry"],"acf":[],"yoast_head":"<!-- This site is optimized with the Yoast SEO plugin v27.5 - https:\/\/yoast.com\/product\/yoast-seo-wordpress\/ -->\n<title>Liste med oss - 5 Star Properties Altea<\/title>\n<meta name=\"robots\" content=\"index, follow, max-snippet:-1, max-image-preview:large, max-video-preview:-1\" \/>\n<link rel=\"canonical\" href=\"https:\/\/5starpropertiesaltea.com\/no\/liste-med-oss\/\" \/>\n<meta property=\"og:locale\" content=\"nb_NO\" \/>\n<meta property=\"og:type\" content=\"article\" \/>\n<meta property=\"og:title\" content=\"Liste med oss - 5 Star Properties Altea\" \/>\n<meta property=\"og:description\" content=\"LISTE MED OSS &nbsp; Altea og Costa Blanca er v\u00e5r lidenskap og den vakre livskvaliteten i Middelhavet inspirerer oss hver dag til \u00e5 gj\u00f8re v\u00e5rt beste for kundene v\u00e5re og til \u00e5 m\u00f8te de h\u00f8ye kravene til oss selv. Hele\u00a05\u00a0Star Properties Altea\u00a0-teamet tar gjerne dette ansvaret og er et eksempel. \u00c5 velge riktig eiendomsmegler for [&hellip;]\" \/>\n<meta property=\"og:url\" content=\"https:\/\/5starpropertiesaltea.com\/no\/liste-med-oss\/\" \/>\n<meta property=\"og:site_name\" content=\"5 Star Properties Altea\" \/>\n<meta property=\"article:modified_time\" content=\"2020-09-24T12:19:10+00:00\" \/>\n<meta property=\"og:image\" content=\"https:\/\/5starpropertiesaltea.com\/wp-content\/uploads\/2020\/06\/Website-foto2.jpg\" \/>\n\t<meta property=\"og:image:width\" content=\"1504\" \/>\n\t<meta property=\"og:image:height\" content=\"1000\" \/>\n\t<meta property=\"og:image:type\" content=\"image\/jpeg\" \/>\n<meta name=\"twitter:card\" content=\"summary_large_image\" \/>\n<meta name=\"twitter:label1\" content=\"Ansl. lesetid\" \/>\n\t<meta name=\"twitter:data1\" content=\"2 minutter\" \/>\n<script type=\"application\/ld+json\" class=\"yoast-schema-graph\">{\"@context\":\"https:\\\/\\\/schema.org\",\"@graph\":[{\"@type\":\"WebPage\",\"@id\":\"https:\\\/\\\/5starpropertiesaltea.com\\\/no\\\/liste-med-oss\\\/\",\"url\":\"https:\\\/\\\/5starpropertiesaltea.com\\\/no\\\/liste-med-oss\\\/\",\"name\":\"Liste med oss - 5 Star Properties Altea\",\"isPartOf\":{\"@id\":\"https:\\\/\\\/5starpropertiesaltea.com\\\/no\\\/#website\"},\"primaryImageOfPage\":{\"@id\":\"https:\\\/\\\/5starpropertiesaltea.com\\\/no\\\/liste-med-oss\\\/#primaryimage\"},\"image\":{\"@id\":\"https:\\\/\\\/5starpropertiesaltea.com\\\/no\\\/liste-med-oss\\\/#primaryimage\"},\"thumbnailUrl\":\"https:\\\/\\\/5starpropertiesaltea.com\\\/wp-content\\\/uploads\\\/2020\\\/06\\\/Website-foto2.jpg\",\"datePublished\":\"2020-05-27T10:19:24+00:00\",\"dateModified\":\"2020-09-24T12:19:10+00:00\",\"breadcrumb\":{\"@id\":\"https:\\\/\\\/5starpropertiesaltea.com\\\/no\\\/liste-med-oss\\\/#breadcrumb\"},\"inLanguage\":\"nb-NO\",\"potentialAction\":[{\"@type\":\"ReadAction\",\"target\":[\"https:\\\/\\\/5starpropertiesaltea.com\\\/no\\\/liste-med-oss\\\/\"]}]},{\"@type\":\"ImageObject\",\"inLanguage\":\"nb-NO\",\"@id\":\"https:\\\/\\\/5starpropertiesaltea.com\\\/no\\\/liste-med-oss\\\/#primaryimage\",\"url\":\"https:\\\/\\\/5starpropertiesaltea.com\\\/wp-content\\\/uploads\\\/2020\\\/06\\\/Website-foto2.jpg\",\"contentUrl\":\"https:\\\/\\\/5starpropertiesaltea.com\\\/wp-content\\\/uploads\\\/2020\\\/06\\\/Website-foto2.jpg\",\"width\":1504,\"height\":1000},{\"@type\":\"BreadcrumbList\",\"@id\":\"https:\\\/\\\/5starpropertiesaltea.com\\\/no\\\/liste-med-oss\\\/#breadcrumb\",\"itemListElement\":[{\"@type\":\"ListItem\",\"position\":1,\"name\":\"Home\",\"item\":\"https:\\\/\\\/5starpropertiesaltea.com\\\/no\\\/\"},{\"@type\":\"ListItem\",\"position\":2,\"name\":\"Liste med oss\"}]},{\"@type\":\"WebSite\",\"@id\":\"https:\\\/\\\/5starpropertiesaltea.com\\\/no\\\/#website\",\"url\":\"https:\\\/\\\/5starpropertiesaltea.com\\\/no\\\/\",\"name\":\"5 Star Properties Altea\",\"description\":\"Buy real estate in the Altea region\",\"publisher\":{\"@id\":\"https:\\\/\\\/5starpropertiesaltea.com\\\/no\\\/#organization\"},\"potentialAction\":[{\"@type\":\"SearchAction\",\"target\":{\"@type\":\"EntryPoint\",\"urlTemplate\":\"https:\\\/\\\/5starpropertiesaltea.com\\\/no\\\/?s={search_term_string}\"},\"query-input\":{\"@type\":\"PropertyValueSpecification\",\"valueRequired\":true,\"valueName\":\"search_term_string\"}}],\"inLanguage\":\"nb-NO\"},{\"@type\":\"Organization\",\"@id\":\"https:\\\/\\\/5starpropertiesaltea.com\\\/no\\\/#organization\",\"name\":\"5 Star Properties Altea\",\"url\":\"https:\\\/\\\/5starpropertiesaltea.com\\\/no\\\/\",\"logo\":{\"@type\":\"ImageObject\",\"inLanguage\":\"nb-NO\",\"@id\":\"https:\\\/\\\/5starpropertiesaltea.com\\\/no\\\/#\\\/schema\\\/logo\\\/image\\\/\",\"url\":\"https:\\\/\\\/5starpropertiesaltea.com\\\/wp-content\\\/uploads\\\/2020\\\/10\\\/logo-5starpropertiesaltea-zwart.png\",\"contentUrl\":\"https:\\\/\\\/5starpropertiesaltea.com\\\/wp-content\\\/uploads\\\/2020\\\/10\\\/logo-5starpropertiesaltea-zwart.png\",\"width\":8623,\"height\":1064,\"caption\":\"5 Star Properties Altea\"},\"image\":{\"@id\":\"https:\\\/\\\/5starpropertiesaltea.com\\\/no\\\/#\\\/schema\\\/logo\\\/image\\\/\"}}]}<\/script>\n<!-- \/ Yoast SEO plugin. -->","yoast_head_json":{"title":"Liste med oss - 5 Star Properties Altea","robots":{"index":"index","follow":"follow","max-snippet":"max-snippet:-1","max-image-preview":"max-image-preview:large","max-video-preview":"max-video-preview:-1"},"canonical":"https:\/\/5starpropertiesaltea.com\/no\/liste-med-oss\/","og_locale":"nb_NO","og_type":"article","og_title":"Liste med oss - 5 Star Properties Altea","og_description":"LISTE MED OSS &nbsp; Altea og Costa Blanca er v\u00e5r lidenskap og den vakre livskvaliteten i Middelhavet inspirerer oss hver dag til \u00e5 gj\u00f8re v\u00e5rt beste for kundene v\u00e5re og til \u00e5 m\u00f8te de h\u00f8ye kravene til oss selv. Hele\u00a05\u00a0Star Properties Altea\u00a0-teamet tar gjerne dette ansvaret og er et eksempel. \u00c5 velge riktig eiendomsmegler for [&hellip;]","og_url":"https:\/\/5starpropertiesaltea.com\/no\/liste-med-oss\/","og_site_name":"5 Star Properties Altea","article_modified_time":"2020-09-24T12:19:10+00:00","og_image":[{"width":1504,"height":1000,"url":"https:\/\/5starpropertiesaltea.com\/wp-content\/uploads\/2020\/06\/Website-foto2.jpg","type":"image\/jpeg"}],"twitter_card":"summary_large_image","twitter_misc":{"Ansl. lesetid":"2 minutter"},"schema":{"@context":"https:\/\/schema.org","@graph":[{"@type":"WebPage","@id":"https:\/\/5starpropertiesaltea.com\/no\/liste-med-oss\/","url":"https:\/\/5starpropertiesaltea.com\/no\/liste-med-oss\/","name":"Liste med oss - 5 Star Properties Altea","isPartOf":{"@id":"https:\/\/5starpropertiesaltea.com\/no\/#website"},"primaryImageOfPage":{"@id":"https:\/\/5starpropertiesaltea.com\/no\/liste-med-oss\/#primaryimage"},"image":{"@id":"https:\/\/5starpropertiesaltea.com\/no\/liste-med-oss\/#primaryimage"},"thumbnailUrl":"https:\/\/5starpropertiesaltea.com\/wp-content\/uploads\/2020\/06\/Website-foto2.jpg","datePublished":"2020-05-27T10:19:24+00:00","dateModified":"2020-09-24T12:19:10+00:00","breadcrumb":{"@id":"https:\/\/5starpropertiesaltea.com\/no\/liste-med-oss\/#breadcrumb"},"inLanguage":"nb-NO","potentialAction":[{"@type":"ReadAction","target":["https:\/\/5starpropertiesaltea.com\/no\/liste-med-oss\/"]}]},{"@type":"ImageObject","inLanguage":"nb-NO","@id":"https:\/\/5starpropertiesaltea.com\/no\/liste-med-oss\/#primaryimage","url":"https:\/\/5starpropertiesaltea.com\/wp-content\/uploads\/2020\/06\/Website-foto2.jpg","contentUrl":"https:\/\/5starpropertiesaltea.com\/wp-content\/uploads\/2020\/06\/Website-foto2.jpg","width":1504,"height":1000},{"@type":"BreadcrumbList","@id":"https:\/\/5starpropertiesaltea.com\/no\/liste-med-oss\/#breadcrumb","itemListElement":[{"@type":"ListItem","position":1,"name":"Home","item":"https:\/\/5starpropertiesaltea.com\/no\/"},{"@type":"ListItem","position":2,"name":"Liste med oss"}]},{"@type":"WebSite","@id":"https:\/\/5starpropertiesaltea.com\/no\/#website","url":"https:\/\/5starpropertiesaltea.com\/no\/","name":"5 Star Properties Altea","description":"Buy real estate in the Altea region","publisher":{"@id":"https:\/\/5starpropertiesaltea.com\/no\/#organization"},"potentialAction":[{"@type":"SearchAction","target":{"@type":"EntryPoint","urlTemplate":"https:\/\/5starpropertiesaltea.com\/no\/?s={search_term_string}"},"query-input":{"@type":"PropertyValueSpecification","valueRequired":true,"valueName":"search_term_string"}}],"inLanguage":"nb-NO"},{"@type":"Organization","@id":"https:\/\/5starpropertiesaltea.com\/no\/#organization","name":"5 Star Properties Altea","url":"https:\/\/5starpropertiesaltea.com\/no\/","logo":{"@type":"ImageObject","inLanguage":"nb-NO","@id":"https:\/\/5starpropertiesaltea.com\/no\/#\/schema\/logo\/image\/","url":"https:\/\/5starpropertiesaltea.com\/wp-content\/uploads\/2020\/10\/logo-5starpropertiesaltea-zwart.png","contentUrl":"https:\/\/5starpropertiesaltea.com\/wp-content\/uploads\/2020\/10\/logo-5starpropertiesaltea-zwart.png","width":8623,"height":1064,"caption":"5 Star Properties Altea"},"image":{"@id":"https:\/\/5starpropertiesaltea.com\/no\/#\/schema\/logo\/image\/"}}]}},"_links":{"self":[{"href":"https:\/\/5starpropertiesaltea.com\/no\/wp-json\/wp\/v2\/pages\/2462","targetHints":{"allow":["GET"]}}],"collection":[{"href":"https:\/\/5starpropertiesaltea.com\/no\/wp-json\/wp\/v2\/pages"}],"about":[{"href":"https:\/\/5starpropertiesaltea.com\/no\/wp-json\/wp\/v2\/types\/page"}],"author":[{"embeddable":true,"href":"https:\/\/5starpropertiesaltea.com\/no\/wp-json\/wp\/v2\/users\/1"}],"replies":[{"embeddable":true,"href":"https:\/\/5starpropertiesaltea.com\/no\/wp-json\/wp\/v2\/comments?post=2462"}],"version-history":[{"count":5,"href":"https:\/\/5starpropertiesaltea.com\/no\/wp-json\/wp\/v2\/pages\/2462\/revisions"}],"predecessor-version":[{"id":5581,"href":"https:\/\/5starpropertiesaltea.com\/no\/wp-json\/wp\/v2\/pages\/2462\/revisions\/5581"}],"wp:featuredmedia":[{"embeddable":true,"href":"https:\/\/5starpropertiesaltea.com\/no\/wp-json\/wp\/v2\/media\/2682"}],"wp:attachment":[{"href":"https:\/\/5starpropertiesaltea.com\/no\/wp-json\/wp\/v2\/media?parent=2462"}],"curies":[{"name":"wp","href":"https:\/\/api.w.org\/{rel}","templated":true}]}}