{"id":4879,"date":"2020-08-26T06:44:58","date_gmt":"2020-08-26T06:44:58","guid":{"rendered":"https:\/\/staging.5starpropertiesaltea.com\/ce-que-nos-clients-disent\/"},"modified":"2022-11-03T12:26:55","modified_gmt":"2022-11-03T12:26:55","slug":"ce-que-nos-clients-disent","status":"publish","type":"page","link":"https:\/\/5starpropertiesaltea.com\/fr\/ce-que-nos-clients-disent\/","title":{"rendered":"Ce que nos clients disent"},"content":{"rendered":"<p>[et_pb_section fb_built=\u00a0\u00bb1&Prime; _builder_version=\u00a0\u00bb4.16&Prime; _module_preset=\u00a0\u00bbdefault\u00a0\u00bb use_background_color_gradient=\u00a0\u00bbon\u00a0\u00bb background_color_gradient_stops=\u00a0\u00bbrgba(255,255,255,0.99) 0%|rgba(255,255,255,0.99) 100%\u00a0\u00bb background_color_gradient_overlays_image=\u00a0\u00bbon\u00a0\u00bb background_color_gradient_start=\u00a0\u00bbrgba(255,255,255,0.99)\u00a0\u00bb background_color_gradient_end=\u00a0\u00bbrgba(255,255,255,0.99)\u00a0\u00bb background_image=\u00a0\u00bbhttps:\/\/5starpropertiesaltea.com\/wp-content\/uploads\/2020\/05\/Spain.jpeg\u00a0\u00bb custom_padding=\u00a0\u00bb0px||0px|||\u00a0\u00bb global_colors_info=\u00a0\u00bb{}\u00a0\u00bb][et_pb_row column_structure=\u00a0\u00bb3_5,2_5&Prime; _builder_version=\u00a0\u00bb4.16&Prime; _module_preset=\u00a0\u00bbdefault\u00a0\u00bb background_color=\u00a0\u00bb#ffffff\u00a0\u00bb custom_margin=\u00a0\u00bb||||false|false\u00a0\u00bb custom_padding=\u00a0\u00bb3vw|2vw|1vw|2vw|false|true\u00a0\u00bb global_colors_info=\u00a0\u00bb{}\u00a0\u00bb][et_pb_column type=\u00a0\u00bb3_5&Prime; _builder_version=\u00a0\u00bb4.16&Prime; _module_preset=\u00a0\u00bbdefault\u00a0\u00bb global_colors_info=\u00a0\u00bb{}\u00a0\u00bb][et_pb_text _builder_version=\u00a0\u00bb4.16&Prime; _module_preset=\u00a0\u00bbdefault\u00a0\u00bb header_font_size=\u00a0\u00bb5rem\u00a0\u00bb header_2_font_size=\u00a0\u00bb3rem\u00a0\u00bb global_colors_info=\u00a0\u00bb{}\u00a0\u00bb]<\/p>\n<h1>CE QUE NOS<\/h1>\n<h2 style=\"color: #ef344d;\">CLIENTS DISENT<\/h2>\n<p>[\/et_pb_text][\/et_pb_column][et_pb_column type=\u00a0\u00bb2_5&Prime; _builder_version=\u00a0\u00bb4.16&Prime; _module_preset=\u00a0\u00bbdefault\u00a0\u00bb global_colors_info=\u00a0\u00bb{}\u00a0\u00bb][et_pb_text _builder_version=\u00a0\u00bb4.16&Prime; _module_preset=\u00a0\u00bbdefault\u00a0\u00bb custom_margin=\u00a0\u00bb1vw||10px||false|false\u00a0\u00bb custom_padding=\u00a0\u00bb||||false|false\u00a0\u00bb global_colors_info=\u00a0\u00bb{}\u00a0\u00bb]<\/p>\n<p>Largement appr\u00e9ci\u00e9 par de nombreux clients. Nous esp\u00e9rons \u00eatre l&rsquo;entreprise la plus conviviale de la Costa Blanca. Lisez ce que nos clients disent de nous.<\/p>\n<p>[\/et_pb_text][\/et_pb_column][\/et_pb_row][et_pb_row _builder_version=\u00a0\u00bb4.16&Prime; _module_preset=\u00a0\u00bbdefault\u00a0\u00bb global_colors_info=\u00a0\u00bb{}\u00a0\u00bb][et_pb_column type=\u00a0\u00bb4_4&Prime; _builder_version=\u00a0\u00bb4.16&Prime; _module_preset=\u00a0\u00bbdefault\u00a0\u00bb global_colors_info=\u00a0\u00bb{}\u00a0\u00bb][et_pb_divider _builder_version=\u00a0\u00bb4.16&Prime; _module_preset=\u00a0\u00bbdefault\u00a0\u00bb global_colors_info=\u00a0\u00bb{}\u00a0\u00bb][\/et_pb_divider][\/et_pb_column][\/et_pb_row][et_pb_row _builder_version=\u00a0\u00bb4.16&Prime; _module_preset=\u00a0\u00bbdefault\u00a0\u00bb background_color=\u00a0\u00bb#ffffff\u00a0\u00bb global_colors_info=\u00a0\u00bb{}\u00a0\u00bb][et_pb_column type=\u00a0\u00bb4_4&Prime; _builder_version=\u00a0\u00bb4.16&Prime; _module_preset=\u00a0\u00bbdefault\u00a0\u00bb global_colors_info=\u00a0\u00bb{}\u00a0\u00bb][et_pb_code _builder_version=\u00a0\u00bb4.18.1&Prime; _module_preset=\u00a0\u00bbdefault\u00a0\u00bb hover_enabled=\u00a0\u00bb0&Prime; global_colors_info=\u00a0\u00bb{}\u00a0\u00bb sticky_enabled=\u00a0\u00bb0&Prime;]<style>#wprev-slider-1 .wprev_preview_bradius_T1 {border-radius: 5px;}#wprev-slider-1 .wprev_preview_bg1_T1::after{ border-top: 30px solid ; }<\/style><style><\/style><div class=\"wprev-no-slider revnotsameheight\" id=\"wprev-slider-1\">\t\t<div class=\"wprevpro_t1_outer_div w3_wprs-row-padding\">\r\n\t\t\t\t<div class=\"wprevpro_t1_DIV_1 w3_wprs-col l4\">\r\n\t\t\t<div class=\"indrevdiv wprevpro_t1_DIV_2 wprev_preview_bg1_T1 wprev_preview_tcolor1_T1 wprev_preview_bradius_T1\">\r\n\t\t\t\t<p class=\"wprevpro_t1_P_3 wprev_preview_tcolor1_T1\">\r\n\t\t\t\t\t<span class=\"wprevpro_star_imgs_T1\"><span class=\"starloc1 wprevpro_star_imgs wprevpro_star_imgsloc1\"><span class=\"svgicons svg-wprsp-star\"><\/span><span class=\"svgicons svg-wprsp-star\"><\/span><span class=\"svgicons svg-wprsp-star\"><\/span><span class=\"svgicons svg-wprsp-star\"><\/span><span class=\"svgicons svg-wprsp-star\"><\/span><\/span><\/span><span class=\"verifiedloc1 wprevpro_verified_svg wprevtooltip\" data-wprevtooltip=\"Verified on Google\"><span class=\"svgicons svg-wprsp-verified\"><\/span><\/span>Aussergew\u00f6hnlich guter Service. Korrekter Umgang, schnelle Abwicklung. Heute Rechnung geschickt und sofort \u00dcberweisung empfangen. Mit dieser Agentur arbeiten wir gerne zusammen \ud83d\ude42  1A oder 5 Sterne!!!\t\t\t\t<\/p>\r\n\t\t\t\t\t\t\t\t\t\t\t<\/div><span class=\"wprevpro_t1_A_8\"><img decoding=\"async\" src=\"https:\/\/lh3.googleusercontent.com\/a-\/ACNPEu9lr02yABDArtJ5RxUX1deCsttqmqardLGzP9ck=s40-c-c0x00000000-cc-rp-mo-br100\" alt=\"Business Translations Europe Avatar\" class=\"wprevpro_t1_IMG_4\" loading=\"lazy\" \/><\/span> <span class=\"wprevpro_t1_SPAN_5 wprev_preview_tcolor2_T1\">Business Translations Europe<br\/><span class=\"wprev_showdate_T1\">3 d\u00e9cembre 2021<\/span> <\/span>\r\n\t\t<\/div>\r\n\t\t\t<div class=\"wprevpro_t1_DIV_1 w3_wprs-col l4\">\r\n\t\t\t<div class=\"indrevdiv wprevpro_t1_DIV_2 wprev_preview_bg1_T1 wprev_preview_tcolor1_T1 wprev_preview_bradius_T1\">\r\n\t\t\t\t<p class=\"wprevpro_t1_P_3 wprev_preview_tcolor1_T1\">\r\n\t\t\t\t\t<span class=\"wprevpro_star_imgs_T1\"><span class=\"starloc1 wprevpro_star_imgs wprevpro_star_imgsloc1\"><span class=\"svgicons svg-wprsp-star\"><\/span><span class=\"svgicons svg-wprsp-star\"><\/span><span class=\"svgicons svg-wprsp-star\"><\/span><span class=\"svgicons svg-wprsp-star\"><\/span><span class=\"svgicons svg-wprsp-star\"><\/span><\/span><\/span><span class=\"verifiedloc1 wprevpro_verified_svg wprevtooltip\" data-wprevtooltip=\"Verified on Google\"><span class=\"svgicons svg-wprsp-verified\"><\/span><\/span>Gabriella es una magn\u00edfica persona que nos ha atendido a mi mujer y a m\u00ed de forma muy profesional y con rapidez. Nos ense\u00f1\u00f3 las casas que m\u00e1s se acercaban a lo que le ped\u00edamos y acert\u00f3 de lleno. Nos ha ahorrado mucho dinero y tiempo en el proceso. Gracias Gabriella, gracias 5 Star.\t\t\t\t<\/p>\r\n\t\t\t\t\t\t\t\t\t\t\t<\/div><span class=\"wprevpro_t1_A_8\"><img decoding=\"async\" src=\"https:\/\/lh3.googleusercontent.com\/a-\/ACNPEu8w3qVRmNGl-od5bPN_2jnI0vQykFzQEjvlF6eVrts=s40-c-c0x00000000-cc-rp-mo-ba3-br100\" alt=\"Stefan Santana Avatar\" class=\"wprevpro_t1_IMG_4\" loading=\"lazy\" \/><\/span> <span class=\"wprevpro_t1_SPAN_5 wprev_preview_tcolor2_T1\">Stefan Santana<br\/><span class=\"wprev_showdate_T1\">3 f\u00e9vrier 2022<\/span> <\/span>\r\n\t\t<\/div>\r\n\t\t\t<div class=\"wprevpro_t1_DIV_1 w3_wprs-col l4\">\r\n\t\t\t<div class=\"indrevdiv wprevpro_t1_DIV_2 wprev_preview_bg1_T1 wprev_preview_tcolor1_T1 wprev_preview_bradius_T1\">\r\n\t\t\t\t<p class=\"wprevpro_t1_P_3 wprev_preview_tcolor1_T1\">\r\n\t\t\t\t\t<span class=\"wprevpro_star_imgs_T1\"><span class=\"starloc1 wprevpro_star_imgs wprevpro_star_imgsloc1\"><span class=\"svgicons svg-wprsp-star\"><\/span><span class=\"svgicons svg-wprsp-star\"><\/span><span class=\"svgicons svg-wprsp-star\"><\/span><span class=\"svgicons svg-wprsp-star\"><\/span><span class=\"svgicons svg-wprsp-star\"><\/span><\/span><\/span><span class=\"verifiedloc1 wprevpro_verified_svg wprevtooltip\" data-wprevtooltip=\"Verified on Google\"><span class=\"svgicons svg-wprsp-verified\"><\/span><\/span>Wij hebben een prachtig huis gekocht dankzij 5 Star Properties Altea, top service!!\t\t\t\t<\/p>\r\n\t\t\t\t\t\t\t\t\t\t\t<\/div><span class=\"wprevpro_t1_A_8\"><img decoding=\"async\" src=\"https:\/\/lh3.googleusercontent.com\/a\/ALm5wu3bOLI0hFPNJDDc9iOpGDOHULXByvDI8qws39Js=s40-c-c0x00000000-cc-rp-mo-br100\" alt=\"Marco Huijbrechts Avatar\" class=\"wprevpro_t1_IMG_4\" loading=\"lazy\" \/><\/span> <span class=\"wprevpro_t1_SPAN_5 wprev_preview_tcolor2_T1\">Marco Huijbrechts<br\/><span class=\"wprev_showdate_T1\">3 f\u00e9vrier 2022<\/span> <\/span>\r\n\t\t<\/div>\r\n\t\t<\/div>\r\n<\/div>\r\n[\/et_pb_code][\/et_pb_column][\/et_pb_row][et_pb_row _builder_version=\u00a0\u00bb4.16&Prime; _module_preset=\u00a0\u00bbdefault\u00a0\u00bb background_color=\u00a0\u00bb#ffffff\u00a0\u00bb global_colors_info=\u00a0\u00bb{}\u00a0\u00bb][et_pb_column type=\u00a0\u00bb4_4&Prime; _builder_version=\u00a0\u00bb4.16&Prime; _module_preset=\u00a0\u00bbdefault\u00a0\u00bb global_colors_info=\u00a0\u00bb{}\u00a0\u00bb][et_pb_text _builder_version=\u00a0\u00bb4.16&Prime; _module_preset=\u00a0\u00bbdefault\u00a0\u00bb background_enable_color=\u00a0\u00bboff\u00a0\u00bb global_colors_info=\u00a0\u00bb{}\u00a0\u00bb][\/et_pb_text][\/et_pb_column][\/et_pb_row][\/et_pb_section]<\/p>\n","protected":false},"excerpt":{"rendered":"<p>CE QUE NOS CLIENTS DISENTLargement appr\u00e9ci\u00e9 par de nombreux clients. Nous esp\u00e9rons \u00eatre l&rsquo;entreprise la plus conviviale de la Costa Blanca. Lisez ce que nos clients disent de nous.<style>#wprev-slider-1 .wprev_preview_bradius_T1 {border-radius: 5px;}#wprev-slider-1 .wprev_preview_bg1_T1::after{ border-top: 30px solid ; }<\/style><style><\/style><div class=\"wprev-no-slider revnotsameheight\" id=\"wprev-slider-1\">\t\t<div class=\"wprevpro_t1_outer_div w3_wprs-row-padding\">\r\n\t\t\t\t<div class=\"wprevpro_t1_DIV_1 w3_wprs-col l4\">\r\n\t\t\t<div class=\"indrevdiv wprevpro_t1_DIV_2 wprev_preview_bg1_T1 wprev_preview_tcolor1_T1 wprev_preview_bradius_T1\">\r\n\t\t\t\t<p class=\"wprevpro_t1_P_3 wprev_preview_tcolor1_T1\">\r\n\t\t\t\t\t<span class=\"wprevpro_star_imgs_T1\"><span class=\"starloc1 wprevpro_star_imgs wprevpro_star_imgsloc1\"><span class=\"svgicons svg-wprsp-star\"><\/span><span class=\"svgicons svg-wprsp-star\"><\/span><span class=\"svgicons svg-wprsp-star\"><\/span><span class=\"svgicons svg-wprsp-star\"><\/span><span class=\"svgicons svg-wprsp-star\"><\/span><\/span><\/span><span class=\"verifiedloc1 wprevpro_verified_svg wprevtooltip\" data-wprevtooltip=\"Verified on Google\"><span class=\"svgicons svg-wprsp-verified\"><\/span><\/span>100% Professioneller Service. Empfehlenswert.\t\t\t\t<\/p>\r\n\t\t\t\t\t\t\t\t\t\t\t<\/div><span class=\"wprevpro_t1_A_8\"><img decoding=\"async\" src=\"https:\/\/lh3.googleusercontent.com\/a\/ALm5wu3aiBvAPSRwUf1iFRrxsP5h2rt3yNASiU1GBJT_=s40-c-c0x00000000-cc-rp-mo-br100\" alt=\"melanie boldt Avatar\" class=\"wprevpro_t1_IMG_4\" loading=\"lazy\" \/><\/span> <span class=\"wprevpro_t1_SPAN_5 wprev_preview_tcolor2_T1\">melanie boldt<br\/><span class=\"wprev_showdate_T1\">3 f\u00e9vrier 2022<\/span> <\/span>\r\n\t\t<\/div>\r\n\t\t\t<div class=\"wprevpro_t1_DIV_1 w3_wprs-col l4\">\r\n\t\t\t<div class=\"indrevdiv wprevpro_t1_DIV_2 wprev_preview_bg1_T1 wprev_preview_tcolor1_T1 wprev_preview_bradius_T1\">\r\n\t\t\t\t<p class=\"wprevpro_t1_P_3 wprev_preview_tcolor1_T1\">\r\n\t\t\t\t\t<span class=\"wprevpro_star_imgs_T1\"><span class=\"starloc1 wprevpro_star_imgs wprevpro_star_imgsloc1\"><span class=\"svgicons svg-wprsp-star\"><\/span><span class=\"svgicons svg-wprsp-star-o\"><\/span><span class=\"svgicons svg-wprsp-star-o\"><\/span><span class=\"svgicons svg-wprsp-star-o\"><\/span><span class=\"svgicons svg-wprsp-star-o\"><\/span><\/span><\/span><span class=\"verifiedloc1 wprevpro_verified_svg wprevtooltip\" data-wprevtooltip=\"Verified on Google\"><span class=\"svgicons svg-wprsp-verified\"><\/span><\/span>We visited a house in Calpe and this agency has hidden lots of legal issues\u2026 while pushing for signing the contract! fortunately our lawyer made investigations and we find out that the house wasn\u2019t legally ok\u2026  You answer is quite surprising and your suspicion on  my lawyer are very low level \u2026 that\u2019s easy indeed to mitigate a lack of knowledge on the products you are proposing by transferring the mistake on a very good professional. By the way, you mention only the rules of the municipality\u2026 and you forget (on purpose?) to mention that the house is not respecting the law and has some illegal construction (outdoor kitchen for instance)\u2026 It is just impossible to build some extension \u2026. And on the advert, it is mentioned that we can build next extension\u2026 which is totally wrong and illegal\u2026 This house has been for sale for a while and is still\u2026 maybe the seller should change the agency? You mention my name on your answer\u2026 fair enough\u2026 thanks a lot Gabriella.\t\t\t\t<\/p>\r\n\t\t\t\t\t\t\t\t\t\t\t<\/div><span class=\"wprevpro_t1_A_8\"><img decoding=\"async\" src=\"https:\/\/lh3.googleusercontent.com\/a\/ALm5wu3AJKELfaHdTUZ-aelRZAxDt0XCNkWL1n5xmmRG=s40-c-c0x00000000-cc-rp-mo-br100\" alt=\"ced french Avatar\" class=\"wprevpro_t1_IMG_4\" loading=\"lazy\" \/><\/span> <span class=\"wprevpro_t1_SPAN_5 wprev_preview_tcolor2_T1\">ced french<br\/><span class=\"wprev_showdate_T1\">3 janvier 2022<\/span> <\/span>\r\n\t\t<\/div>\r\n\t\t\t<div class=\"wprevpro_t1_DIV_1 w3_wprs-col l4\">\r\n\t\t\t<div class=\"indrevdiv wprevpro_t1_DIV_2 wprev_preview_bg1_T1 wprev_preview_tcolor1_T1 wprev_preview_bradius_T1\">\r\n\t\t\t\t<p class=\"wprevpro_t1_P_3 wprev_preview_tcolor1_T1\">\r\n\t\t\t\t\t<span class=\"wprevpro_star_imgs_T1\"><span class=\"starloc1 wprevpro_star_imgs wprevpro_star_imgsloc1\"><span class=\"svgicons svg-wprsp-star\"><\/span><span class=\"svgicons svg-wprsp-star\"><\/span><span class=\"svgicons svg-wprsp-star\"><\/span><span class=\"svgicons svg-wprsp-star\"><\/span><span class=\"svgicons svg-wprsp-star\"><\/span><\/span><\/span><span class=\"verifiedloc1 wprevpro_verified_svg wprevtooltip\" data-wprevtooltip=\"Verified on Google\"><span class=\"svgicons svg-wprsp-verified\"><\/span><\/span>Wij hebben een prachtig huis gekocht dankzij 5 Star Properties Altea, top service!!\t\t\t\t<\/p>\r\n\t\t\t\t\t\t\t\t\t\t\t<\/div><span class=\"wprevpro_t1_A_8\"><img decoding=\"async\" src=\"https:\/\/lh3.googleusercontent.com\/a\/ALm5wu3bOLI0hFPNJDDc9iOpGDOHULXByvDI8qws39Js=s40-c-c0x00000000-cc-rp-mo-br100\" alt=\"Marco Huijbrechts Avatar\" class=\"wprevpro_t1_IMG_4\" loading=\"lazy\" \/><\/span> <span class=\"wprevpro_t1_SPAN_5 wprev_preview_tcolor2_T1\">Marco Huijbrechts<br\/><span class=\"wprev_showdate_T1\">3 f\u00e9vrier 2022<\/span> <\/span>\r\n\t\t<\/div>\r\n\t\t<\/div>\r\n<\/div>\r\n<\/p>\n","protected":false},"author":1,"featured_media":4868,"parent":0,"menu_order":0,"comment_status":"closed","ping_status":"closed","template":"","meta":{"_acf_changed":false,"_et_pb_use_builder":"on","_et_pb_old_content":"","_et_gb_content_width":"","footnotes":""},"class_list":["post-4879","page","type-page","status-publish","has-post-thumbnail","hentry"],"acf":[],"yoast_head":"<!-- This site is optimized with the Yoast SEO plugin v27.4 - https:\/\/yoast.com\/product\/yoast-seo-wordpress\/ -->\n<title>Ce que nos clients disent - 5 Star Properties Altea<\/title>\n<meta name=\"robots\" content=\"index, follow, max-snippet:-1, max-image-preview:large, max-video-preview:-1\" \/>\n<link rel=\"canonical\" href=\"https:\/\/5starpropertiesaltea.com\/fr\/ce-que-nos-clients-disent\/\" \/>\n<meta property=\"og:locale\" content=\"fr_FR\" \/>\n<meta property=\"og:type\" content=\"article\" \/>\n<meta property=\"og:title\" content=\"Ce que nos clients disent - 5 Star Properties Altea\" \/>\n<meta property=\"og:description\" content=\"CE QUE NOS CLIENTS DISENTLargement appr\u00e9ci\u00e9 par de nombreux clients. Nous esp\u00e9rons \u00eatre l&#039;entreprise la plus conviviale de la Costa Blanca. Lisez ce que nos clients disent de nous.\" \/>\n<meta property=\"og:url\" content=\"https:\/\/5starpropertiesaltea.com\/fr\/ce-que-nos-clients-disent\/\" \/>\n<meta property=\"og:site_name\" content=\"5 Star Properties Altea\" \/>\n<meta property=\"article:modified_time\" content=\"2022-11-03T12:26:55+00:00\" \/>\n<meta property=\"og:image\" content=\"https:\/\/5starpropertiesaltea.com\/wp-content\/uploads\/2020\/09\/businesscard.jpg\" \/>\n\t<meta property=\"og:image:width\" content=\"1512\" \/>\n\t<meta property=\"og:image:height\" content=\"2016\" \/>\n\t<meta property=\"og:image:type\" content=\"image\/jpeg\" \/>\n<meta name=\"twitter:card\" content=\"summary_large_image\" \/>\n<meta name=\"twitter:label1\" content=\"Dur\u00e9e de lecture estim\u00e9e\" \/>\n\t<meta name=\"twitter:data1\" content=\"2 minutes\" \/>\n<script type=\"application\/ld+json\" class=\"yoast-schema-graph\">{\"@context\":\"https:\\\/\\\/schema.org\",\"@graph\":[{\"@type\":\"WebPage\",\"@id\":\"https:\\\/\\\/5starpropertiesaltea.com\\\/fr\\\/ce-que-nos-clients-disent\\\/\",\"url\":\"https:\\\/\\\/5starpropertiesaltea.com\\\/fr\\\/ce-que-nos-clients-disent\\\/\",\"name\":\"Ce que nos clients disent - 5 Star Properties Altea\",\"isPartOf\":{\"@id\":\"https:\\\/\\\/5starpropertiesaltea.com\\\/fr\\\/#website\"},\"primaryImageOfPage\":{\"@id\":\"https:\\\/\\\/5starpropertiesaltea.com\\\/fr\\\/ce-que-nos-clients-disent\\\/#primaryimage\"},\"image\":{\"@id\":\"https:\\\/\\\/5starpropertiesaltea.com\\\/fr\\\/ce-que-nos-clients-disent\\\/#primaryimage\"},\"thumbnailUrl\":\"https:\\\/\\\/5starpropertiesaltea.com\\\/wp-content\\\/uploads\\\/2020\\\/09\\\/businesscard.jpg\",\"datePublished\":\"2020-08-26T06:44:58+00:00\",\"dateModified\":\"2022-11-03T12:26:55+00:00\",\"breadcrumb\":{\"@id\":\"https:\\\/\\\/5starpropertiesaltea.com\\\/fr\\\/ce-que-nos-clients-disent\\\/#breadcrumb\"},\"inLanguage\":\"fr-FR\",\"potentialAction\":[{\"@type\":\"ReadAction\",\"target\":[\"https:\\\/\\\/5starpropertiesaltea.com\\\/fr\\\/ce-que-nos-clients-disent\\\/\"]}]},{\"@type\":\"ImageObject\",\"inLanguage\":\"fr-FR\",\"@id\":\"https:\\\/\\\/5starpropertiesaltea.com\\\/fr\\\/ce-que-nos-clients-disent\\\/#primaryimage\",\"url\":\"https:\\\/\\\/5starpropertiesaltea.com\\\/wp-content\\\/uploads\\\/2020\\\/09\\\/businesscard.jpg\",\"contentUrl\":\"https:\\\/\\\/5starpropertiesaltea.com\\\/wp-content\\\/uploads\\\/2020\\\/09\\\/businesscard.jpg\",\"width\":1512,\"height\":2016},{\"@type\":\"BreadcrumbList\",\"@id\":\"https:\\\/\\\/5starpropertiesaltea.com\\\/fr\\\/ce-que-nos-clients-disent\\\/#breadcrumb\",\"itemListElement\":[{\"@type\":\"ListItem\",\"position\":1,\"name\":\"Home\",\"item\":\"https:\\\/\\\/5starpropertiesaltea.com\\\/fr\\\/\"},{\"@type\":\"ListItem\",\"position\":2,\"name\":\"Ce que nos clients disent\"}]},{\"@type\":\"WebSite\",\"@id\":\"https:\\\/\\\/5starpropertiesaltea.com\\\/fr\\\/#website\",\"url\":\"https:\\\/\\\/5starpropertiesaltea.com\\\/fr\\\/\",\"name\":\"5 Star Properties Altea\",\"description\":\"Buy real estate in the Altea region\",\"publisher\":{\"@id\":\"https:\\\/\\\/5starpropertiesaltea.com\\\/fr\\\/#organization\"},\"potentialAction\":[{\"@type\":\"SearchAction\",\"target\":{\"@type\":\"EntryPoint\",\"urlTemplate\":\"https:\\\/\\\/5starpropertiesaltea.com\\\/fr\\\/?s={search_term_string}\"},\"query-input\":{\"@type\":\"PropertyValueSpecification\",\"valueRequired\":true,\"valueName\":\"search_term_string\"}}],\"inLanguage\":\"fr-FR\"},{\"@type\":\"Organization\",\"@id\":\"https:\\\/\\\/5starpropertiesaltea.com\\\/fr\\\/#organization\",\"name\":\"5 Star Properties Altea\",\"url\":\"https:\\\/\\\/5starpropertiesaltea.com\\\/fr\\\/\",\"logo\":{\"@type\":\"ImageObject\",\"inLanguage\":\"fr-FR\",\"@id\":\"https:\\\/\\\/5starpropertiesaltea.com\\\/fr\\\/#\\\/schema\\\/logo\\\/image\\\/\",\"url\":\"https:\\\/\\\/5starpropertiesaltea.com\\\/wp-content\\\/uploads\\\/2020\\\/10\\\/logo-5starpropertiesaltea-zwart.png\",\"contentUrl\":\"https:\\\/\\\/5starpropertiesaltea.com\\\/wp-content\\\/uploads\\\/2020\\\/10\\\/logo-5starpropertiesaltea-zwart.png\",\"width\":8623,\"height\":1064,\"caption\":\"5 Star Properties Altea\"},\"image\":{\"@id\":\"https:\\\/\\\/5starpropertiesaltea.com\\\/fr\\\/#\\\/schema\\\/logo\\\/image\\\/\"}}]}<\/script>\n<!-- \/ Yoast SEO plugin. -->","yoast_head_json":{"title":"Ce que nos clients disent - 5 Star Properties Altea","robots":{"index":"index","follow":"follow","max-snippet":"max-snippet:-1","max-image-preview":"max-image-preview:large","max-video-preview":"max-video-preview:-1"},"canonical":"https:\/\/5starpropertiesaltea.com\/fr\/ce-que-nos-clients-disent\/","og_locale":"fr_FR","og_type":"article","og_title":"Ce que nos clients disent - 5 Star Properties Altea","og_description":"CE QUE NOS CLIENTS DISENTLargement appr\u00e9ci\u00e9 par de nombreux clients. Nous esp\u00e9rons \u00eatre l'entreprise la plus conviviale de la Costa Blanca. Lisez ce que nos clients disent de nous.","og_url":"https:\/\/5starpropertiesaltea.com\/fr\/ce-que-nos-clients-disent\/","og_site_name":"5 Star Properties Altea","article_modified_time":"2022-11-03T12:26:55+00:00","og_image":[{"width":1512,"height":2016,"url":"https:\/\/5starpropertiesaltea.com\/wp-content\/uploads\/2020\/09\/businesscard.jpg","type":"image\/jpeg"}],"twitter_card":"summary_large_image","twitter_misc":{"Dur\u00e9e de lecture estim\u00e9e":"2 minutes"},"schema":{"@context":"https:\/\/schema.org","@graph":[{"@type":"WebPage","@id":"https:\/\/5starpropertiesaltea.com\/fr\/ce-que-nos-clients-disent\/","url":"https:\/\/5starpropertiesaltea.com\/fr\/ce-que-nos-clients-disent\/","name":"Ce que nos clients disent - 5 Star Properties Altea","isPartOf":{"@id":"https:\/\/5starpropertiesaltea.com\/fr\/#website"},"primaryImageOfPage":{"@id":"https:\/\/5starpropertiesaltea.com\/fr\/ce-que-nos-clients-disent\/#primaryimage"},"image":{"@id":"https:\/\/5starpropertiesaltea.com\/fr\/ce-que-nos-clients-disent\/#primaryimage"},"thumbnailUrl":"https:\/\/5starpropertiesaltea.com\/wp-content\/uploads\/2020\/09\/businesscard.jpg","datePublished":"2020-08-26T06:44:58+00:00","dateModified":"2022-11-03T12:26:55+00:00","breadcrumb":{"@id":"https:\/\/5starpropertiesaltea.com\/fr\/ce-que-nos-clients-disent\/#breadcrumb"},"inLanguage":"fr-FR","potentialAction":[{"@type":"ReadAction","target":["https:\/\/5starpropertiesaltea.com\/fr\/ce-que-nos-clients-disent\/"]}]},{"@type":"ImageObject","inLanguage":"fr-FR","@id":"https:\/\/5starpropertiesaltea.com\/fr\/ce-que-nos-clients-disent\/#primaryimage","url":"https:\/\/5starpropertiesaltea.com\/wp-content\/uploads\/2020\/09\/businesscard.jpg","contentUrl":"https:\/\/5starpropertiesaltea.com\/wp-content\/uploads\/2020\/09\/businesscard.jpg","width":1512,"height":2016},{"@type":"BreadcrumbList","@id":"https:\/\/5starpropertiesaltea.com\/fr\/ce-que-nos-clients-disent\/#breadcrumb","itemListElement":[{"@type":"ListItem","position":1,"name":"Home","item":"https:\/\/5starpropertiesaltea.com\/fr\/"},{"@type":"ListItem","position":2,"name":"Ce que nos clients disent"}]},{"@type":"WebSite","@id":"https:\/\/5starpropertiesaltea.com\/fr\/#website","url":"https:\/\/5starpropertiesaltea.com\/fr\/","name":"5 Star Properties Altea","description":"Buy real estate in the Altea region","publisher":{"@id":"https:\/\/5starpropertiesaltea.com\/fr\/#organization"},"potentialAction":[{"@type":"SearchAction","target":{"@type":"EntryPoint","urlTemplate":"https:\/\/5starpropertiesaltea.com\/fr\/?s={search_term_string}"},"query-input":{"@type":"PropertyValueSpecification","valueRequired":true,"valueName":"search_term_string"}}],"inLanguage":"fr-FR"},{"@type":"Organization","@id":"https:\/\/5starpropertiesaltea.com\/fr\/#organization","name":"5 Star Properties Altea","url":"https:\/\/5starpropertiesaltea.com\/fr\/","logo":{"@type":"ImageObject","inLanguage":"fr-FR","@id":"https:\/\/5starpropertiesaltea.com\/fr\/#\/schema\/logo\/image\/","url":"https:\/\/5starpropertiesaltea.com\/wp-content\/uploads\/2020\/10\/logo-5starpropertiesaltea-zwart.png","contentUrl":"https:\/\/5starpropertiesaltea.com\/wp-content\/uploads\/2020\/10\/logo-5starpropertiesaltea-zwart.png","width":8623,"height":1064,"caption":"5 Star Properties Altea"},"image":{"@id":"https:\/\/5starpropertiesaltea.com\/fr\/#\/schema\/logo\/image\/"}}]}},"_links":{"self":[{"href":"https:\/\/5starpropertiesaltea.com\/fr\/wp-json\/wp\/v2\/pages\/4879","targetHints":{"allow":["GET"]}}],"collection":[{"href":"https:\/\/5starpropertiesaltea.com\/fr\/wp-json\/wp\/v2\/pages"}],"about":[{"href":"https:\/\/5starpropertiesaltea.com\/fr\/wp-json\/wp\/v2\/types\/page"}],"author":[{"embeddable":true,"href":"https:\/\/5starpropertiesaltea.com\/fr\/wp-json\/wp\/v2\/users\/1"}],"replies":[{"embeddable":true,"href":"https:\/\/5starpropertiesaltea.com\/fr\/wp-json\/wp\/v2\/comments?post=4879"}],"version-history":[{"count":6,"href":"https:\/\/5starpropertiesaltea.com\/fr\/wp-json\/wp\/v2\/pages\/4879\/revisions"}],"predecessor-version":[{"id":6671,"href":"https:\/\/5starpropertiesaltea.com\/fr\/wp-json\/wp\/v2\/pages\/4879\/revisions\/6671"}],"wp:featuredmedia":[{"embeddable":true,"href":"https:\/\/5starpropertiesaltea.com\/fr\/wp-json\/wp\/v2\/media\/4868"}],"wp:attachment":[{"href":"https:\/\/5starpropertiesaltea.com\/fr\/wp-json\/wp\/v2\/media?parent=4879"}],"curies":[{"name":"wp","href":"https:\/\/api.w.org\/{rel}","templated":true}]}}