{"id":4426,"date":"2020-07-22T06:37:47","date_gmt":"2020-07-22T06:37:47","guid":{"rendered":"https:\/\/staging.5starpropertiesaltea.com\/legal-notice\/"},"modified":"2021-01-22T09:54:03","modified_gmt":"2021-01-22T09:54:03","slug":"legal-notice","status":"publish","type":"page","link":"https:\/\/5starpropertiesaltea.com\/fr\/legal-notice\/","title":{"rendered":"Mention L\u00e9gale"},"content":{"rendered":"<p>[et_pb_section fb_built=\u00a0\u00bb1&Prime; _builder_version=\u00a0\u00bb4.4.8&Prime;][et_pb_row _builder_version=\u00a0\u00bb4.4.8&Prime;][et_pb_column type=\u00a0\u00bb4_4&Prime; _builder_version=\u00a0\u00bb4.4.8&Prime;][et_pb_text _builder_version=\u00a0\u00bb4.8.1&Prime;]<\/p>\n<h2>Mention L\u00e9gale<\/h2>\n<p>5 STAR PROPERTIES ALTEA, S.L. Le responsable de ce site Web, ci-apr\u00e8s le RESPONSABLE, fournit aux utilisateurs ce document pour se conformer aux obligations \u00e9tablies dans la loi 34\/2002 du 11 juillet sur les services de la soci\u00e9t\u00e9 de l&rsquo;information et du commerce \u00e9lectronique (LSSICE), Journal officiel espagnol n \u00b0 166 et le r\u00e8glement g\u00e9n\u00e9ral sur la protection des donn\u00e9es (UE) 2016\/679 du 27 avril 2016 (RGPD), ainsi que l&rsquo;information de tous les utilisateurs de ce site Web sur leurs conditions d&rsquo;utilisation .<\/p>\n<p>Toute personne qui acc\u00e8de \u00e0 ce site Web assume le r\u00f4le d&rsquo;utilisateur et s&rsquo;engage \u00e0 respecter et \u00e0 se conformer strictement aux dispositions \u00e9tablies dans ce document, ainsi qu&rsquo;\u00e0 toute autre disposition l\u00e9gale applicable.<\/p>\n<p>5 STAR PROPERTIES ALTEA S.L. se r\u00e9serve le droit de modifier tout type d&rsquo;informations pouvant appara\u00eetre sur ce site sans obligation de notifier ou d&rsquo;informer les utilisateurs pr\u00e9alablement \u00e0 ces modifications. La publication du site Web de 5 STAR PROPERTIES ALTEA, S.L. sera consid\u00e9r\u00e9e comme suffisante.<\/p>\n<p>1. DONN\u00c9ES D&rsquo;IDENTIFICATION<\/p>\n<p>Nom de domaine: www.5starpropertiesaltea.com.com<\/p>\n<p>\u00b7 Nom commercial: 5 Star Properties Altea<\/p>\n<p>\u00b7 Raison sociale: 5 Star Properties Altea, S.L.<\/p>\n<p>Num\u00e9ro d&rsquo;identification fiscale B01604693<\/p>\n<p>\u00b7 Adresse professionnelle: Avda. Castell\u00f3n, 5-03503 Benidorm (Alicante)<\/p>\n<p>T\u00e9l\u00e9phone: 96502 44 44<\/p>\n<p>Courriel: sales@5starpropertiesaltea.com<\/p>\n<p>2. DROITS DE PROPRI\u00c9T\u00c9 INTELLECTUELLE ET INDUSTRIELLE<\/p>\n<p>Le site Web, sa programmation, son \u00e9dition, sa compilation et autres \u00e9l\u00e9ments n\u00e9cessaires \u00e0 son fonctionnement; leurs dessins, logos, textes et \/ ou graphiques sont la propri\u00e9t\u00e9 de la PARTIE RESPONSABLE ou, le cas \u00e9ch\u00e9ant, la partie responsable dispose d&rsquo;une licence ou d&rsquo;une autorisation expresse des auteurs. Tous les contenus de ce site sont d\u00fbment prot\u00e9g\u00e9s par la r\u00e9glementation sur la propri\u00e9t\u00e9 intellectuelle et industrielle. La reproduction totale ou partielle, l&rsquo;utilisation, l&rsquo;exploitation, la distribution et la commercialisation de ces contenus n\u00e9cessitent en tout \u00e9tat de cause l&rsquo;autorisation \u00e9crite pr\u00e9alable du RESPONSABLE. Toute utilisation non autoris\u00e9e ant\u00e9rieurement est consid\u00e9r\u00e9e comme une violation grave des droits de propri\u00e9t\u00e9 intellectuelle et industrielle de l&rsquo;auteur.<\/p>\n<p>Les dessins, logos, textes et \/ ou graphiques ext\u00e9rieurs au RESPONSABLE qui peuvent appara\u00eetre sur le site sont la propri\u00e9t\u00e9 de leurs propri\u00e9taires respectifs, qui sont responsables de toute controverse pouvant survenir \u00e0 leur \u00e9gard.<\/p>\n<p>Le RESPONSABLE reconna\u00eet les droits de propri\u00e9t\u00e9 intellectuelle et industrielle correspondants en faveur des propri\u00e9taires. Leur simple mention ou apparition sur le site Web n&rsquo;implique pas l&rsquo;existence d&rsquo;un droit ou d&rsquo;une responsabilit\u00e9 qui leur sont li\u00e9s, ni l&rsquo;approbation, le parrainage ou la recommandation de contenu tiers par la partie responsable.<\/p>\n<p>Tout commentaire sur d&rsquo;\u00e9ventuelles violations des droits de propri\u00e9t\u00e9 intellectuelle et industrielle ou sur l&rsquo;un quelconque des contenus de ce site peut \u00eatre adress\u00e9 \u00e0 l&rsquo;adresse e-mail sales@5starpropertiesaltea.com.<\/p>\n<p>3. EXCLUSION DE RESPONSABILIT\u00c9<\/p>\n<p>La PARTIE RESPONSABLE sera exon\u00e9r\u00e9e de tout type de responsabilit\u00e9 d\u00e9coulant des informations publi\u00e9es sur son site Internet si ces informations ont \u00e9t\u00e9 manipul\u00e9es ou saisies par un tiers.<\/p>\n<p>Obligations de l&rsquo;utilisateur.<\/p>\n<p>En utilisant ce site Web, l&rsquo;utilisateur confirme qu&rsquo;il a plus de dix-huit ans. Pour que les mineurs utilisent ce site, ils doivent obtenir l&rsquo;autorisation pr\u00e9alable de leurs parents, tuteurs ou repr\u00e9sentants l\u00e9gaux, qui seront responsables de tout acte commis par les mineurs dont ils ont la charge.<\/p>\n<p>L&rsquo;utilisateur s&rsquo;engage g\u00e9n\u00e9ralement \u00e0 utiliser le site et les services qui lui sont li\u00e9s avec diligence, conform\u00e9ment \u00e0 la loi, aux bonnes m\u0153urs, \u00e0 l&rsquo;ordre public et aux dispositions des pr\u00e9sentes conditions g\u00e9n\u00e9rales, ainsi qu&rsquo;aux conditions sp\u00e9cifiques applicables, et doit s&rsquo;abstenir pour les utiliser de quelque mani\u00e8re que ce soit qui puisse entraver le fonctionnement normal du site Web et des services qui y sont li\u00e9s ou leur jouissance par d&rsquo;autres utilisateurs, ou qui pourrait endommager la propri\u00e9t\u00e9 et les droits des propri\u00e9taires du site Web, de ses fournisseurs, des utilisateurs ou de tout troisi\u00e8me au g\u00e9n\u00e9ral.<\/p>\n<p>En utilisant ce site Web et les services qui y sont li\u00e9s, l&rsquo;utilisateur accepte ce qui suit:<\/p>\n<p>1. Ne pas entrer, stocker ou distribuer tout programme informatique, donn\u00e9es, virus, code ou tout autre instrument ou appareil \u00e9lectronique via ce site Web ou l&rsquo;un des services qui y sont li\u00e9s, qui pourraient causer des dommages au site Web, l&rsquo;un des les services qui y sont li\u00e9s ou tout \u00e9quipement, syst\u00e8me ou r\u00e9seau appartenant aux propri\u00e9taires du site Web, aux utilisateurs, aux fournisseurs ou \u00e0 tout tiers en g\u00e9n\u00e9ral, ou qui pourraient autrement provoquer un certain type de modification ou emp\u00eacher le fonctionnement normal de ces \u00e9l\u00e9ments.<\/p>\n<p>2. N&rsquo;utilisez pas de fausses identit\u00e9s ou ne vous faites pas passer pour autrui dans votre utilisation du site Web ou de tout autre service li\u00e9 \u00e0 celui-ci.<\/p>\n<p>3. Ne pas d\u00e9truire, modifier, d\u00e9sactiver Ar ou endommager les donn\u00e9es, informations, programmes et documents \u00e9lectroniques des propri\u00e9taires du site Web, de leurs fournisseurs et de tiers.<\/p>\n<p>4. Ne saisissez pas et ne diffusez pas d&rsquo;informations diffamatoires, offensantes, obsc\u00e8nes, mena\u00e7antes, x\u00e9nophobes, incitant \u00e0 la violence ou \u00e0 la discrimination fond\u00e9e sur le sexe, la race, l&rsquo;id\u00e9ologie ou la religion ou de toute autre mani\u00e8re pr\u00e9judiciable \u00e0 la morale, l&rsquo;ordre public, les droits fondamentaux, les libert\u00e9s publiques, l&rsquo;honneur, la vie priv\u00e9e ou l&rsquo;image de tiers, ainsi que la r\u00e9glementation en vigueur en g\u00e9n\u00e9ral.<\/p>\n<p>Si un utilisateur estime qu&rsquo;il existe des cas ou des circonstances indiquant l&rsquo;ill\u00e9galit\u00e9 de l&rsquo;utilisation de tout contenu ou activit\u00e9 sur ou accessible via le site Web, il est invit\u00e9 \u00e0 en informer les propri\u00e9taires du site Web en \u00e9crivant un e-mail \u00e0 sales@5starpropertiesaltea.com<\/p>\n<p>Politique de liens<\/p>\n<p>Ce site Web peut rediriger vers le contenu de sites Web tiers. \u00c9tant donn\u00e9 que le RESPONSABLE ne peut pas toujours contr\u00f4ler le contenu publi\u00e9 par des tiers sur leurs sites Web respectifs, il n&rsquo;est pas responsable de ce contenu. Cependant, ils supprimeront imm\u00e9diatement tout contenu susceptible de violer la l\u00e9gislation nationale ou internationale, la morale ou l&rsquo;ordre public en supprimant le lien vers ledit site et en informant les autorit\u00e9s comp\u00e9tentes du contenu en question.<\/p>\n<p>La PARTIE RESPONSABLE ne sera pas responsable des informations et du contenu stock\u00e9s, par exemple, entre autres, sur les forums, les chats, les g\u00e9n\u00e9rateurs de blogs, les commentaires, les r\u00e9seaux sociaux et tout autre moyen permettant \u00e0 des tiers de publier du contenu de mani\u00e8re ind\u00e9pendante sur le site. de la partie responsable. Cependant, conform\u00e9ment aux dispositions \u00e9tablies aux articles 11 et 16 de la LSSICE, ils sont mis \u00e0 la disposition de tous les utilisateurs, autorit\u00e9s et forces de s\u00e9curit\u00e9 et collaborent activement \u00e0 l&rsquo;\u00e9limination ou, le cas \u00e9ch\u00e9ant, au blocage de tout contenu. susceptibles d&rsquo;affecter ou de contrevenir \u00e0 la l\u00e9gislation nationale ou internationale, aux droits de tiers \u00e0 la morale et \u00e0 l&rsquo;ordre public. Si un utilisateur estime que le site Web contient du contenu pouvant relever de cette classification, il est invit\u00e9 \u00e0 en informer imm\u00e9diatement l&rsquo;administrateur du site Web.<\/p>\n<p>Le RESPONSABLE s&rsquo;engage toujours \u00e0 agir avec la diligence voulue pour garantir le bon fonctionnement de son site Internet. Cependant, ils ne peuvent exclure l&rsquo;existence \u00e9ventuelle d&rsquo;erreurs de programmation ou de cas de force majeure emp\u00eachant l&rsquo;acc\u00e8s au site ou son bon fonctionnement.<\/p>\n<p>Adresses IP<\/p>\n<p>Les serveurs du site Web peuvent d\u00e9tecter automatiquement l&rsquo;adresse IP et le nom de domaine utilis\u00e9s par l&rsquo;utilisateur. Une adresse IP est un num\u00e9ro qui est automatiquement attribu\u00e9 \u00e0 un ordinateur lorsqu&rsquo;il est connect\u00e9 \u00e0 Internet. Toutes ces informations peuvent \u00eatre enregistr\u00e9es dans un inventaire du traitement de l&rsquo;activit\u00e9 du serveur pour un traitement ult\u00e9rieur des donn\u00e9es afin d&rsquo;obtenir des mesures purement statistiques pour d\u00e9terminer le nombre d&rsquo;impressions de pages, de visites sur les serveurs Web, l&rsquo;ordre des visites, points d&rsquo;acc\u00e8s, etc.<\/p>\n<p>4. LOI APPLICABLE ET JURIDICTION<\/p>\n<p>La solution de toute controverse ou question relative \u00e0 ce site Web ou aux activit\u00e9s men\u00e9es \u00e0 cet \u00e9gard sera r\u00e9gie par la loi espagnole, \u00e0 laquelle toutes les parties seront soumises. La solution de tout conflit d\u00e9riv\u00e9 de ou en relation avec son utilisation sera de la responsabilit\u00e9 des tribunaux les plus proches d&rsquo;Altea (Alicante).[\/et_pb_text][\/et_pb_column][\/et_pb_row][\/et_pb_section]<\/p>\n","protected":false},"excerpt":{"rendered":"<p>Mention L\u00e9gale 5 STAR PROPERTIES ALTEA, S.L. Le responsable de ce site Web, ci-apr\u00e8s le RESPONSABLE, fournit aux utilisateurs ce document pour se conformer aux obligations \u00e9tablies dans la loi 34\/2002 du 11 juillet sur les services de la soci\u00e9t\u00e9 de l&rsquo;information et du commerce \u00e9lectronique (LSSICE), Journal officiel espagnol n \u00b0 166 et le [&hellip;]<\/p>\n","protected":false},"author":1,"featured_media":2621,"parent":0,"menu_order":0,"comment_status":"closed","ping_status":"closed","template":"","meta":{"_acf_changed":false,"_et_pb_use_builder":"on","_et_pb_old_content":"","_et_gb_content_width":"","footnotes":""},"class_list":["post-4426","page","type-page","status-publish","has-post-thumbnail","hentry"],"acf":[],"yoast_head":"<!-- This site is optimized with the Yoast SEO plugin v27.4 - https:\/\/yoast.com\/product\/yoast-seo-wordpress\/ -->\n<title>Mention L\u00e9gale - 5 Star Properties Altea<\/title>\n<meta name=\"robots\" content=\"index, follow, max-snippet:-1, max-image-preview:large, max-video-preview:-1\" \/>\n<link rel=\"canonical\" href=\"https:\/\/5starpropertiesaltea.com\/fr\/legal-notice\/\" \/>\n<meta property=\"og:locale\" content=\"fr_FR\" \/>\n<meta property=\"og:type\" content=\"article\" \/>\n<meta property=\"og:title\" content=\"Mention L\u00e9gale - 5 Star Properties Altea\" \/>\n<meta property=\"og:description\" content=\"Mention L\u00e9gale 5 STAR PROPERTIES ALTEA, S.L. Le responsable de ce site Web, ci-apr\u00e8s le RESPONSABLE, fournit aux utilisateurs ce document pour se conformer aux obligations \u00e9tablies dans la loi 34\/2002 du 11 juillet sur les services de la soci\u00e9t\u00e9 de l&#039;information et du commerce \u00e9lectronique (LSSICE), Journal officiel espagnol n \u00b0 166 et le [&hellip;]\" \/>\n<meta property=\"og:url\" content=\"https:\/\/5starpropertiesaltea.com\/fr\/legal-notice\/\" \/>\n<meta property=\"og:site_name\" content=\"5 Star Properties Altea\" \/>\n<meta property=\"article:modified_time\" content=\"2021-01-22T09:54:03+00:00\" \/>\n<meta property=\"og:image\" content=\"https:\/\/5starpropertiesaltea.com\/wp-content\/uploads\/2020\/06\/website-fotoo.jpg\" \/>\n\t<meta property=\"og:image:width\" content=\"1871\" \/>\n\t<meta property=\"og:image:height\" content=\"1247\" \/>\n\t<meta property=\"og:image:type\" content=\"image\/jpeg\" \/>\n<meta name=\"twitter:card\" content=\"summary_large_image\" \/>\n<meta name=\"twitter:label1\" content=\"Dur\u00e9e de lecture estim\u00e9e\" \/>\n\t<meta name=\"twitter:data1\" content=\"7 minutes\" \/>\n<script type=\"application\/ld+json\" class=\"yoast-schema-graph\">{\"@context\":\"https:\\\/\\\/schema.org\",\"@graph\":[{\"@type\":\"WebPage\",\"@id\":\"https:\\\/\\\/5starpropertiesaltea.com\\\/fr\\\/legal-notice\\\/\",\"url\":\"https:\\\/\\\/5starpropertiesaltea.com\\\/fr\\\/legal-notice\\\/\",\"name\":\"Mention L\u00e9gale - 5 Star Properties Altea\",\"isPartOf\":{\"@id\":\"https:\\\/\\\/5starpropertiesaltea.com\\\/fr\\\/#website\"},\"primaryImageOfPage\":{\"@id\":\"https:\\\/\\\/5starpropertiesaltea.com\\\/fr\\\/legal-notice\\\/#primaryimage\"},\"image\":{\"@id\":\"https:\\\/\\\/5starpropertiesaltea.com\\\/fr\\\/legal-notice\\\/#primaryimage\"},\"thumbnailUrl\":\"https:\\\/\\\/5starpropertiesaltea.com\\\/wp-content\\\/uploads\\\/2020\\\/06\\\/website-fotoo.jpg\",\"datePublished\":\"2020-07-22T06:37:47+00:00\",\"dateModified\":\"2021-01-22T09:54:03+00:00\",\"breadcrumb\":{\"@id\":\"https:\\\/\\\/5starpropertiesaltea.com\\\/fr\\\/legal-notice\\\/#breadcrumb\"},\"inLanguage\":\"fr-FR\",\"potentialAction\":[{\"@type\":\"ReadAction\",\"target\":[\"https:\\\/\\\/5starpropertiesaltea.com\\\/fr\\\/legal-notice\\\/\"]}]},{\"@type\":\"ImageObject\",\"inLanguage\":\"fr-FR\",\"@id\":\"https:\\\/\\\/5starpropertiesaltea.com\\\/fr\\\/legal-notice\\\/#primaryimage\",\"url\":\"https:\\\/\\\/5starpropertiesaltea.com\\\/wp-content\\\/uploads\\\/2020\\\/06\\\/website-fotoo.jpg\",\"contentUrl\":\"https:\\\/\\\/5starpropertiesaltea.com\\\/wp-content\\\/uploads\\\/2020\\\/06\\\/website-fotoo.jpg\",\"width\":1871,\"height\":1247},{\"@type\":\"BreadcrumbList\",\"@id\":\"https:\\\/\\\/5starpropertiesaltea.com\\\/fr\\\/legal-notice\\\/#breadcrumb\",\"itemListElement\":[{\"@type\":\"ListItem\",\"position\":1,\"name\":\"Home\",\"item\":\"https:\\\/\\\/5starpropertiesaltea.com\\\/fr\\\/\"},{\"@type\":\"ListItem\",\"position\":2,\"name\":\"Mention L\u00e9gale\"}]},{\"@type\":\"WebSite\",\"@id\":\"https:\\\/\\\/5starpropertiesaltea.com\\\/fr\\\/#website\",\"url\":\"https:\\\/\\\/5starpropertiesaltea.com\\\/fr\\\/\",\"name\":\"5 Star Properties Altea\",\"description\":\"Buy real estate in the Altea region\",\"publisher\":{\"@id\":\"https:\\\/\\\/5starpropertiesaltea.com\\\/fr\\\/#organization\"},\"potentialAction\":[{\"@type\":\"SearchAction\",\"target\":{\"@type\":\"EntryPoint\",\"urlTemplate\":\"https:\\\/\\\/5starpropertiesaltea.com\\\/fr\\\/?s={search_term_string}\"},\"query-input\":{\"@type\":\"PropertyValueSpecification\",\"valueRequired\":true,\"valueName\":\"search_term_string\"}}],\"inLanguage\":\"fr-FR\"},{\"@type\":\"Organization\",\"@id\":\"https:\\\/\\\/5starpropertiesaltea.com\\\/fr\\\/#organization\",\"name\":\"5 Star Properties Altea\",\"url\":\"https:\\\/\\\/5starpropertiesaltea.com\\\/fr\\\/\",\"logo\":{\"@type\":\"ImageObject\",\"inLanguage\":\"fr-FR\",\"@id\":\"https:\\\/\\\/5starpropertiesaltea.com\\\/fr\\\/#\\\/schema\\\/logo\\\/image\\\/\",\"url\":\"https:\\\/\\\/5starpropertiesaltea.com\\\/wp-content\\\/uploads\\\/2020\\\/10\\\/logo-5starpropertiesaltea-zwart.png\",\"contentUrl\":\"https:\\\/\\\/5starpropertiesaltea.com\\\/wp-content\\\/uploads\\\/2020\\\/10\\\/logo-5starpropertiesaltea-zwart.png\",\"width\":8623,\"height\":1064,\"caption\":\"5 Star Properties Altea\"},\"image\":{\"@id\":\"https:\\\/\\\/5starpropertiesaltea.com\\\/fr\\\/#\\\/schema\\\/logo\\\/image\\\/\"}}]}<\/script>\n<!-- \/ Yoast SEO plugin. -->","yoast_head_json":{"title":"Mention L\u00e9gale - 5 Star Properties Altea","robots":{"index":"index","follow":"follow","max-snippet":"max-snippet:-1","max-image-preview":"max-image-preview:large","max-video-preview":"max-video-preview:-1"},"canonical":"https:\/\/5starpropertiesaltea.com\/fr\/legal-notice\/","og_locale":"fr_FR","og_type":"article","og_title":"Mention L\u00e9gale - 5 Star Properties Altea","og_description":"Mention L\u00e9gale 5 STAR PROPERTIES ALTEA, S.L. Le responsable de ce site Web, ci-apr\u00e8s le RESPONSABLE, fournit aux utilisateurs ce document pour se conformer aux obligations \u00e9tablies dans la loi 34\/2002 du 11 juillet sur les services de la soci\u00e9t\u00e9 de l'information et du commerce \u00e9lectronique (LSSICE), Journal officiel espagnol n \u00b0 166 et le [&hellip;]","og_url":"https:\/\/5starpropertiesaltea.com\/fr\/legal-notice\/","og_site_name":"5 Star Properties Altea","article_modified_time":"2021-01-22T09:54:03+00:00","og_image":[{"width":1871,"height":1247,"url":"https:\/\/5starpropertiesaltea.com\/wp-content\/uploads\/2020\/06\/website-fotoo.jpg","type":"image\/jpeg"}],"twitter_card":"summary_large_image","twitter_misc":{"Dur\u00e9e de lecture estim\u00e9e":"7 minutes"},"schema":{"@context":"https:\/\/schema.org","@graph":[{"@type":"WebPage","@id":"https:\/\/5starpropertiesaltea.com\/fr\/legal-notice\/","url":"https:\/\/5starpropertiesaltea.com\/fr\/legal-notice\/","name":"Mention L\u00e9gale - 5 Star Properties Altea","isPartOf":{"@id":"https:\/\/5starpropertiesaltea.com\/fr\/#website"},"primaryImageOfPage":{"@id":"https:\/\/5starpropertiesaltea.com\/fr\/legal-notice\/#primaryimage"},"image":{"@id":"https:\/\/5starpropertiesaltea.com\/fr\/legal-notice\/#primaryimage"},"thumbnailUrl":"https:\/\/5starpropertiesaltea.com\/wp-content\/uploads\/2020\/06\/website-fotoo.jpg","datePublished":"2020-07-22T06:37:47+00:00","dateModified":"2021-01-22T09:54:03+00:00","breadcrumb":{"@id":"https:\/\/5starpropertiesaltea.com\/fr\/legal-notice\/#breadcrumb"},"inLanguage":"fr-FR","potentialAction":[{"@type":"ReadAction","target":["https:\/\/5starpropertiesaltea.com\/fr\/legal-notice\/"]}]},{"@type":"ImageObject","inLanguage":"fr-FR","@id":"https:\/\/5starpropertiesaltea.com\/fr\/legal-notice\/#primaryimage","url":"https:\/\/5starpropertiesaltea.com\/wp-content\/uploads\/2020\/06\/website-fotoo.jpg","contentUrl":"https:\/\/5starpropertiesaltea.com\/wp-content\/uploads\/2020\/06\/website-fotoo.jpg","width":1871,"height":1247},{"@type":"BreadcrumbList","@id":"https:\/\/5starpropertiesaltea.com\/fr\/legal-notice\/#breadcrumb","itemListElement":[{"@type":"ListItem","position":1,"name":"Home","item":"https:\/\/5starpropertiesaltea.com\/fr\/"},{"@type":"ListItem","position":2,"name":"Mention L\u00e9gale"}]},{"@type":"WebSite","@id":"https:\/\/5starpropertiesaltea.com\/fr\/#website","url":"https:\/\/5starpropertiesaltea.com\/fr\/","name":"5 Star Properties Altea","description":"Buy real estate in the Altea region","publisher":{"@id":"https:\/\/5starpropertiesaltea.com\/fr\/#organization"},"potentialAction":[{"@type":"SearchAction","target":{"@type":"EntryPoint","urlTemplate":"https:\/\/5starpropertiesaltea.com\/fr\/?s={search_term_string}"},"query-input":{"@type":"PropertyValueSpecification","valueRequired":true,"valueName":"search_term_string"}}],"inLanguage":"fr-FR"},{"@type":"Organization","@id":"https:\/\/5starpropertiesaltea.com\/fr\/#organization","name":"5 Star Properties Altea","url":"https:\/\/5starpropertiesaltea.com\/fr\/","logo":{"@type":"ImageObject","inLanguage":"fr-FR","@id":"https:\/\/5starpropertiesaltea.com\/fr\/#\/schema\/logo\/image\/","url":"https:\/\/5starpropertiesaltea.com\/wp-content\/uploads\/2020\/10\/logo-5starpropertiesaltea-zwart.png","contentUrl":"https:\/\/5starpropertiesaltea.com\/wp-content\/uploads\/2020\/10\/logo-5starpropertiesaltea-zwart.png","width":8623,"height":1064,"caption":"5 Star Properties Altea"},"image":{"@id":"https:\/\/5starpropertiesaltea.com\/fr\/#\/schema\/logo\/image\/"}}]}},"_links":{"self":[{"href":"https:\/\/5starpropertiesaltea.com\/fr\/wp-json\/wp\/v2\/pages\/4426","targetHints":{"allow":["GET"]}}],"collection":[{"href":"https:\/\/5starpropertiesaltea.com\/fr\/wp-json\/wp\/v2\/pages"}],"about":[{"href":"https:\/\/5starpropertiesaltea.com\/fr\/wp-json\/wp\/v2\/types\/page"}],"author":[{"embeddable":true,"href":"https:\/\/5starpropertiesaltea.com\/fr\/wp-json\/wp\/v2\/users\/1"}],"replies":[{"embeddable":true,"href":"https:\/\/5starpropertiesaltea.com\/fr\/wp-json\/wp\/v2\/comments?post=4426"}],"version-history":[{"count":5,"href":"https:\/\/5starpropertiesaltea.com\/fr\/wp-json\/wp\/v2\/pages\/4426\/revisions"}],"predecessor-version":[{"id":6576,"href":"https:\/\/5starpropertiesaltea.com\/fr\/wp-json\/wp\/v2\/pages\/4426\/revisions\/6576"}],"wp:featuredmedia":[{"embeddable":true,"href":"https:\/\/5starpropertiesaltea.com\/fr\/wp-json\/wp\/v2\/media\/2621"}],"wp:attachment":[{"href":"https:\/\/5starpropertiesaltea.com\/fr\/wp-json\/wp\/v2\/media?parent=4426"}],"curies":[{"name":"wp","href":"https:\/\/api.w.org\/{rel}","templated":true}]}}