{"id":2933,"date":"2020-06-23T06:21:01","date_gmt":"2020-06-23T06:21:01","guid":{"rendered":"https:\/\/staging.5starpropertiesaltea.com\/nouvelle-construction\/"},"modified":"2020-10-14T17:23:44","modified_gmt":"2020-10-14T17:23:44","slug":"nouvelle-construction","status":"publish","type":"page","link":"https:\/\/5starpropertiesaltea.com\/fr\/nouvelle-construction\/","title":{"rendered":"Nouvelle construction"},"content":{"rendered":"<p>[et_pb_section fb_built=\u00a0\u00bb1&Prime; _builder_version=\u00a0\u00bb4.4.8&Prime; background_color=\u00a0\u00bbrgba(0,0,0,0.03)\u00a0\u00bb use_background_color_gradient=\u00a0\u00bbon\u00a0\u00bb background_color_gradient_start=\u00a0\u00bbrgba(255,255,255,0.95)\u00a0\u00bb background_color_gradient_end=\u00a0\u00bb#ffffff\u00a0\u00bb background_color_gradient_overlays_image=\u00a0\u00bbon\u00a0\u00bb background_image=\u00a0\u00bbhttps:\/\/5starpropertiesaltea.com\/wp-content\/uploads\/2020\/06\/photo-1584725178783-548d8a85d718.jpeg\u00a0\u00bb background_position=\u00a0\u00bbtop_center\u00a0\u00bb custom_margin=\u00a0\u00bb|||\u00a0\u00bb custom_padding=\u00a0\u00bb||0px|||\u00a0\u00bb][et_pb_row _builder_version=\u00a0\u00bb3.25&Prime; custom_margin=\u00a0\u00bb|||\u00a0\u00bb locked=\u00a0\u00bboff\u00a0\u00bb][et_pb_column type=\u00a0\u00bb4_4&Prime; _builder_version=\u00a0\u00bb3.25&Prime; custom_padding=\u00a0\u00bb|||\u00a0\u00bb custom_padding__hover=\u00a0\u00bb|||\u00a0\u00bb][et_pb_text _builder_version=\u00a0\u00bb4.6.5&Prime; text_font=\u00a0\u00bbLato||||||||\u00a0\u00bb header_font=\u00a0\u00bb||||||||\u00a0\u00bb header_2_font_size=\u00a0\u00bb42px\u00a0\u00bb text_orientation=\u00a0\u00bbcenter\u00a0\u00bb animation_style=\u00a0\u00bbslide\u00a0\u00bb animation_direction=\u00a0\u00bbleft\u00a0\u00bb hover_enabled=\u00a0\u00bb0&Prime; locked=\u00a0\u00bboff\u00a0\u00bb sticky_enabled=\u00a0\u00bb0&Prime;]<\/p>\n<h1>NOUVELLE<\/h1>\n<h2 style=\"color: #ef334d; text-align: center;\">CONSTRUCTION<\/h2>\n<p style=\"text-align: center;\"><span lang=\"EN-US\">Nous nous sp\u00e9cialisons dans les maisons nouvellement construites avec une architecture et un design modernes. <\/span><span lang=\"ES\">Notre objectif principal est de nous assurer que les propri\u00e9t\u00e9s nouvellement construites que nous vendons contiennent un tr\u00e8s haut niveau de qualit\u00e9 de tous les mat\u00e9riaux n\u00e9cessaires \u00e0 la construction des villas. Nous savons ce que nos clients attendent de leur future maison et nous savons tr\u00e8s bien o\u00f9 nos clients veulent vivre.<\/span><\/p>\n<p>[\/et_pb_text][\/et_pb_column][\/et_pb_row][et_pb_row column_structure=\u00a0\u00bb1_2,1_2&Prime; module_id=\u00a0\u00bbabout-us\u00a0\u00bb _builder_version=\u00a0\u00bb4.4.8&Prime;][et_pb_column type=\u00a0\u00bb1_2&Prime; _builder_version=\u00a0\u00bb4.4.8&Prime;][et_pb_text _builder_version=\u00a0\u00bb4.6.5&Prime; animation_style=\u00a0\u00bbslide\u00a0\u00bb animation_direction=\u00a0\u00bbleft\u00a0\u00bb hover_enabled=\u00a0\u00bb0&Prime; sticky_enabled=\u00a0\u00bb0&Prime;]<\/p>\n<h2 style=\"color: #ef334d; background-color: black; text-align: center;\">\u00e0 propos de nous<\/h2>\n<p>&nbsp;<\/p>\n<p style=\"text-align: center;\">5 Star Properties Altea accompagne nos clients avec les entreprises de construction et les promoteurs immobiliers lors de la planification d&rsquo;un projet ou d&rsquo;une nouvelle maison en coop\u00e9ration avec des investisseurs, des architectes et des constructeurs. Nos clients peuvent \u00eatre s\u00fbrs que nous prenons \u00e9galement en charge l&rsquo;ensemble du processus de vente et r\u00e9alisons chaque \u00e9tape de la cr\u00e9ation d&rsquo;un projet avec professionnalisme et enthousiasme.<\/p>\n<p>[\/et_pb_text][\/et_pb_column][et_pb_column type=\u00a0\u00bb1_2&Prime; _builder_version=\u00a0\u00bb4.4.8&Prime;][et_pb_image src=\u00a0\u00bbhttps:\/\/5starpropertiesaltea.com\/wp-content\/uploads\/2020\/06\/new-built-3.jpg\u00a0\u00bb title_text=\u00a0\u00bbnew built 3&Prime; _builder_version=\u00a0\u00bb4.4.8&Prime; animation_style=\u00a0\u00bbslide\u00a0\u00bb animation_direction=\u00a0\u00bbright\u00a0\u00bb][\/et_pb_image][\/et_pb_column][\/et_pb_row][et_pb_row column_structure=\u00a0\u00bb1_2,1_2&Prime; module_id=\u00a0\u00bbnew\u00a0\u00bb _builder_version=\u00a0\u00bb4.4.8&Prime;][et_pb_column type=\u00a0\u00bb1_2&Prime; _builder_version=\u00a0\u00bb4.4.8&Prime;][et_pb_image src=\u00a0\u00bbhttps:\/\/5starpropertiesaltea.com\/wp-content\/uploads\/2020\/06\/picture-new-built-2-1.jpg\u00a0\u00bb title_text=\u00a0\u00bbpicture new built 2&Prime; _builder_version=\u00a0\u00bb4.4.8&Prime; animation_style=\u00a0\u00bbslide\u00a0\u00bb animation_direction=\u00a0\u00bbleft\u00a0\u00bb][\/et_pb_image][\/et_pb_column][et_pb_column type=\u00a0\u00bb1_2&Prime; _builder_version=\u00a0\u00bb4.4.8&Prime;][et_pb_text _builder_version=\u00a0\u00bb4.6.5&Prime; animation_style=\u00a0\u00bbslide\u00a0\u00bb animation_direction=\u00a0\u00bbright\u00a0\u00bb]<\/p>\n<h2 style=\"color: #ef334d; background-color: black; text-align: center;\">Nouvelle<\/h2>\n<p style=\"text-align: center;\">Nous avons une large s\u00e9lection de propri\u00e9t\u00e9s nouvellement construites, telles que des appartements et des appartements, des maisons et des villas, qui sont principalement situ\u00e9es \u00e0 Altea, ainsi que dans d&rsquo;autres parties de la Costa Blanca (Moraira, Calpe, Benissa, Javea, Denia et Benidorm).<\/p>\n<p>[\/et_pb_text][\/et_pb_column][\/et_pb_row][et_pb_row _builder_version=\u00a0\u00bb4.4.8&Prime;][et_pb_column type=\u00a0\u00bb4_4&Prime; _builder_version=\u00a0\u00bb4.4.8&Prime;][et_pb_text module_id=\u00a0\u00bbconstruction\u00a0\u00bb _builder_version=\u00a0\u00bb4.6.5&Prime; text_font_size=\u00a0\u00bb20px\u00a0\u00bb animation_style=\u00a0\u00bbslide\u00a0\u00bb hover_enabled=\u00a0\u00bb0&Prime; sticky_enabled=\u00a0\u00bb0&Prime;]<\/p>\n<p style=\"text-align: center;\">En outre, nous proposons \u00e9galement des projets de construction dans lesquels le client a la possibilit\u00e9 de changer compl\u00e8tement l&rsquo;objet pour le transformer en sa nouvelle<\/p>\n<p style=\"text-align: center;\"><strong>LUXURY DREAM HOUSE.<\/strong><\/p>\n<p>[\/et_pb_text][\/et_pb_column][\/et_pb_row][et_pb_row column_structure=\u00a0\u00bb1_2,1_2&Prime; _builder_version=\u00a0\u00bb4.4.8&Prime;][et_pb_column type=\u00a0\u00bb1_2&Prime; _builder_version=\u00a0\u00bb4.4.8&Prime; custom_padding=\u00a0\u00bb3vw||||false|false\u00a0\u00bb][et_pb_image src=\u00a0\u00bbhttps:\/\/5starpropertiesaltea.com\/wp-content\/uploads\/2020\/06\/pic-new-built-4.jpeg\u00a0\u00bb title_text=\u00a0\u00bbpic new built 4&Prime; _builder_version=\u00a0\u00bb4.4.8&Prime; animation_style=\u00a0\u00bbslide\u00a0\u00bb animation_direction=\u00a0\u00bbleft\u00a0\u00bb][\/et_pb_image][\/et_pb_column][et_pb_column type=\u00a0\u00bb1_2&Prime; _builder_version=\u00a0\u00bb4.4.8&Prime;][et_pb_text _builder_version=\u00a0\u00bb4.6.5&Prime; animation_style=\u00a0\u00bbslide\u00a0\u00bb animation_direction=\u00a0\u00bbright\u00a0\u00bb hover_enabled=\u00a0\u00bb0&Prime; sticky_enabled=\u00a0\u00bb0&Prime;]<\/p>\n<h2 style=\"color: #ef334d; background-color: black; text-align: center;\">Construction<\/h2>\n<p style=\"text-align: center;\">En ce qui concerne la nouvelle construction et l&rsquo;achat d&rsquo;un plan, cela signifie que le client ne voit que les dessins de l&rsquo;architecte et cela peut \u00eatre difficile pour beaucoup de gens d&rsquo;imaginer \u00e0 quoi ressemblera la propri\u00e9t\u00e9 finie. Nous essayons de r\u00e9pondre \u00e0 vos besoins et de vous donner une id\u00e9e claire de ce que sera votre nouvelle maison.<\/p>\n<p>[\/et_pb_text][\/et_pb_column][\/et_pb_row][et_pb_row _builder_version=\u00a0\u00bb4.4.8&Prime; animation_style=\u00a0\u00bbslide\u00a0\u00bb][et_pb_column type=\u00a0\u00bb4_4&Prime; _builder_version=\u00a0\u00bb4.4.8&Prime;][et_pb_text _builder_version=\u00a0\u00bb4.6.5&Prime; hover_enabled=\u00a0\u00bb0&Prime; sticky_enabled=\u00a0\u00bb0&Prime;]<\/p>\n<p style=\"text-align: center;\">Vous pouvez nous contacter \u00e0 tout moment pour obtenir plus d&rsquo;informations sur nos belles maisons, ou nos prochains projets.<\/p>\n<p>[\/et_pb_text][et_pb_button button_url=\u00a0\u00bb\/fr\/nous-contacter\/\u00a0\u00bb button_text=\u00a0\u00bbContacter\u00a0\u00bb button_alignment=\u00a0\u00bbcenter\u00a0\u00bb _builder_version=\u00a0\u00bb4.6.5&Prime;][\/et_pb_button][\/et_pb_column][\/et_pb_row][et_pb_row _builder_version=\u00a0\u00bb4.4.8&Prime;][et_pb_column type=\u00a0\u00bb4_4&Prime; _builder_version=\u00a0\u00bb4.4.8&Prime;][et_pb_divider color=\u00a0\u00bb#000000&Prime; _builder_version=\u00a0\u00bb4.4.8&Prime;][\/et_pb_divider][\/et_pb_column][\/et_pb_row][\/et_pb_section]<\/p>\n","protected":false},"excerpt":{"rendered":"<p>NOUVELLE CONSTRUCTION Nous nous sp\u00e9cialisons dans les maisons nouvellement construites avec une architecture et un design modernes. Notre objectif principal est de nous assurer que les propri\u00e9t\u00e9s nouvellement construites que nous vendons contiennent un tr\u00e8s haut niveau de qualit\u00e9 de tous les mat\u00e9riaux n\u00e9cessaires \u00e0 la construction des villas. Nous savons ce que nos clients [&hellip;]<\/p>\n","protected":false},"author":1,"featured_media":2733,"parent":0,"menu_order":0,"comment_status":"closed","ping_status":"closed","template":"","meta":{"_acf_changed":false,"_et_pb_use_builder":"on","_et_pb_old_content":"","_et_gb_content_width":"","footnotes":""},"class_list":["post-2933","page","type-page","status-publish","has-post-thumbnail","hentry"],"acf":[],"yoast_head":"<!-- This site is optimized with the Yoast SEO plugin v27.4 - https:\/\/yoast.com\/product\/yoast-seo-wordpress\/ -->\n<title>Nouvelle construction - 5 Star Properties Altea<\/title>\n<meta name=\"robots\" content=\"index, follow, max-snippet:-1, max-image-preview:large, max-video-preview:-1\" \/>\n<link rel=\"canonical\" href=\"https:\/\/5starpropertiesaltea.com\/fr\/nouvelle-construction\/\" \/>\n<meta property=\"og:locale\" content=\"fr_FR\" \/>\n<meta property=\"og:type\" content=\"article\" \/>\n<meta property=\"og:title\" content=\"Nouvelle construction - 5 Star Properties Altea\" \/>\n<meta property=\"og:description\" content=\"NOUVELLE CONSTRUCTION Nous nous sp\u00e9cialisons dans les maisons nouvellement construites avec une architecture et un design modernes. Notre objectif principal est de nous assurer que les propri\u00e9t\u00e9s nouvellement construites que nous vendons contiennent un tr\u00e8s haut niveau de qualit\u00e9 de tous les mat\u00e9riaux n\u00e9cessaires \u00e0 la construction des villas. Nous savons ce que nos clients [&hellip;]\" \/>\n<meta property=\"og:url\" content=\"https:\/\/5starpropertiesaltea.com\/fr\/nouvelle-construction\/\" \/>\n<meta property=\"og:site_name\" content=\"5 Star Properties Altea\" \/>\n<meta property=\"article:modified_time\" content=\"2020-10-14T17:23:44+00:00\" \/>\n<meta property=\"og:image\" content=\"https:\/\/5starpropertiesaltea.com\/wp-content\/uploads\/2020\/06\/picture-7-new-built-architects.jpg\" \/>\n\t<meta property=\"og:image:width\" content=\"1906\" \/>\n\t<meta property=\"og:image:height\" content=\"730\" \/>\n\t<meta property=\"og:image:type\" content=\"image\/jpeg\" \/>\n<meta name=\"twitter:card\" content=\"summary_large_image\" \/>\n<meta name=\"twitter:label1\" content=\"Dur\u00e9e de lecture estim\u00e9e\" \/>\n\t<meta name=\"twitter:data1\" content=\"4 minutes\" \/>\n<script type=\"application\/ld+json\" class=\"yoast-schema-graph\">{\"@context\":\"https:\\\/\\\/schema.org\",\"@graph\":[{\"@type\":\"WebPage\",\"@id\":\"https:\\\/\\\/5starpropertiesaltea.com\\\/fr\\\/nouvelle-construction\\\/\",\"url\":\"https:\\\/\\\/5starpropertiesaltea.com\\\/fr\\\/nouvelle-construction\\\/\",\"name\":\"Nouvelle construction - 5 Star Properties Altea\",\"isPartOf\":{\"@id\":\"https:\\\/\\\/5starpropertiesaltea.com\\\/fr\\\/#website\"},\"primaryImageOfPage\":{\"@id\":\"https:\\\/\\\/5starpropertiesaltea.com\\\/fr\\\/nouvelle-construction\\\/#primaryimage\"},\"image\":{\"@id\":\"https:\\\/\\\/5starpropertiesaltea.com\\\/fr\\\/nouvelle-construction\\\/#primaryimage\"},\"thumbnailUrl\":\"https:\\\/\\\/5starpropertiesaltea.com\\\/wp-content\\\/uploads\\\/2020\\\/06\\\/picture-7-new-built-architects.jpg\",\"datePublished\":\"2020-06-23T06:21:01+00:00\",\"dateModified\":\"2020-10-14T17:23:44+00:00\",\"breadcrumb\":{\"@id\":\"https:\\\/\\\/5starpropertiesaltea.com\\\/fr\\\/nouvelle-construction\\\/#breadcrumb\"},\"inLanguage\":\"fr-FR\",\"potentialAction\":[{\"@type\":\"ReadAction\",\"target\":[\"https:\\\/\\\/5starpropertiesaltea.com\\\/fr\\\/nouvelle-construction\\\/\"]}]},{\"@type\":\"ImageObject\",\"inLanguage\":\"fr-FR\",\"@id\":\"https:\\\/\\\/5starpropertiesaltea.com\\\/fr\\\/nouvelle-construction\\\/#primaryimage\",\"url\":\"https:\\\/\\\/5starpropertiesaltea.com\\\/wp-content\\\/uploads\\\/2020\\\/06\\\/picture-7-new-built-architects.jpg\",\"contentUrl\":\"https:\\\/\\\/5starpropertiesaltea.com\\\/wp-content\\\/uploads\\\/2020\\\/06\\\/picture-7-new-built-architects.jpg\",\"width\":1906,\"height\":730},{\"@type\":\"BreadcrumbList\",\"@id\":\"https:\\\/\\\/5starpropertiesaltea.com\\\/fr\\\/nouvelle-construction\\\/#breadcrumb\",\"itemListElement\":[{\"@type\":\"ListItem\",\"position\":1,\"name\":\"Home\",\"item\":\"https:\\\/\\\/5starpropertiesaltea.com\\\/fr\\\/\"},{\"@type\":\"ListItem\",\"position\":2,\"name\":\"Nouvelle construction\"}]},{\"@type\":\"WebSite\",\"@id\":\"https:\\\/\\\/5starpropertiesaltea.com\\\/fr\\\/#website\",\"url\":\"https:\\\/\\\/5starpropertiesaltea.com\\\/fr\\\/\",\"name\":\"5 Star Properties Altea\",\"description\":\"Buy real estate in the Altea region\",\"publisher\":{\"@id\":\"https:\\\/\\\/5starpropertiesaltea.com\\\/fr\\\/#organization\"},\"potentialAction\":[{\"@type\":\"SearchAction\",\"target\":{\"@type\":\"EntryPoint\",\"urlTemplate\":\"https:\\\/\\\/5starpropertiesaltea.com\\\/fr\\\/?s={search_term_string}\"},\"query-input\":{\"@type\":\"PropertyValueSpecification\",\"valueRequired\":true,\"valueName\":\"search_term_string\"}}],\"inLanguage\":\"fr-FR\"},{\"@type\":\"Organization\",\"@id\":\"https:\\\/\\\/5starpropertiesaltea.com\\\/fr\\\/#organization\",\"name\":\"5 Star Properties Altea\",\"url\":\"https:\\\/\\\/5starpropertiesaltea.com\\\/fr\\\/\",\"logo\":{\"@type\":\"ImageObject\",\"inLanguage\":\"fr-FR\",\"@id\":\"https:\\\/\\\/5starpropertiesaltea.com\\\/fr\\\/#\\\/schema\\\/logo\\\/image\\\/\",\"url\":\"https:\\\/\\\/5starpropertiesaltea.com\\\/wp-content\\\/uploads\\\/2020\\\/10\\\/logo-5starpropertiesaltea-zwart.png\",\"contentUrl\":\"https:\\\/\\\/5starpropertiesaltea.com\\\/wp-content\\\/uploads\\\/2020\\\/10\\\/logo-5starpropertiesaltea-zwart.png\",\"width\":8623,\"height\":1064,\"caption\":\"5 Star Properties Altea\"},\"image\":{\"@id\":\"https:\\\/\\\/5starpropertiesaltea.com\\\/fr\\\/#\\\/schema\\\/logo\\\/image\\\/\"}}]}<\/script>\n<!-- \/ Yoast SEO plugin. -->","yoast_head_json":{"title":"Nouvelle construction - 5 Star Properties Altea","robots":{"index":"index","follow":"follow","max-snippet":"max-snippet:-1","max-image-preview":"max-image-preview:large","max-video-preview":"max-video-preview:-1"},"canonical":"https:\/\/5starpropertiesaltea.com\/fr\/nouvelle-construction\/","og_locale":"fr_FR","og_type":"article","og_title":"Nouvelle construction - 5 Star Properties Altea","og_description":"NOUVELLE CONSTRUCTION Nous nous sp\u00e9cialisons dans les maisons nouvellement construites avec une architecture et un design modernes. Notre objectif principal est de nous assurer que les propri\u00e9t\u00e9s nouvellement construites que nous vendons contiennent un tr\u00e8s haut niveau de qualit\u00e9 de tous les mat\u00e9riaux n\u00e9cessaires \u00e0 la construction des villas. Nous savons ce que nos clients [&hellip;]","og_url":"https:\/\/5starpropertiesaltea.com\/fr\/nouvelle-construction\/","og_site_name":"5 Star Properties Altea","article_modified_time":"2020-10-14T17:23:44+00:00","og_image":[{"width":1906,"height":730,"url":"https:\/\/5starpropertiesaltea.com\/wp-content\/uploads\/2020\/06\/picture-7-new-built-architects.jpg","type":"image\/jpeg"}],"twitter_card":"summary_large_image","twitter_misc":{"Dur\u00e9e de lecture estim\u00e9e":"4 minutes"},"schema":{"@context":"https:\/\/schema.org","@graph":[{"@type":"WebPage","@id":"https:\/\/5starpropertiesaltea.com\/fr\/nouvelle-construction\/","url":"https:\/\/5starpropertiesaltea.com\/fr\/nouvelle-construction\/","name":"Nouvelle construction - 5 Star Properties Altea","isPartOf":{"@id":"https:\/\/5starpropertiesaltea.com\/fr\/#website"},"primaryImageOfPage":{"@id":"https:\/\/5starpropertiesaltea.com\/fr\/nouvelle-construction\/#primaryimage"},"image":{"@id":"https:\/\/5starpropertiesaltea.com\/fr\/nouvelle-construction\/#primaryimage"},"thumbnailUrl":"https:\/\/5starpropertiesaltea.com\/wp-content\/uploads\/2020\/06\/picture-7-new-built-architects.jpg","datePublished":"2020-06-23T06:21:01+00:00","dateModified":"2020-10-14T17:23:44+00:00","breadcrumb":{"@id":"https:\/\/5starpropertiesaltea.com\/fr\/nouvelle-construction\/#breadcrumb"},"inLanguage":"fr-FR","potentialAction":[{"@type":"ReadAction","target":["https:\/\/5starpropertiesaltea.com\/fr\/nouvelle-construction\/"]}]},{"@type":"ImageObject","inLanguage":"fr-FR","@id":"https:\/\/5starpropertiesaltea.com\/fr\/nouvelle-construction\/#primaryimage","url":"https:\/\/5starpropertiesaltea.com\/wp-content\/uploads\/2020\/06\/picture-7-new-built-architects.jpg","contentUrl":"https:\/\/5starpropertiesaltea.com\/wp-content\/uploads\/2020\/06\/picture-7-new-built-architects.jpg","width":1906,"height":730},{"@type":"BreadcrumbList","@id":"https:\/\/5starpropertiesaltea.com\/fr\/nouvelle-construction\/#breadcrumb","itemListElement":[{"@type":"ListItem","position":1,"name":"Home","item":"https:\/\/5starpropertiesaltea.com\/fr\/"},{"@type":"ListItem","position":2,"name":"Nouvelle construction"}]},{"@type":"WebSite","@id":"https:\/\/5starpropertiesaltea.com\/fr\/#website","url":"https:\/\/5starpropertiesaltea.com\/fr\/","name":"5 Star Properties Altea","description":"Buy real estate in the Altea region","publisher":{"@id":"https:\/\/5starpropertiesaltea.com\/fr\/#organization"},"potentialAction":[{"@type":"SearchAction","target":{"@type":"EntryPoint","urlTemplate":"https:\/\/5starpropertiesaltea.com\/fr\/?s={search_term_string}"},"query-input":{"@type":"PropertyValueSpecification","valueRequired":true,"valueName":"search_term_string"}}],"inLanguage":"fr-FR"},{"@type":"Organization","@id":"https:\/\/5starpropertiesaltea.com\/fr\/#organization","name":"5 Star Properties Altea","url":"https:\/\/5starpropertiesaltea.com\/fr\/","logo":{"@type":"ImageObject","inLanguage":"fr-FR","@id":"https:\/\/5starpropertiesaltea.com\/fr\/#\/schema\/logo\/image\/","url":"https:\/\/5starpropertiesaltea.com\/wp-content\/uploads\/2020\/10\/logo-5starpropertiesaltea-zwart.png","contentUrl":"https:\/\/5starpropertiesaltea.com\/wp-content\/uploads\/2020\/10\/logo-5starpropertiesaltea-zwart.png","width":8623,"height":1064,"caption":"5 Star Properties Altea"},"image":{"@id":"https:\/\/5starpropertiesaltea.com\/fr\/#\/schema\/logo\/image\/"}}]}},"_links":{"self":[{"href":"https:\/\/5starpropertiesaltea.com\/fr\/wp-json\/wp\/v2\/pages\/2933","targetHints":{"allow":["GET"]}}],"collection":[{"href":"https:\/\/5starpropertiesaltea.com\/fr\/wp-json\/wp\/v2\/pages"}],"about":[{"href":"https:\/\/5starpropertiesaltea.com\/fr\/wp-json\/wp\/v2\/types\/page"}],"author":[{"embeddable":true,"href":"https:\/\/5starpropertiesaltea.com\/fr\/wp-json\/wp\/v2\/users\/1"}],"replies":[{"embeddable":true,"href":"https:\/\/5starpropertiesaltea.com\/fr\/wp-json\/wp\/v2\/comments?post=2933"}],"version-history":[{"count":5,"href":"https:\/\/5starpropertiesaltea.com\/fr\/wp-json\/wp\/v2\/pages\/2933\/revisions"}],"predecessor-version":[{"id":6065,"href":"https:\/\/5starpropertiesaltea.com\/fr\/wp-json\/wp\/v2\/pages\/2933\/revisions\/6065"}],"wp:featuredmedia":[{"embeddable":true,"href":"https:\/\/5starpropertiesaltea.com\/fr\/wp-json\/wp\/v2\/media\/2733"}],"wp:attachment":[{"href":"https:\/\/5starpropertiesaltea.com\/fr\/wp-json\/wp\/v2\/media?parent=2933"}],"curies":[{"name":"wp","href":"https:\/\/api.w.org\/{rel}","templated":true}]}}