{"id":2456,"date":"2020-05-27T10:19:24","date_gmt":"2020-05-27T10:19:24","guid":{"rendered":"https:\/\/staging.5starpropertiesaltea.com\/liste-avec-nous\/"},"modified":"2020-09-24T12:18:01","modified_gmt":"2020-09-24T12:18:01","slug":"liste-avec-nous","status":"publish","type":"page","link":"https:\/\/5starpropertiesaltea.com\/fr\/liste-avec-nous\/","title":{"rendered":"Liste avec nous"},"content":{"rendered":"<p>[et_pb_section fb_built=\u00a0\u00bb1&Prime; _builder_version=\u00a0\u00bb4.3.4&Prime; background_color=\u00a0\u00bbrgba(0,0,0,0.03)\u00a0\u00bb background_position=\u00a0\u00bbtop_center\u00a0\u00bb custom_margin=\u00a0\u00bb|||\u00a0\u00bb][et_pb_row _builder_version=\u00a0\u00bb3.25&Prime; custom_margin=\u00a0\u00bb|||\u00a0\u00bb locked=\u00a0\u00bboff\u00a0\u00bb][et_pb_column type=\u00a0\u00bb4_4&Prime; _builder_version=\u00a0\u00bb3.25&Prime; custom_padding=\u00a0\u00bb|||\u00a0\u00bb custom_padding__hover=\u00a0\u00bb|||\u00a0\u00bb][et_pb_text _builder_version=\u00a0\u00bb4.5.7&Prime; text_font=\u00a0\u00bbLato||||||||\u00a0\u00bb header_font=\u00a0\u00bb||||||||\u00a0\u00bb header_2_font_size=\u00a0\u00bb42px\u00a0\u00bb text_orientation=\u00a0\u00bbcenter\u00a0\u00bb locked=\u00a0\u00bboff\u00a0\u00bb]<\/p>\n<h1>LISTE AVEC NOUS<\/h1>\n<p>&nbsp;<\/p>\n<div>\n<p align=\"center\"><span lang=\"EN-US\">Altea et la Costa Blanca est notre passion et la belle qualit\u00e9 de vie en M\u00e9diterran\u00e9e nous inspire chaque jour \u00e0 faire de notre mieux pour nos clients et \u00e0 r\u00e9pondre aux exigences \u00e9lev\u00e9es de nous-m\u00eames. <\/span>Toute l\u2019\u00e9quipe de\u00a0<em>5<\/em>\u00a0<strong>Star Properties Altea<\/strong>\u00a0est heureuse de prendre cette responsabilit\u00e9 et de donner l\u2019exemple.<\/p>\n<\/div>\n<div>\n<p align=\"center\">\n<\/div>\n<div>\n<p align=\"center\"><span lang=\"EN-US\">Choisir le bon agent immobilier pour vendre votre maison est l\u2019une des d\u00e9cisions les plus importantes que vous prendrez. Cela peut faire la diff\u00e9rence entre que votre maison soit sur le march\u00e9 depuis des mois, ou se vende rapidement pour des centaines voire des milliers d\u2019euros de plus. De nombreuses questions et pr\u00e9occupations devront \u00eatre clarifi\u00e9es et les conseils et consultations professionnels que vous recevrez peuvent faire une \u00e9norme diff\u00e9rence dans les r\u00e9sultats. Conception, calendrier et pr\u00e9sentation, mise \u00e0 niveau et \/ ou remodelage, photographie et vid\u00e9os de premi\u00e8re classe, exposition sur Internet.<\/span><\/p>\n<\/div>\n<div>\n<p align=\"center\"><span lang=\"EN-US\">Le marketing et la publicit\u00e9, les journ\u00e9es portes ouvertes, la mise en sc\u00e8ne, les mesures de plan d\u2019\u00e9tage, les inspections, l\u2019exposition avant la mise en march\u00e9, la tarification correcte et des dizaines de nuances et de propositions suppl\u00e9mentaires font la diff\u00e9rence entre l\u2019\u00e9chec et une vente r\u00e9ussie.<\/span><\/p>\n<\/div>\n<div>\n<p align=\"center\"><span lang=\"EN-US\">Le groupe 5 \u00e9toiles Properties Altea est vraiment une soci\u00e9t\u00e9 de courtage \u00e0 service complet et pas seulement un agent immobilier. Notre objectif est d\u2019\u00eatre l\u2019entreprise la plus conviviale de la Costa Blanca. Avec de l\u2019exp\u00e9rience, de l\u2019empathie et un succ\u00e8s prouv\u00e9, nous ne vendrons pas seulement des maisons, nous apporterons des r\u00e9sultats \u00e0 nos clients.<\/span><\/p>\n<\/div>\n<p>[\/et_pb_text][\/et_pb_column][\/et_pb_row][et_pb_row _builder_version=\u00a0\u00bb4.3.4&Prime;][et_pb_column type=\u00a0\u00bb4_4&Prime; _builder_version=\u00a0\u00bb4.3.4&Prime;][et_pb_button button_url=\u00a0\u00bbhttps:\/\/5starpropertiesaltea.com\/fr\/vendeur\/\u00a0\u00bb button_text=\u00a0\u00bb\u00c9VALUATION DE VOTRE MAISON\u00a0\u00bb button_alignment=\u00a0\u00bbcenter\u00a0\u00bb _builder_version=\u00a0\u00bb4.3.4&Prime;][\/et_pb_button][\/et_pb_column][\/et_pb_row][\/et_pb_section]<\/p>\n","protected":false},"excerpt":{"rendered":"<p>LISTE AVEC NOUS &nbsp; Altea et la Costa Blanca est notre passion et la belle qualit\u00e9 de vie en M\u00e9diterran\u00e9e nous inspire chaque jour \u00e0 faire de notre mieux pour nos clients et \u00e0 r\u00e9pondre aux exigences \u00e9lev\u00e9es de nous-m\u00eames. Toute l\u2019\u00e9quipe de\u00a05\u00a0Star Properties Altea\u00a0est heureuse de prendre cette responsabilit\u00e9 et de donner l\u2019exemple. Choisir [&hellip;]<\/p>\n","protected":false},"author":1,"featured_media":2680,"parent":0,"menu_order":0,"comment_status":"closed","ping_status":"closed","template":"","meta":{"_acf_changed":false,"_et_pb_use_builder":"on","_et_pb_old_content":"","_et_gb_content_width":"","footnotes":""},"class_list":["post-2456","page","type-page","status-publish","has-post-thumbnail","hentry"],"acf":[],"yoast_head":"<!-- This site is optimized with the Yoast SEO plugin v27.4 - https:\/\/yoast.com\/product\/yoast-seo-wordpress\/ -->\n<title>Liste avec nous - 5 Star Properties Altea<\/title>\n<meta name=\"robots\" content=\"index, follow, max-snippet:-1, max-image-preview:large, max-video-preview:-1\" \/>\n<link rel=\"canonical\" href=\"https:\/\/5starpropertiesaltea.com\/fr\/liste-avec-nous\/\" \/>\n<meta property=\"og:locale\" content=\"fr_FR\" \/>\n<meta property=\"og:type\" content=\"article\" \/>\n<meta property=\"og:title\" content=\"Liste avec nous - 5 Star Properties Altea\" \/>\n<meta property=\"og:description\" content=\"LISTE AVEC NOUS &nbsp; Altea et la Costa Blanca est notre passion et la belle qualit\u00e9 de vie en M\u00e9diterran\u00e9e nous inspire chaque jour \u00e0 faire de notre mieux pour nos clients et \u00e0 r\u00e9pondre aux exigences \u00e9lev\u00e9es de nous-m\u00eames. Toute l\u2019\u00e9quipe de\u00a05\u00a0Star Properties Altea\u00a0est heureuse de prendre cette responsabilit\u00e9 et de donner l\u2019exemple. Choisir [&hellip;]\" \/>\n<meta property=\"og:url\" content=\"https:\/\/5starpropertiesaltea.com\/fr\/liste-avec-nous\/\" \/>\n<meta property=\"og:site_name\" content=\"5 Star Properties Altea\" \/>\n<meta property=\"article:modified_time\" content=\"2020-09-24T12:18:01+00:00\" \/>\n<meta property=\"og:image\" content=\"https:\/\/5starpropertiesaltea.com\/wp-content\/uploads\/2020\/06\/Website-foto2.jpg\" \/>\n\t<meta property=\"og:image:width\" content=\"1504\" \/>\n\t<meta property=\"og:image:height\" content=\"1000\" \/>\n\t<meta property=\"og:image:type\" content=\"image\/jpeg\" \/>\n<meta name=\"twitter:card\" content=\"summary_large_image\" \/>\n<meta name=\"twitter:label1\" content=\"Dur\u00e9e de lecture estim\u00e9e\" \/>\n\t<meta name=\"twitter:data1\" content=\"2 minutes\" \/>\n<script type=\"application\/ld+json\" class=\"yoast-schema-graph\">{\"@context\":\"https:\\\/\\\/schema.org\",\"@graph\":[{\"@type\":\"WebPage\",\"@id\":\"https:\\\/\\\/5starpropertiesaltea.com\\\/fr\\\/liste-avec-nous\\\/\",\"url\":\"https:\\\/\\\/5starpropertiesaltea.com\\\/fr\\\/liste-avec-nous\\\/\",\"name\":\"Liste avec nous - 5 Star Properties Altea\",\"isPartOf\":{\"@id\":\"https:\\\/\\\/5starpropertiesaltea.com\\\/fr\\\/#website\"},\"primaryImageOfPage\":{\"@id\":\"https:\\\/\\\/5starpropertiesaltea.com\\\/fr\\\/liste-avec-nous\\\/#primaryimage\"},\"image\":{\"@id\":\"https:\\\/\\\/5starpropertiesaltea.com\\\/fr\\\/liste-avec-nous\\\/#primaryimage\"},\"thumbnailUrl\":\"https:\\\/\\\/5starpropertiesaltea.com\\\/wp-content\\\/uploads\\\/2020\\\/06\\\/Website-foto2.jpg\",\"datePublished\":\"2020-05-27T10:19:24+00:00\",\"dateModified\":\"2020-09-24T12:18:01+00:00\",\"breadcrumb\":{\"@id\":\"https:\\\/\\\/5starpropertiesaltea.com\\\/fr\\\/liste-avec-nous\\\/#breadcrumb\"},\"inLanguage\":\"fr-FR\",\"potentialAction\":[{\"@type\":\"ReadAction\",\"target\":[\"https:\\\/\\\/5starpropertiesaltea.com\\\/fr\\\/liste-avec-nous\\\/\"]}]},{\"@type\":\"ImageObject\",\"inLanguage\":\"fr-FR\",\"@id\":\"https:\\\/\\\/5starpropertiesaltea.com\\\/fr\\\/liste-avec-nous\\\/#primaryimage\",\"url\":\"https:\\\/\\\/5starpropertiesaltea.com\\\/wp-content\\\/uploads\\\/2020\\\/06\\\/Website-foto2.jpg\",\"contentUrl\":\"https:\\\/\\\/5starpropertiesaltea.com\\\/wp-content\\\/uploads\\\/2020\\\/06\\\/Website-foto2.jpg\",\"width\":1504,\"height\":1000},{\"@type\":\"BreadcrumbList\",\"@id\":\"https:\\\/\\\/5starpropertiesaltea.com\\\/fr\\\/liste-avec-nous\\\/#breadcrumb\",\"itemListElement\":[{\"@type\":\"ListItem\",\"position\":1,\"name\":\"Home\",\"item\":\"https:\\\/\\\/5starpropertiesaltea.com\\\/fr\\\/\"},{\"@type\":\"ListItem\",\"position\":2,\"name\":\"Liste avec nous\"}]},{\"@type\":\"WebSite\",\"@id\":\"https:\\\/\\\/5starpropertiesaltea.com\\\/fr\\\/#website\",\"url\":\"https:\\\/\\\/5starpropertiesaltea.com\\\/fr\\\/\",\"name\":\"5 Star Properties Altea\",\"description\":\"Buy real estate in the Altea region\",\"publisher\":{\"@id\":\"https:\\\/\\\/5starpropertiesaltea.com\\\/fr\\\/#organization\"},\"potentialAction\":[{\"@type\":\"SearchAction\",\"target\":{\"@type\":\"EntryPoint\",\"urlTemplate\":\"https:\\\/\\\/5starpropertiesaltea.com\\\/fr\\\/?s={search_term_string}\"},\"query-input\":{\"@type\":\"PropertyValueSpecification\",\"valueRequired\":true,\"valueName\":\"search_term_string\"}}],\"inLanguage\":\"fr-FR\"},{\"@type\":\"Organization\",\"@id\":\"https:\\\/\\\/5starpropertiesaltea.com\\\/fr\\\/#organization\",\"name\":\"5 Star Properties Altea\",\"url\":\"https:\\\/\\\/5starpropertiesaltea.com\\\/fr\\\/\",\"logo\":{\"@type\":\"ImageObject\",\"inLanguage\":\"fr-FR\",\"@id\":\"https:\\\/\\\/5starpropertiesaltea.com\\\/fr\\\/#\\\/schema\\\/logo\\\/image\\\/\",\"url\":\"https:\\\/\\\/5starpropertiesaltea.com\\\/wp-content\\\/uploads\\\/2020\\\/10\\\/logo-5starpropertiesaltea-zwart.png\",\"contentUrl\":\"https:\\\/\\\/5starpropertiesaltea.com\\\/wp-content\\\/uploads\\\/2020\\\/10\\\/logo-5starpropertiesaltea-zwart.png\",\"width\":8623,\"height\":1064,\"caption\":\"5 Star Properties Altea\"},\"image\":{\"@id\":\"https:\\\/\\\/5starpropertiesaltea.com\\\/fr\\\/#\\\/schema\\\/logo\\\/image\\\/\"}}]}<\/script>\n<!-- \/ Yoast SEO plugin. -->","yoast_head_json":{"title":"Liste avec nous - 5 Star Properties Altea","robots":{"index":"index","follow":"follow","max-snippet":"max-snippet:-1","max-image-preview":"max-image-preview:large","max-video-preview":"max-video-preview:-1"},"canonical":"https:\/\/5starpropertiesaltea.com\/fr\/liste-avec-nous\/","og_locale":"fr_FR","og_type":"article","og_title":"Liste avec nous - 5 Star Properties Altea","og_description":"LISTE AVEC NOUS &nbsp; Altea et la Costa Blanca est notre passion et la belle qualit\u00e9 de vie en M\u00e9diterran\u00e9e nous inspire chaque jour \u00e0 faire de notre mieux pour nos clients et \u00e0 r\u00e9pondre aux exigences \u00e9lev\u00e9es de nous-m\u00eames. Toute l\u2019\u00e9quipe de\u00a05\u00a0Star Properties Altea\u00a0est heureuse de prendre cette responsabilit\u00e9 et de donner l\u2019exemple. Choisir [&hellip;]","og_url":"https:\/\/5starpropertiesaltea.com\/fr\/liste-avec-nous\/","og_site_name":"5 Star Properties Altea","article_modified_time":"2020-09-24T12:18:01+00:00","og_image":[{"width":1504,"height":1000,"url":"https:\/\/5starpropertiesaltea.com\/wp-content\/uploads\/2020\/06\/Website-foto2.jpg","type":"image\/jpeg"}],"twitter_card":"summary_large_image","twitter_misc":{"Dur\u00e9e de lecture estim\u00e9e":"2 minutes"},"schema":{"@context":"https:\/\/schema.org","@graph":[{"@type":"WebPage","@id":"https:\/\/5starpropertiesaltea.com\/fr\/liste-avec-nous\/","url":"https:\/\/5starpropertiesaltea.com\/fr\/liste-avec-nous\/","name":"Liste avec nous - 5 Star Properties Altea","isPartOf":{"@id":"https:\/\/5starpropertiesaltea.com\/fr\/#website"},"primaryImageOfPage":{"@id":"https:\/\/5starpropertiesaltea.com\/fr\/liste-avec-nous\/#primaryimage"},"image":{"@id":"https:\/\/5starpropertiesaltea.com\/fr\/liste-avec-nous\/#primaryimage"},"thumbnailUrl":"https:\/\/5starpropertiesaltea.com\/wp-content\/uploads\/2020\/06\/Website-foto2.jpg","datePublished":"2020-05-27T10:19:24+00:00","dateModified":"2020-09-24T12:18:01+00:00","breadcrumb":{"@id":"https:\/\/5starpropertiesaltea.com\/fr\/liste-avec-nous\/#breadcrumb"},"inLanguage":"fr-FR","potentialAction":[{"@type":"ReadAction","target":["https:\/\/5starpropertiesaltea.com\/fr\/liste-avec-nous\/"]}]},{"@type":"ImageObject","inLanguage":"fr-FR","@id":"https:\/\/5starpropertiesaltea.com\/fr\/liste-avec-nous\/#primaryimage","url":"https:\/\/5starpropertiesaltea.com\/wp-content\/uploads\/2020\/06\/Website-foto2.jpg","contentUrl":"https:\/\/5starpropertiesaltea.com\/wp-content\/uploads\/2020\/06\/Website-foto2.jpg","width":1504,"height":1000},{"@type":"BreadcrumbList","@id":"https:\/\/5starpropertiesaltea.com\/fr\/liste-avec-nous\/#breadcrumb","itemListElement":[{"@type":"ListItem","position":1,"name":"Home","item":"https:\/\/5starpropertiesaltea.com\/fr\/"},{"@type":"ListItem","position":2,"name":"Liste avec nous"}]},{"@type":"WebSite","@id":"https:\/\/5starpropertiesaltea.com\/fr\/#website","url":"https:\/\/5starpropertiesaltea.com\/fr\/","name":"5 Star Properties Altea","description":"Buy real estate in the Altea region","publisher":{"@id":"https:\/\/5starpropertiesaltea.com\/fr\/#organization"},"potentialAction":[{"@type":"SearchAction","target":{"@type":"EntryPoint","urlTemplate":"https:\/\/5starpropertiesaltea.com\/fr\/?s={search_term_string}"},"query-input":{"@type":"PropertyValueSpecification","valueRequired":true,"valueName":"search_term_string"}}],"inLanguage":"fr-FR"},{"@type":"Organization","@id":"https:\/\/5starpropertiesaltea.com\/fr\/#organization","name":"5 Star Properties Altea","url":"https:\/\/5starpropertiesaltea.com\/fr\/","logo":{"@type":"ImageObject","inLanguage":"fr-FR","@id":"https:\/\/5starpropertiesaltea.com\/fr\/#\/schema\/logo\/image\/","url":"https:\/\/5starpropertiesaltea.com\/wp-content\/uploads\/2020\/10\/logo-5starpropertiesaltea-zwart.png","contentUrl":"https:\/\/5starpropertiesaltea.com\/wp-content\/uploads\/2020\/10\/logo-5starpropertiesaltea-zwart.png","width":8623,"height":1064,"caption":"5 Star Properties Altea"},"image":{"@id":"https:\/\/5starpropertiesaltea.com\/fr\/#\/schema\/logo\/image\/"}}]}},"_links":{"self":[{"href":"https:\/\/5starpropertiesaltea.com\/fr\/wp-json\/wp\/v2\/pages\/2456","targetHints":{"allow":["GET"]}}],"collection":[{"href":"https:\/\/5starpropertiesaltea.com\/fr\/wp-json\/wp\/v2\/pages"}],"about":[{"href":"https:\/\/5starpropertiesaltea.com\/fr\/wp-json\/wp\/v2\/types\/page"}],"author":[{"embeddable":true,"href":"https:\/\/5starpropertiesaltea.com\/fr\/wp-json\/wp\/v2\/users\/1"}],"replies":[{"embeddable":true,"href":"https:\/\/5starpropertiesaltea.com\/fr\/wp-json\/wp\/v2\/comments?post=2456"}],"version-history":[{"count":5,"href":"https:\/\/5starpropertiesaltea.com\/fr\/wp-json\/wp\/v2\/pages\/2456\/revisions"}],"predecessor-version":[{"id":5577,"href":"https:\/\/5starpropertiesaltea.com\/fr\/wp-json\/wp\/v2\/pages\/2456\/revisions\/5577"}],"wp:featuredmedia":[{"embeddable":true,"href":"https:\/\/5starpropertiesaltea.com\/fr\/wp-json\/wp\/v2\/media\/2680"}],"wp:attachment":[{"href":"https:\/\/5starpropertiesaltea.com\/fr\/wp-json\/wp\/v2\/media?parent=2456"}],"curies":[{"name":"wp","href":"https:\/\/api.w.org\/{rel}","templated":true}]}}