{"id":1713,"date":"2020-06-02T07:51:32","date_gmt":"2020-06-02T07:51:32","guid":{"rendered":"https:\/\/staging.5starpropertiesaltea.com\/guides-a-proximite\/"},"modified":"2020-09-24T12:36:27","modified_gmt":"2020-09-24T12:36:27","slug":"guides-a-proximite","status":"publish","type":"page","link":"https:\/\/5starpropertiesaltea.com\/fr\/guides-a-proximite\/","title":{"rendered":"Guides \u00e0 Proximit\u00e9"},"content":{"rendered":"<p>[et_pb_section fb_built=\u00a0\u00bb1&Prime; admin_label=\u00a0\u00bbsection\u00a0\u00bb _builder_version=\u00a0\u00bb3.22&Prime;][et_pb_row _builder_version=\u00a0\u00bb4.3.4&Prime;][et_pb_column type=\u00a0\u00bb4_4&Prime; _builder_version=\u00a0\u00bb4.3.4&Prime;][et_pb_text _builder_version=\u00a0\u00bb4.3.4&Prime;]<\/p>\n<h1>GUIDES \u00c0 PROXIMIT\u00c9<\/h1>\n<p>Click on the pin for more information.[\/et_pb_text][\/et_pb_column][\/et_pb_row][et_pb_row _builder_version=\u00a0\u00bb4.4.8&Prime; custom_margin=\u00a0\u00bb||||false|false\u00a0\u00bb][et_pb_column type=\u00a0\u00bb4_4&Prime; _builder_version=\u00a0\u00bb4.4.8&Prime;][et_pb_code _builder_version=\u00a0\u00bb4.4.8&Prime;]<style type=\"text\/css\" id=\"gmpMapStyles_4_29443\">\r\n\t#google_map_easy_4_29443 {\r\n        width: 100%;\r\n        height: 800px;\r\n\t\t\t\t\t\t    }\r\n\t#gmapControlsNum_4_29443 {\r\n\t\twidth:100%\t}\r\n\t.gmpMapDetailsContainer#gmpMapDetailsContainer_4_29443 {\r\n\t\theight:800px;\r\n\t}\r\n\t.gmp_MapPreview#google_map_easy_4_29443 {\r\n\t\t\/*position:absolute;*\/\r\n\t\twidth: 100%;\r\n\t}\r\n\t#mapConElem_4_29443{\r\n\t\twidth: 100%\t}\r\n    .gm-style .gm-style-iw-c{\r\n        padding: 12px!important;\r\n    }\r\n\t    <\/style>\r\n <div class=\"gmp_map_opts\" id=\"mapConElem_4_29443\" data-id=\"4\" data-view-id=\"4_29443\" > <div class=\"gmpMapDetailsContainer\" id=\"gmpMapDetailsContainer_4_29443\"> <i class=\"gmpKMLLayersPreloader fa fa-spinner fa-spin\" aria-hidden=\"true\" style=\"display: none;\"><\/i> <div class=\"gmp_MapPreview \" id=\"google_map_easy_4_29443\"><\/div> <\/div> <div class=\"gmpMapMarkerFilters\" id=\"gmpMapMarkerFilters_4_29443\"> <\/div> <div class=\"gmpMapProControlsCon\" id=\"gmpMapProControlsCon_4_29443\"> <a title=\"Google Maps Wordpress\" style=\"display:none;\" href=\"https:\/\/supsystic.com\/plugins\/google-maps-plugin\/?utm_medium=love_link_hide\" target=\"_blank\">Google Maps Wordpress<\/a><div style=\"clear: both;\"><\/div> <\/div> <div class=\"gmpMapProDirectionsCon\" id=\"gmpMapProDirectionsCon_4_29443\" > <\/div> <div class=\"gmpMapProKmlFilterCon\" id=\"gmpMapProKmlFilterCon_4_29443\" > <\/div> <div class=\"gmpSocialSharingShell gmpSocialSharingShell_4_29443\"> <\/div> <div style=\"clear: both;\"><\/div> <\/div> [\/et_pb_code][\/et_pb_column][\/et_pb_row][\/et_pb_section][et_pb_section fb_built=\u00a0\u00bb1&Prime; fullwidth=\u00a0\u00bbon\u00a0\u00bb _builder_version=\u00a0\u00bb4.4.8&Prime;][\/et_pb_section]<\/p>\n","protected":false},"excerpt":{"rendered":"<p>GUIDES \u00c0 PROXIMIT\u00c9 Click on the pin for more information.<style type=\"text\/css\" id=\"gmpMapStyles_4_40808\">\r\n\t#google_map_easy_4_40808 {\r\n        width: 100%;\r\n        height: 800px;\r\n\t\t\t\t\t\t    }\r\n\t#gmapControlsNum_4_40808 {\r\n\t\twidth:100%\t}\r\n\t.gmpMapDetailsContainer#gmpMapDetailsContainer_4_40808 {\r\n\t\theight:800px;\r\n\t}\r\n\t.gmp_MapPreview#google_map_easy_4_40808 {\r\n\t\t\/*position:absolute;*\/\r\n\t\twidth: 100%;\r\n\t}\r\n\t#mapConElem_4_40808{\r\n\t\twidth: 100%\t}\r\n    .gm-style .gm-style-iw-c{\r\n        padding: 12px!important;\r\n    }\r\n\t    <\/style>\r\n <div class=\"gmp_map_opts\" id=\"mapConElem_4_40808\" data-id=\"4\" data-view-id=\"4_40808\" > <div class=\"gmpMapDetailsContainer\" id=\"gmpMapDetailsContainer_4_40808\"> <i class=\"gmpKMLLayersPreloader fa fa-spinner fa-spin\" aria-hidden=\"true\" style=\"display: none;\"><\/i> <div class=\"gmp_MapPreview \" id=\"google_map_easy_4_40808\"><\/div> <\/div> <div class=\"gmpMapMarkerFilters\" id=\"gmpMapMarkerFilters_4_40808\"> <\/div> <div class=\"gmpMapProControlsCon\" id=\"gmpMapProControlsCon_4_40808\"> <a title=\"Google Maps Wordpress\" style=\"display:none;\" href=\"https:\/\/supsystic.com\/plugins\/google-maps-plugin\/?utm_medium=love_link_hide\" target=\"_blank\">Google Maps Wordpress<\/a><div style=\"clear: both;\"><\/div> <\/div> <div class=\"gmpMapProDirectionsCon\" id=\"gmpMapProDirectionsCon_4_40808\" > <\/div> <div class=\"gmpMapProKmlFilterCon\" id=\"gmpMapProKmlFilterCon_4_40808\" > <\/div> <div class=\"gmpSocialSharingShell gmpSocialSharingShell_4_40808\"> <\/div> <div style=\"clear: both;\"><\/div> <\/div> <\/p>\n","protected":false},"author":1,"featured_media":6057,"parent":0,"menu_order":0,"comment_status":"closed","ping_status":"closed","template":"","meta":{"_acf_changed":false,"_et_pb_use_builder":"on","_et_pb_old_content":"","_et_gb_content_width":"","footnotes":""},"class_list":["post-1713","page","type-page","status-publish","has-post-thumbnail","hentry"],"acf":[],"yoast_head":"<!-- This site is optimized with the Yoast SEO plugin v27.4 - https:\/\/yoast.com\/product\/yoast-seo-wordpress\/ -->\n<title>Guides \u00e0 Proximit\u00e9 - 5 Star Properties Altea<\/title>\n<meta name=\"robots\" content=\"index, follow, max-snippet:-1, max-image-preview:large, max-video-preview:-1\" \/>\n<link rel=\"canonical\" href=\"https:\/\/5starpropertiesaltea.com\/fr\/guides-a-proximite\/\" \/>\n<meta property=\"og:locale\" content=\"fr_FR\" \/>\n<meta property=\"og:type\" content=\"article\" \/>\n<meta property=\"og:title\" content=\"Guides \u00e0 Proximit\u00e9 - 5 Star Properties Altea\" \/>\n<meta property=\"og:description\" content=\"GUIDES \u00c0 PROXIMIT\u00c9 Click on the pin for more information.\" \/>\n<meta property=\"og:url\" content=\"https:\/\/5starpropertiesaltea.com\/fr\/guides-a-proximite\/\" \/>\n<meta property=\"og:site_name\" content=\"5 Star Properties Altea\" \/>\n<meta property=\"article:modified_time\" content=\"2020-09-24T12:36:27+00:00\" \/>\n<meta property=\"og:image\" content=\"https:\/\/5starpropertiesaltea.com\/wp-content\/uploads\/2020\/10\/Vintage-fireplace-luxury-2.jpg\" \/>\n\t<meta property=\"og:image:width\" content=\"989\" \/>\n\t<meta property=\"og:image:height\" content=\"679\" \/>\n\t<meta property=\"og:image:type\" content=\"image\/jpeg\" \/>\n<meta name=\"twitter:card\" content=\"summary_large_image\" \/>\n<script type=\"application\/ld+json\" class=\"yoast-schema-graph\">{\"@context\":\"https:\\\/\\\/schema.org\",\"@graph\":[{\"@type\":\"WebPage\",\"@id\":\"https:\\\/\\\/5starpropertiesaltea.com\\\/fr\\\/guides-a-proximite\\\/\",\"url\":\"https:\\\/\\\/5starpropertiesaltea.com\\\/fr\\\/guides-a-proximite\\\/\",\"name\":\"Guides \u00e0 Proximit\u00e9 - 5 Star Properties Altea\",\"isPartOf\":{\"@id\":\"https:\\\/\\\/5starpropertiesaltea.com\\\/fr\\\/#website\"},\"primaryImageOfPage\":{\"@id\":\"https:\\\/\\\/5starpropertiesaltea.com\\\/fr\\\/guides-a-proximite\\\/#primaryimage\"},\"image\":{\"@id\":\"https:\\\/\\\/5starpropertiesaltea.com\\\/fr\\\/guides-a-proximite\\\/#primaryimage\"},\"thumbnailUrl\":\"https:\\\/\\\/5starpropertiesaltea.com\\\/wp-content\\\/uploads\\\/2020\\\/10\\\/Vintage-fireplace-luxury-2.jpg\",\"datePublished\":\"2020-06-02T07:51:32+00:00\",\"dateModified\":\"2020-09-24T12:36:27+00:00\",\"breadcrumb\":{\"@id\":\"https:\\\/\\\/5starpropertiesaltea.com\\\/fr\\\/guides-a-proximite\\\/#breadcrumb\"},\"inLanguage\":\"fr-FR\",\"potentialAction\":[{\"@type\":\"ReadAction\",\"target\":[\"https:\\\/\\\/5starpropertiesaltea.com\\\/fr\\\/guides-a-proximite\\\/\"]}]},{\"@type\":\"ImageObject\",\"inLanguage\":\"fr-FR\",\"@id\":\"https:\\\/\\\/5starpropertiesaltea.com\\\/fr\\\/guides-a-proximite\\\/#primaryimage\",\"url\":\"https:\\\/\\\/5starpropertiesaltea.com\\\/wp-content\\\/uploads\\\/2020\\\/10\\\/Vintage-fireplace-luxury-2.jpg\",\"contentUrl\":\"https:\\\/\\\/5starpropertiesaltea.com\\\/wp-content\\\/uploads\\\/2020\\\/10\\\/Vintage-fireplace-luxury-2.jpg\",\"width\":989,\"height\":679},{\"@type\":\"BreadcrumbList\",\"@id\":\"https:\\\/\\\/5starpropertiesaltea.com\\\/fr\\\/guides-a-proximite\\\/#breadcrumb\",\"itemListElement\":[{\"@type\":\"ListItem\",\"position\":1,\"name\":\"Home\",\"item\":\"https:\\\/\\\/5starpropertiesaltea.com\\\/fr\\\/\"},{\"@type\":\"ListItem\",\"position\":2,\"name\":\"Guides \u00e0 Proximit\u00e9\"}]},{\"@type\":\"WebSite\",\"@id\":\"https:\\\/\\\/5starpropertiesaltea.com\\\/fr\\\/#website\",\"url\":\"https:\\\/\\\/5starpropertiesaltea.com\\\/fr\\\/\",\"name\":\"5 Star Properties Altea\",\"description\":\"Buy real estate in the Altea region\",\"publisher\":{\"@id\":\"https:\\\/\\\/5starpropertiesaltea.com\\\/fr\\\/#organization\"},\"potentialAction\":[{\"@type\":\"SearchAction\",\"target\":{\"@type\":\"EntryPoint\",\"urlTemplate\":\"https:\\\/\\\/5starpropertiesaltea.com\\\/fr\\\/?s={search_term_string}\"},\"query-input\":{\"@type\":\"PropertyValueSpecification\",\"valueRequired\":true,\"valueName\":\"search_term_string\"}}],\"inLanguage\":\"fr-FR\"},{\"@type\":\"Organization\",\"@id\":\"https:\\\/\\\/5starpropertiesaltea.com\\\/fr\\\/#organization\",\"name\":\"5 Star Properties Altea\",\"url\":\"https:\\\/\\\/5starpropertiesaltea.com\\\/fr\\\/\",\"logo\":{\"@type\":\"ImageObject\",\"inLanguage\":\"fr-FR\",\"@id\":\"https:\\\/\\\/5starpropertiesaltea.com\\\/fr\\\/#\\\/schema\\\/logo\\\/image\\\/\",\"url\":\"https:\\\/\\\/5starpropertiesaltea.com\\\/wp-content\\\/uploads\\\/2020\\\/10\\\/logo-5starpropertiesaltea-zwart.png\",\"contentUrl\":\"https:\\\/\\\/5starpropertiesaltea.com\\\/wp-content\\\/uploads\\\/2020\\\/10\\\/logo-5starpropertiesaltea-zwart.png\",\"width\":8623,\"height\":1064,\"caption\":\"5 Star Properties Altea\"},\"image\":{\"@id\":\"https:\\\/\\\/5starpropertiesaltea.com\\\/fr\\\/#\\\/schema\\\/logo\\\/image\\\/\"}}]}<\/script>\n<!-- \/ Yoast SEO plugin. -->","yoast_head_json":{"title":"Guides \u00e0 Proximit\u00e9 - 5 Star Properties Altea","robots":{"index":"index","follow":"follow","max-snippet":"max-snippet:-1","max-image-preview":"max-image-preview:large","max-video-preview":"max-video-preview:-1"},"canonical":"https:\/\/5starpropertiesaltea.com\/fr\/guides-a-proximite\/","og_locale":"fr_FR","og_type":"article","og_title":"Guides \u00e0 Proximit\u00e9 - 5 Star Properties Altea","og_description":"GUIDES \u00c0 PROXIMIT\u00c9 Click on the pin for more information.","og_url":"https:\/\/5starpropertiesaltea.com\/fr\/guides-a-proximite\/","og_site_name":"5 Star Properties Altea","article_modified_time":"2020-09-24T12:36:27+00:00","og_image":[{"width":989,"height":679,"url":"https:\/\/5starpropertiesaltea.com\/wp-content\/uploads\/2020\/10\/Vintage-fireplace-luxury-2.jpg","type":"image\/jpeg"}],"twitter_card":"summary_large_image","schema":{"@context":"https:\/\/schema.org","@graph":[{"@type":"WebPage","@id":"https:\/\/5starpropertiesaltea.com\/fr\/guides-a-proximite\/","url":"https:\/\/5starpropertiesaltea.com\/fr\/guides-a-proximite\/","name":"Guides \u00e0 Proximit\u00e9 - 5 Star Properties Altea","isPartOf":{"@id":"https:\/\/5starpropertiesaltea.com\/fr\/#website"},"primaryImageOfPage":{"@id":"https:\/\/5starpropertiesaltea.com\/fr\/guides-a-proximite\/#primaryimage"},"image":{"@id":"https:\/\/5starpropertiesaltea.com\/fr\/guides-a-proximite\/#primaryimage"},"thumbnailUrl":"https:\/\/5starpropertiesaltea.com\/wp-content\/uploads\/2020\/10\/Vintage-fireplace-luxury-2.jpg","datePublished":"2020-06-02T07:51:32+00:00","dateModified":"2020-09-24T12:36:27+00:00","breadcrumb":{"@id":"https:\/\/5starpropertiesaltea.com\/fr\/guides-a-proximite\/#breadcrumb"},"inLanguage":"fr-FR","potentialAction":[{"@type":"ReadAction","target":["https:\/\/5starpropertiesaltea.com\/fr\/guides-a-proximite\/"]}]},{"@type":"ImageObject","inLanguage":"fr-FR","@id":"https:\/\/5starpropertiesaltea.com\/fr\/guides-a-proximite\/#primaryimage","url":"https:\/\/5starpropertiesaltea.com\/wp-content\/uploads\/2020\/10\/Vintage-fireplace-luxury-2.jpg","contentUrl":"https:\/\/5starpropertiesaltea.com\/wp-content\/uploads\/2020\/10\/Vintage-fireplace-luxury-2.jpg","width":989,"height":679},{"@type":"BreadcrumbList","@id":"https:\/\/5starpropertiesaltea.com\/fr\/guides-a-proximite\/#breadcrumb","itemListElement":[{"@type":"ListItem","position":1,"name":"Home","item":"https:\/\/5starpropertiesaltea.com\/fr\/"},{"@type":"ListItem","position":2,"name":"Guides \u00e0 Proximit\u00e9"}]},{"@type":"WebSite","@id":"https:\/\/5starpropertiesaltea.com\/fr\/#website","url":"https:\/\/5starpropertiesaltea.com\/fr\/","name":"5 Star Properties Altea","description":"Buy real estate in the Altea region","publisher":{"@id":"https:\/\/5starpropertiesaltea.com\/fr\/#organization"},"potentialAction":[{"@type":"SearchAction","target":{"@type":"EntryPoint","urlTemplate":"https:\/\/5starpropertiesaltea.com\/fr\/?s={search_term_string}"},"query-input":{"@type":"PropertyValueSpecification","valueRequired":true,"valueName":"search_term_string"}}],"inLanguage":"fr-FR"},{"@type":"Organization","@id":"https:\/\/5starpropertiesaltea.com\/fr\/#organization","name":"5 Star Properties Altea","url":"https:\/\/5starpropertiesaltea.com\/fr\/","logo":{"@type":"ImageObject","inLanguage":"fr-FR","@id":"https:\/\/5starpropertiesaltea.com\/fr\/#\/schema\/logo\/image\/","url":"https:\/\/5starpropertiesaltea.com\/wp-content\/uploads\/2020\/10\/logo-5starpropertiesaltea-zwart.png","contentUrl":"https:\/\/5starpropertiesaltea.com\/wp-content\/uploads\/2020\/10\/logo-5starpropertiesaltea-zwart.png","width":8623,"height":1064,"caption":"5 Star Properties Altea"},"image":{"@id":"https:\/\/5starpropertiesaltea.com\/fr\/#\/schema\/logo\/image\/"}}]}},"_links":{"self":[{"href":"https:\/\/5starpropertiesaltea.com\/fr\/wp-json\/wp\/v2\/pages\/1713","targetHints":{"allow":["GET"]}}],"collection":[{"href":"https:\/\/5starpropertiesaltea.com\/fr\/wp-json\/wp\/v2\/pages"}],"about":[{"href":"https:\/\/5starpropertiesaltea.com\/fr\/wp-json\/wp\/v2\/types\/page"}],"author":[{"embeddable":true,"href":"https:\/\/5starpropertiesaltea.com\/fr\/wp-json\/wp\/v2\/users\/1"}],"replies":[{"embeddable":true,"href":"https:\/\/5starpropertiesaltea.com\/fr\/wp-json\/wp\/v2\/comments?post=1713"}],"version-history":[{"count":5,"href":"https:\/\/5starpropertiesaltea.com\/fr\/wp-json\/wp\/v2\/pages\/1713\/revisions"}],"predecessor-version":[{"id":5620,"href":"https:\/\/5starpropertiesaltea.com\/fr\/wp-json\/wp\/v2\/pages\/1713\/revisions\/5620"}],"wp:featuredmedia":[{"embeddable":true,"href":"https:\/\/5starpropertiesaltea.com\/fr\/wp-json\/wp\/v2\/media\/6057"}],"wp:attachment":[{"href":"https:\/\/5starpropertiesaltea.com\/fr\/wp-json\/wp\/v2\/media?parent=1713"}],"curies":[{"name":"wp","href":"https:\/\/api.w.org\/{rel}","templated":true}]}}