{"id":4710,"date":"2020-08-26T06:44:58","date_gmt":"2020-08-26T06:44:58","guid":{"rendered":"https:\/\/staging.5starpropertiesaltea.com\/?page_id=4710"},"modified":"2022-11-03T12:22:28","modified_gmt":"2022-11-03T12:22:28","slug":"what-our-clients-are-saying","status":"publish","type":"page","link":"https:\/\/5starpropertiesaltea.com\/en\/what-our-clients-are-saying\/","title":{"rendered":"What our clients are saying"},"content":{"rendered":"<p>[et_pb_section fb_built=&#8221;1&#8243; _builder_version=&#8221;4.16&#8243; _module_preset=&#8221;default&#8221; use_background_color_gradient=&#8221;on&#8221; background_color_gradient_stops=&#8221;rgba(255,255,255,0.99) 0%|rgba(255,255,255,0.99) 100%&#8221; background_color_gradient_overlays_image=&#8221;on&#8221; background_color_gradient_start=&#8221;rgba(255,255,255,0.99)&#8221; background_color_gradient_end=&#8221;rgba(255,255,255,0.99)&#8221; background_image=&#8221;https:\/\/5starpropertiesaltea.com\/wp-content\/uploads\/2020\/05\/Spain.jpeg&#8221; custom_padding=&#8221;0px||0px|||&#8221; global_colors_info=&#8221;{}&#8221;][et_pb_row column_structure=&#8221;3_5,2_5&#8243; _builder_version=&#8221;4.16&#8243; _module_preset=&#8221;default&#8221; background_color=&#8221;#ffffff&#8221; custom_margin=&#8221;||||false|false&#8221; custom_padding=&#8221;3vw|2vw|1vw|2vw|false|true&#8221; global_colors_info=&#8221;{}&#8221;][et_pb_column type=&#8221;3_5&#8243; _builder_version=&#8221;4.16&#8243; _module_preset=&#8221;default&#8221; global_colors_info=&#8221;{}&#8221;][et_pb_text _builder_version=&#8221;4.16&#8243; _module_preset=&#8221;default&#8221; header_font_size=&#8221;5rem&#8221; header_2_font_size=&#8221;3rem&#8221; global_colors_info=&#8221;{}&#8221;]<\/p>\n<h1>What our<\/h1>\n<h2 style=\"color: #ef344d;\">clients are saying<\/h2>\n<p>[\/et_pb_text][\/et_pb_column][et_pb_column type=&#8221;2_5&#8243; _builder_version=&#8221;4.16&#8243; _module_preset=&#8221;default&#8221; global_colors_info=&#8221;{}&#8221;][et_pb_text _builder_version=&#8221;4.16&#8243; _module_preset=&#8221;default&#8221; custom_margin=&#8221;1vw||10px||false|false&#8221; custom_padding=&#8221;||||false|false&#8221; global_colors_info=&#8221;{}&#8221;]<\/p>\n<p>Widely respected by many Clients. We hope to be the most customer-friendly company on the Costa Blanca.<em>\u00a0<\/em>Check out what our clients are saying about us.<\/p>\n<p>[\/et_pb_text][\/et_pb_column][\/et_pb_row][et_pb_row _builder_version=&#8221;4.16&#8243; _module_preset=&#8221;default&#8221; global_colors_info=&#8221;{}&#8221;][et_pb_column type=&#8221;4_4&#8243; _builder_version=&#8221;4.16&#8243; _module_preset=&#8221;default&#8221; global_colors_info=&#8221;{}&#8221;][et_pb_divider _builder_version=&#8221;4.16&#8243; _module_preset=&#8221;default&#8221; global_colors_info=&#8221;{}&#8221;][\/et_pb_divider][\/et_pb_column][\/et_pb_row][et_pb_row _builder_version=&#8221;4.16&#8243; _module_preset=&#8221;default&#8221; background_color=&#8221;#ffffff&#8221; global_colors_info=&#8221;{}&#8221;][et_pb_column type=&#8221;4_4&#8243; _builder_version=&#8221;4.16&#8243; _module_preset=&#8221;default&#8221; global_colors_info=&#8221;{}&#8221;][et_pb_code _builder_version=&#8221;4.18.1&#8243; _module_preset=&#8221;default&#8221; hover_enabled=&#8221;0&#8243; global_colors_info=&#8221;{}&#8221; sticky_enabled=&#8221;0&#8243;]<style>#wprev-slider-1 .wprev_preview_bradius_T1 {border-radius: 5px;}#wprev-slider-1 .wprev_preview_bg1_T1::after{ border-top: 30px solid ; }<\/style><style><\/style><div class=\"wprev-no-slider revnotsameheight\" id=\"wprev-slider-1\">\t\t<div class=\"wprevpro_t1_outer_div w3_wprs-row-padding\">\r\n\t\t\t\t<div class=\"wprevpro_t1_DIV_1 w3_wprs-col l4\">\r\n\t\t\t<div class=\"indrevdiv wprevpro_t1_DIV_2 wprev_preview_bg1_T1 wprev_preview_tcolor1_T1 wprev_preview_bradius_T1\">\r\n\t\t\t\t<p class=\"wprevpro_t1_P_3 wprev_preview_tcolor1_T1\">\r\n\t\t\t\t\t<span class=\"wprevpro_star_imgs_T1\"><span class=\"starloc1 wprevpro_star_imgs wprevpro_star_imgsloc1\"><span class=\"svgicons svg-wprsp-star\"><\/span><span class=\"svgicons svg-wprsp-star\"><\/span><span class=\"svgicons svg-wprsp-star\"><\/span><span class=\"svgicons svg-wprsp-star\"><\/span><span class=\"svgicons svg-wprsp-star\"><\/span><\/span><\/span><span class=\"verifiedloc1 wprevpro_verified_svg wprevtooltip\" data-wprevtooltip=\"Verified on Google\"><span class=\"svgicons svg-wprsp-verified\"><\/span><\/span>A BIG 5 star plus for professionalism, punctuality, good service and support. We have found our dream house in Altea. Thank you Five Star Properties Altea!!\t\t\t\t<\/p>\r\n\t\t\t\t\t\t\t\t\t\t\t<\/div><span class=\"wprevpro_t1_A_8\"><img decoding=\"async\" src=\"https:\/\/lh3.googleusercontent.com\/a\/ALm5wu28IZ2_jzPRaKFUdMVO4hnkz6Jk5Eedbon5dQih=s40-c-c0x00000000-cc-rp-mo-br100\" alt=\"Giselle Berg Avatar\" class=\"wprevpro_t1_IMG_4\" loading=\"lazy\" \/><\/span> <span class=\"wprevpro_t1_SPAN_5 wprev_preview_tcolor2_T1\">Giselle Berg<br\/><span class=\"wprev_showdate_T1\">November 3, 2020<\/span> <\/span>\r\n\t\t<\/div>\r\n\t\t\t<div class=\"wprevpro_t1_DIV_1 w3_wprs-col l4\">\r\n\t\t\t<div class=\"indrevdiv wprevpro_t1_DIV_2 wprev_preview_bg1_T1 wprev_preview_tcolor1_T1 wprev_preview_bradius_T1\">\r\n\t\t\t\t<p class=\"wprevpro_t1_P_3 wprev_preview_tcolor1_T1\">\r\n\t\t\t\t\t<span class=\"wprevpro_star_imgs_T1\"><span class=\"starloc1 wprevpro_star_imgs wprevpro_star_imgsloc1\"><span class=\"svgicons svg-wprsp-star\"><\/span><span class=\"svgicons svg-wprsp-star\"><\/span><span class=\"svgicons svg-wprsp-star\"><\/span><span class=\"svgicons svg-wprsp-star\"><\/span><span class=\"svgicons svg-wprsp-star\"><\/span><\/span><\/span><span class=\"verifiedloc1 wprevpro_verified_svg wprevtooltip\" data-wprevtooltip=\"Verified on Google\"><span class=\"svgicons svg-wprsp-verified\"><\/span><\/span>Dit bureau is geweldig. STERK AANBEVOLEN. Dikke 5 sterren!!\t\t\t\t<\/p>\r\n\t\t\t\t\t\t\t\t\t\t\t<\/div><span class=\"wprevpro_t1_A_8\"><img decoding=\"async\" src=\"https:\/\/lh3.googleusercontent.com\/a-\/ACNPEu_IFukFwgHmxz0k8cjW5sVs1KI6TDSSFFbvrcT6=s40-c-c0x00000000-cc-rp-mo-br100\" alt=\"Leonard Stauersbach Avatar\" class=\"wprevpro_t1_IMG_4\" loading=\"lazy\" \/><\/span> <span class=\"wprevpro_t1_SPAN_5 wprev_preview_tcolor2_T1\">Leonard Stauersbach<br\/><span class=\"wprev_showdate_T1\">November 3, 2021<\/span> <\/span>\r\n\t\t<\/div>\r\n\t\t\t<div class=\"wprevpro_t1_DIV_1 w3_wprs-col l4\">\r\n\t\t\t<div class=\"indrevdiv wprevpro_t1_DIV_2 wprev_preview_bg1_T1 wprev_preview_tcolor1_T1 wprev_preview_bradius_T1\">\r\n\t\t\t\t<p class=\"wprevpro_t1_P_3 wprev_preview_tcolor1_T1\">\r\n\t\t\t\t\t<span class=\"wprevpro_star_imgs_T1\"><span class=\"starloc1 wprevpro_star_imgs wprevpro_star_imgsloc1\"><span class=\"svgicons svg-wprsp-star\"><\/span><span class=\"svgicons svg-wprsp-star-o\"><\/span><span class=\"svgicons svg-wprsp-star-o\"><\/span><span class=\"svgicons svg-wprsp-star-o\"><\/span><span class=\"svgicons svg-wprsp-star-o\"><\/span><\/span><\/span><span class=\"verifiedloc1 wprevpro_verified_svg wprevtooltip\" data-wprevtooltip=\"Verified on Google\"><span class=\"svgicons svg-wprsp-verified\"><\/span><\/span>We visited a house in Calpe and this agency has hidden lots of legal issues\u2026 while pushing for signing the contract! fortunately our lawyer made investigations and we find out that the house wasn\u2019t legally ok\u2026  You answer is quite surprising and your suspicion on  my lawyer are very low level \u2026 that\u2019s easy indeed to mitigate a lack of knowledge on the products you are proposing by transferring the mistake on a very good professional. By the way, you mention only the rules of the municipality\u2026 and you forget (on purpose?) to mention that the house is not respecting the law and has some illegal construction (outdoor kitchen for instance)\u2026 It is just impossible to build some extension \u2026. And on the advert, it is mentioned that we can build next extension\u2026 which is totally wrong and illegal\u2026 This house has been for sale for a while and is still\u2026 maybe the seller should change the agency? You mention my name on your answer\u2026 fair enough\u2026 thanks a lot Gabriella.\t\t\t\t<\/p>\r\n\t\t\t\t\t\t\t\t\t\t\t<\/div><span class=\"wprevpro_t1_A_8\"><img decoding=\"async\" src=\"https:\/\/lh3.googleusercontent.com\/a\/ALm5wu3AJKELfaHdTUZ-aelRZAxDt0XCNkWL1n5xmmRG=s40-c-c0x00000000-cc-rp-mo-br100\" alt=\"ced french Avatar\" class=\"wprevpro_t1_IMG_4\" loading=\"lazy\" \/><\/span> <span class=\"wprevpro_t1_SPAN_5 wprev_preview_tcolor2_T1\">ced french<br\/><span class=\"wprev_showdate_T1\">January 3, 2022<\/span> <\/span>\r\n\t\t<\/div>\r\n\t\t<\/div>\r\n<\/div>\r\n[\/et_pb_code][\/et_pb_column][\/et_pb_row][et_pb_row _builder_version=&#8221;4.16&#8243; _module_preset=&#8221;default&#8221; background_color=&#8221;#ffffff&#8221; global_colors_info=&#8221;{}&#8221;][et_pb_column type=&#8221;4_4&#8243; _builder_version=&#8221;4.16&#8243; _module_preset=&#8221;default&#8221; global_colors_info=&#8221;{}&#8221;][et_pb_text _builder_version=&#8221;4.16&#8243; _module_preset=&#8221;default&#8221; background_enable_color=&#8221;off&#8221; global_colors_info=&#8221;{}&#8221;][\/et_pb_text][\/et_pb_column][\/et_pb_row][\/et_pb_section]<\/p>\n","protected":false},"excerpt":{"rendered":"<p>What our clients are sayingWidely respected by many Clients. We hope to be the most customer-friendly company on the Costa Blanca.\u00a0Check out what our clients are saying about us.<style>#wprev-slider-1 .wprev_preview_bradius_T1 {border-radius: 5px;}#wprev-slider-1 .wprev_preview_bg1_T1::after{ border-top: 30px solid ; }<\/style><style><\/style><div class=\"wprev-no-slider revnotsameheight\" id=\"wprev-slider-1\">\t\t<div class=\"wprevpro_t1_outer_div w3_wprs-row-padding\">\r\n\t\t\t\t<div class=\"wprevpro_t1_DIV_1 w3_wprs-col l4\">\r\n\t\t\t<div class=\"indrevdiv wprevpro_t1_DIV_2 wprev_preview_bg1_T1 wprev_preview_tcolor1_T1 wprev_preview_bradius_T1\">\r\n\t\t\t\t<p class=\"wprevpro_t1_P_3 wprev_preview_tcolor1_T1\">\r\n\t\t\t\t\t<span class=\"wprevpro_star_imgs_T1\"><span class=\"starloc1 wprevpro_star_imgs wprevpro_star_imgsloc1\"><span class=\"svgicons svg-wprsp-star\"><\/span><span class=\"svgicons svg-wprsp-star\"><\/span><span class=\"svgicons svg-wprsp-star\"><\/span><span class=\"svgicons svg-wprsp-star\"><\/span><span class=\"svgicons svg-wprsp-star\"><\/span><\/span><\/span><span class=\"verifiedloc1 wprevpro_verified_svg wprevtooltip\" data-wprevtooltip=\"Verified on Google\"><span class=\"svgicons svg-wprsp-verified\"><\/span><\/span>100% Professioneller Service. Empfehlenswert.\t\t\t\t<\/p>\r\n\t\t\t\t\t\t\t\t\t\t\t<\/div><span class=\"wprevpro_t1_A_8\"><img decoding=\"async\" src=\"https:\/\/lh3.googleusercontent.com\/a\/ALm5wu3aiBvAPSRwUf1iFRrxsP5h2rt3yNASiU1GBJT_=s40-c-c0x00000000-cc-rp-mo-br100\" alt=\"melanie boldt Avatar\" class=\"wprevpro_t1_IMG_4\" loading=\"lazy\" \/><\/span> <span class=\"wprevpro_t1_SPAN_5 wprev_preview_tcolor2_T1\">melanie boldt<br\/><span class=\"wprev_showdate_T1\">February 3, 2022<\/span> <\/span>\r\n\t\t<\/div>\r\n\t\t\t<div class=\"wprevpro_t1_DIV_1 w3_wprs-col l4\">\r\n\t\t\t<div class=\"indrevdiv wprevpro_t1_DIV_2 wprev_preview_bg1_T1 wprev_preview_tcolor1_T1 wprev_preview_bradius_T1\">\r\n\t\t\t\t<p class=\"wprevpro_t1_P_3 wprev_preview_tcolor1_T1\">\r\n\t\t\t\t\t<span class=\"wprevpro_star_imgs_T1\"><span class=\"starloc1 wprevpro_star_imgs wprevpro_star_imgsloc1\"><span class=\"svgicons svg-wprsp-star\"><\/span><span class=\"svgicons svg-wprsp-star\"><\/span><span class=\"svgicons svg-wprsp-star\"><\/span><span class=\"svgicons svg-wprsp-star\"><\/span><span class=\"svgicons svg-wprsp-star\"><\/span><\/span><\/span><span class=\"verifiedloc1 wprevpro_verified_svg wprevtooltip\" data-wprevtooltip=\"Verified on Google\"><span class=\"svgicons svg-wprsp-verified\"><\/span><\/span>Personal vermittelt und gleich eine Wohnung in Altea la Vella gekauft! Wir sind \u00e4usserst zufrieden und k\u00f6nnen diese Immobilienfirma weiterempfehlen. 5 Sterne. Wenn es 6 Sterne zu vergeben h\u00e4tte, w\u00fcrden wir auch 6 Sterne geben f\u00fcr den Service und Aufwand (Flughafenabholung, Restaurantbesuche, korrekter Notartermin). Alles in allem - 6 Sterne!!\t\t\t\t<\/p>\r\n\t\t\t\t\t\t\t\t\t\t\t<\/div><span class=\"wprevpro_t1_A_8\"><img decoding=\"async\" src=\"https:\/\/lh3.googleusercontent.com\/a-\/ACNPEu-JWqc-1ISapo0vWdUgYN-gsKBurUw0hNd6J058=s40-c-c0x00000000-cc-rp-mo-br100\" alt=\"Bewerbung Immobilien Avatar\" class=\"wprevpro_t1_IMG_4\" loading=\"lazy\" \/><\/span> <span class=\"wprevpro_t1_SPAN_5 wprev_preview_tcolor2_T1\">Bewerbung Immobilien<br\/><span class=\"wprev_showdate_T1\">April 3, 2022<\/span> <\/span>\r\n\t\t<\/div>\r\n\t\t\t<div class=\"wprevpro_t1_DIV_1 w3_wprs-col l4\">\r\n\t\t\t<div class=\"indrevdiv wprevpro_t1_DIV_2 wprev_preview_bg1_T1 wprev_preview_tcolor1_T1 wprev_preview_bradius_T1\">\r\n\t\t\t\t<p class=\"wprevpro_t1_P_3 wprev_preview_tcolor1_T1\">\r\n\t\t\t\t\t<span class=\"wprevpro_star_imgs_T1\"><span class=\"starloc1 wprevpro_star_imgs wprevpro_star_imgsloc1\"><span class=\"svgicons svg-wprsp-star\"><\/span><span class=\"svgicons svg-wprsp-star\"><\/span><span class=\"svgicons svg-wprsp-star\"><\/span><span class=\"svgicons svg-wprsp-star\"><\/span><span class=\"svgicons svg-wprsp-star\"><\/span><\/span><\/span><span class=\"verifiedloc1 wprevpro_verified_svg wprevtooltip\" data-wprevtooltip=\"Verified on Google\"><span class=\"svgicons svg-wprsp-verified\"><\/span><\/span>house hunting finished thanks to 5 Star Properties Altea. We recommend the group with 5 stars.\t\t\t\t<\/p>\r\n\t\t\t\t\t\t\t\t\t\t\t<\/div><span class=\"wprevpro_t1_A_8\"><img decoding=\"async\" src=\"https:\/\/lh3.googleusercontent.com\/a-\/ACNPEu9Tds28uNiXp-dXZ8pnDWXHG3UXzqu0EkY2dTFy=s40-c-c0x00000000-cc-rp-mo-br100\" alt=\"ROBERTO GREY Avatar\" class=\"wprevpro_t1_IMG_4\" loading=\"lazy\" \/><\/span> <span class=\"wprevpro_t1_SPAN_5 wprev_preview_tcolor2_T1\">ROBERTO GREY<br\/><span class=\"wprev_showdate_T1\">December 3, 2021<\/span> <\/span>\r\n\t\t<\/div>\r\n\t\t<\/div>\r\n<\/div>\r\n<\/p>\n","protected":false},"author":1,"featured_media":4866,"parent":0,"menu_order":0,"comment_status":"closed","ping_status":"closed","template":"","meta":{"_acf_changed":false,"_et_pb_use_builder":"on","_et_pb_old_content":"","_et_gb_content_width":"","footnotes":""},"class_list":["post-4710","page","type-page","status-publish","has-post-thumbnail","hentry"],"acf":[],"yoast_head":"<!-- This site is optimized with the Yoast SEO plugin v27.4 - https:\/\/yoast.com\/product\/yoast-seo-wordpress\/ -->\n<title>What our clients are saying - 5 Star Properties Altea<\/title>\n<meta name=\"robots\" content=\"index, follow, max-snippet:-1, max-image-preview:large, max-video-preview:-1\" \/>\n<link rel=\"canonical\" href=\"https:\/\/5starpropertiesaltea.com\/en\/what-our-clients-are-saying\/\" \/>\n<meta property=\"og:locale\" content=\"en_US\" \/>\n<meta property=\"og:type\" content=\"article\" \/>\n<meta property=\"og:title\" content=\"What our clients are saying - 5 Star Properties Altea\" \/>\n<meta property=\"og:description\" content=\"What our clients are sayingWidely respected by many Clients. We hope to be the most customer-friendly company on the Costa Blanca.\u00a0Check out what our clients are saying about us.\" \/>\n<meta property=\"og:url\" content=\"https:\/\/5starpropertiesaltea.com\/en\/what-our-clients-are-saying\/\" \/>\n<meta property=\"og:site_name\" content=\"5 Star Properties Altea\" \/>\n<meta property=\"article:modified_time\" content=\"2022-11-03T12:22:28+00:00\" \/>\n<meta property=\"og:image\" content=\"https:\/\/5starpropertiesaltea.com\/wp-content\/uploads\/2020\/09\/businesscard.jpg\" \/>\n\t<meta property=\"og:image:width\" content=\"1512\" \/>\n\t<meta property=\"og:image:height\" content=\"2016\" \/>\n\t<meta property=\"og:image:type\" content=\"image\/jpeg\" \/>\n<meta name=\"twitter:card\" content=\"summary_large_image\" \/>\n<meta name=\"twitter:label1\" content=\"Est. reading time\" \/>\n\t<meta name=\"twitter:data1\" content=\"2 minutes\" \/>\n<script type=\"application\/ld+json\" class=\"yoast-schema-graph\">{\"@context\":\"https:\\\/\\\/schema.org\",\"@graph\":[{\"@type\":\"WebPage\",\"@id\":\"https:\\\/\\\/5starpropertiesaltea.com\\\/en\\\/what-our-clients-are-saying\\\/\",\"url\":\"https:\\\/\\\/5starpropertiesaltea.com\\\/en\\\/what-our-clients-are-saying\\\/\",\"name\":\"What our clients are saying - 5 Star Properties Altea\",\"isPartOf\":{\"@id\":\"https:\\\/\\\/5starpropertiesaltea.com\\\/en\\\/#website\"},\"primaryImageOfPage\":{\"@id\":\"https:\\\/\\\/5starpropertiesaltea.com\\\/en\\\/what-our-clients-are-saying\\\/#primaryimage\"},\"image\":{\"@id\":\"https:\\\/\\\/5starpropertiesaltea.com\\\/en\\\/what-our-clients-are-saying\\\/#primaryimage\"},\"thumbnailUrl\":\"https:\\\/\\\/5starpropertiesaltea.com\\\/wp-content\\\/uploads\\\/2020\\\/09\\\/businesscard.jpg\",\"datePublished\":\"2020-08-26T06:44:58+00:00\",\"dateModified\":\"2022-11-03T12:22:28+00:00\",\"breadcrumb\":{\"@id\":\"https:\\\/\\\/5starpropertiesaltea.com\\\/en\\\/what-our-clients-are-saying\\\/#breadcrumb\"},\"inLanguage\":\"en-US\",\"potentialAction\":[{\"@type\":\"ReadAction\",\"target\":[\"https:\\\/\\\/5starpropertiesaltea.com\\\/en\\\/what-our-clients-are-saying\\\/\"]}]},{\"@type\":\"ImageObject\",\"inLanguage\":\"en-US\",\"@id\":\"https:\\\/\\\/5starpropertiesaltea.com\\\/en\\\/what-our-clients-are-saying\\\/#primaryimage\",\"url\":\"https:\\\/\\\/5starpropertiesaltea.com\\\/wp-content\\\/uploads\\\/2020\\\/09\\\/businesscard.jpg\",\"contentUrl\":\"https:\\\/\\\/5starpropertiesaltea.com\\\/wp-content\\\/uploads\\\/2020\\\/09\\\/businesscard.jpg\",\"width\":1512,\"height\":2016},{\"@type\":\"BreadcrumbList\",\"@id\":\"https:\\\/\\\/5starpropertiesaltea.com\\\/en\\\/what-our-clients-are-saying\\\/#breadcrumb\",\"itemListElement\":[{\"@type\":\"ListItem\",\"position\":1,\"name\":\"Home\",\"item\":\"https:\\\/\\\/5starpropertiesaltea.com\\\/en\\\/\"},{\"@type\":\"ListItem\",\"position\":2,\"name\":\"What our clients are saying\"}]},{\"@type\":\"WebSite\",\"@id\":\"https:\\\/\\\/5starpropertiesaltea.com\\\/en\\\/#website\",\"url\":\"https:\\\/\\\/5starpropertiesaltea.com\\\/en\\\/\",\"name\":\"5 Star Properties Altea\",\"description\":\"Buy real estate in the Altea region\",\"publisher\":{\"@id\":\"https:\\\/\\\/5starpropertiesaltea.com\\\/en\\\/#organization\"},\"potentialAction\":[{\"@type\":\"SearchAction\",\"target\":{\"@type\":\"EntryPoint\",\"urlTemplate\":\"https:\\\/\\\/5starpropertiesaltea.com\\\/en\\\/?s={search_term_string}\"},\"query-input\":{\"@type\":\"PropertyValueSpecification\",\"valueRequired\":true,\"valueName\":\"search_term_string\"}}],\"inLanguage\":\"en-US\"},{\"@type\":\"Organization\",\"@id\":\"https:\\\/\\\/5starpropertiesaltea.com\\\/en\\\/#organization\",\"name\":\"5 Star Properties Altea\",\"url\":\"https:\\\/\\\/5starpropertiesaltea.com\\\/en\\\/\",\"logo\":{\"@type\":\"ImageObject\",\"inLanguage\":\"en-US\",\"@id\":\"https:\\\/\\\/5starpropertiesaltea.com\\\/en\\\/#\\\/schema\\\/logo\\\/image\\\/\",\"url\":\"https:\\\/\\\/5starpropertiesaltea.com\\\/wp-content\\\/uploads\\\/2020\\\/10\\\/logo-5starpropertiesaltea-zwart.png\",\"contentUrl\":\"https:\\\/\\\/5starpropertiesaltea.com\\\/wp-content\\\/uploads\\\/2020\\\/10\\\/logo-5starpropertiesaltea-zwart.png\",\"width\":8623,\"height\":1064,\"caption\":\"5 Star Properties Altea\"},\"image\":{\"@id\":\"https:\\\/\\\/5starpropertiesaltea.com\\\/en\\\/#\\\/schema\\\/logo\\\/image\\\/\"}}]}<\/script>\n<!-- \/ Yoast SEO plugin. -->","yoast_head_json":{"title":"What our clients are saying - 5 Star Properties Altea","robots":{"index":"index","follow":"follow","max-snippet":"max-snippet:-1","max-image-preview":"max-image-preview:large","max-video-preview":"max-video-preview:-1"},"canonical":"https:\/\/5starpropertiesaltea.com\/en\/what-our-clients-are-saying\/","og_locale":"en_US","og_type":"article","og_title":"What our clients are saying - 5 Star Properties Altea","og_description":"What our clients are sayingWidely respected by many Clients. We hope to be the most customer-friendly company on the Costa Blanca.\u00a0Check out what our clients are saying about us.","og_url":"https:\/\/5starpropertiesaltea.com\/en\/what-our-clients-are-saying\/","og_site_name":"5 Star Properties Altea","article_modified_time":"2022-11-03T12:22:28+00:00","og_image":[{"width":1512,"height":2016,"url":"https:\/\/5starpropertiesaltea.com\/wp-content\/uploads\/2020\/09\/businesscard.jpg","type":"image\/jpeg"}],"twitter_card":"summary_large_image","twitter_misc":{"Est. reading time":"2 minutes"},"schema":{"@context":"https:\/\/schema.org","@graph":[{"@type":"WebPage","@id":"https:\/\/5starpropertiesaltea.com\/en\/what-our-clients-are-saying\/","url":"https:\/\/5starpropertiesaltea.com\/en\/what-our-clients-are-saying\/","name":"What our clients are saying - 5 Star Properties Altea","isPartOf":{"@id":"https:\/\/5starpropertiesaltea.com\/en\/#website"},"primaryImageOfPage":{"@id":"https:\/\/5starpropertiesaltea.com\/en\/what-our-clients-are-saying\/#primaryimage"},"image":{"@id":"https:\/\/5starpropertiesaltea.com\/en\/what-our-clients-are-saying\/#primaryimage"},"thumbnailUrl":"https:\/\/5starpropertiesaltea.com\/wp-content\/uploads\/2020\/09\/businesscard.jpg","datePublished":"2020-08-26T06:44:58+00:00","dateModified":"2022-11-03T12:22:28+00:00","breadcrumb":{"@id":"https:\/\/5starpropertiesaltea.com\/en\/what-our-clients-are-saying\/#breadcrumb"},"inLanguage":"en-US","potentialAction":[{"@type":"ReadAction","target":["https:\/\/5starpropertiesaltea.com\/en\/what-our-clients-are-saying\/"]}]},{"@type":"ImageObject","inLanguage":"en-US","@id":"https:\/\/5starpropertiesaltea.com\/en\/what-our-clients-are-saying\/#primaryimage","url":"https:\/\/5starpropertiesaltea.com\/wp-content\/uploads\/2020\/09\/businesscard.jpg","contentUrl":"https:\/\/5starpropertiesaltea.com\/wp-content\/uploads\/2020\/09\/businesscard.jpg","width":1512,"height":2016},{"@type":"BreadcrumbList","@id":"https:\/\/5starpropertiesaltea.com\/en\/what-our-clients-are-saying\/#breadcrumb","itemListElement":[{"@type":"ListItem","position":1,"name":"Home","item":"https:\/\/5starpropertiesaltea.com\/en\/"},{"@type":"ListItem","position":2,"name":"What our clients are saying"}]},{"@type":"WebSite","@id":"https:\/\/5starpropertiesaltea.com\/en\/#website","url":"https:\/\/5starpropertiesaltea.com\/en\/","name":"5 Star Properties Altea","description":"Buy real estate in the Altea region","publisher":{"@id":"https:\/\/5starpropertiesaltea.com\/en\/#organization"},"potentialAction":[{"@type":"SearchAction","target":{"@type":"EntryPoint","urlTemplate":"https:\/\/5starpropertiesaltea.com\/en\/?s={search_term_string}"},"query-input":{"@type":"PropertyValueSpecification","valueRequired":true,"valueName":"search_term_string"}}],"inLanguage":"en-US"},{"@type":"Organization","@id":"https:\/\/5starpropertiesaltea.com\/en\/#organization","name":"5 Star Properties Altea","url":"https:\/\/5starpropertiesaltea.com\/en\/","logo":{"@type":"ImageObject","inLanguage":"en-US","@id":"https:\/\/5starpropertiesaltea.com\/en\/#\/schema\/logo\/image\/","url":"https:\/\/5starpropertiesaltea.com\/wp-content\/uploads\/2020\/10\/logo-5starpropertiesaltea-zwart.png","contentUrl":"https:\/\/5starpropertiesaltea.com\/wp-content\/uploads\/2020\/10\/logo-5starpropertiesaltea-zwart.png","width":8623,"height":1064,"caption":"5 Star Properties Altea"},"image":{"@id":"https:\/\/5starpropertiesaltea.com\/en\/#\/schema\/logo\/image\/"}}]}},"_links":{"self":[{"href":"https:\/\/5starpropertiesaltea.com\/en\/wp-json\/wp\/v2\/pages\/4710","targetHints":{"allow":["GET"]}}],"collection":[{"href":"https:\/\/5starpropertiesaltea.com\/en\/wp-json\/wp\/v2\/pages"}],"about":[{"href":"https:\/\/5starpropertiesaltea.com\/en\/wp-json\/wp\/v2\/types\/page"}],"author":[{"embeddable":true,"href":"https:\/\/5starpropertiesaltea.com\/en\/wp-json\/wp\/v2\/users\/1"}],"replies":[{"embeddable":true,"href":"https:\/\/5starpropertiesaltea.com\/en\/wp-json\/wp\/v2\/comments?post=4710"}],"version-history":[{"count":6,"href":"https:\/\/5starpropertiesaltea.com\/en\/wp-json\/wp\/v2\/pages\/4710\/revisions"}],"predecessor-version":[{"id":6664,"href":"https:\/\/5starpropertiesaltea.com\/en\/wp-json\/wp\/v2\/pages\/4710\/revisions\/6664"}],"wp:featuredmedia":[{"embeddable":true,"href":"https:\/\/5starpropertiesaltea.com\/en\/wp-json\/wp\/v2\/media\/4866"}],"wp:attachment":[{"href":"https:\/\/5starpropertiesaltea.com\/en\/wp-json\/wp\/v2\/media?parent=4710"}],"curies":[{"name":"wp","href":"https:\/\/api.w.org\/{rel}","templated":true}]}}