{"id":3694,"date":"2020-07-22T06:37:47","date_gmt":"2020-07-22T06:37:47","guid":{"rendered":"https:\/\/staging.5starpropertiesaltea.com\/impressum\/"},"modified":"2021-01-22T09:53:25","modified_gmt":"2021-01-22T09:53:25","slug":"impressum","status":"publish","type":"page","link":"https:\/\/5starpropertiesaltea.com\/de\/impressum\/","title":{"rendered":"Impressum"},"content":{"rendered":"<p>[et_pb_section fb_built=&#8220;1&#8243; _builder_version=&#8220;4.4.8&#8243;][et_pb_row _builder_version=&#8220;4.4.8&#8243;][et_pb_column type=&#8220;4_4&#8243; _builder_version=&#8220;4.4.8&#8243;][et_pb_text _builder_version=&#8220;4.8.1&#8243;]<\/p>\n<h2>Impressum<\/h2>\n<p>5 STAR PROPERTIES ALTEA, S.L. Die f\u00fcr diese Website verantwortliche Partei, fortan die VERANTWORTLICHE PARTEI, stellt den Nutzern das vorliegende Dokument zur Verf\u00fcgung, um den Verpflichtungen des spanischen Gesetzes 34\/2002 vom 11. Juli \u00fcber Dienstleistungen der Informationsgesellschaft und des elektronischen Gesch\u00e4ftsverkehrs nachzukommen ( LSSICE), Amtsblatt Nr. 166 und der Allgemeinen Datenschutzverordnung (EU) 2016\/679 vom 27. April 2016 (DSGVO) sowie zur Information aller Benutzer dieser Website \u00fcber ihre Nutzungsbedingungen.<\/p>\n<p>Jede Person, die auf diese Website zugreift, \u00fcbernimmt die Rolle eines Benutzers und verpflichtet sich zur Einhaltung und strengen Einhaltung der hierin enthaltenen Bestimmungen sowie aller anderen geltenden gesetzlichen Bestimmungen.<\/p>\n<p>5 STAR PROPERTIES ALTEA, S.L. beh\u00e4lt sich das Recht vor, jegliche Art von Informationen, die auf dieser Website erscheinen, zu \u00e4ndern, ohne verpflichtet zu sein, die Benutzer vor diesen \u00c4nderungen zu benachrichtigen oder zu informieren. Die Ver\u00f6ffentlichung der Website von 5 STAR PROPERTIES ALTEA, S.L. gilt als ausreichend.<\/p>\n<p>1. IDENTIFIKATIONSDATEN<\/p>\n<p>\u00b7 Domainname: www.5starpropertiesaltea.com.com<\/p>\n<p>\u00b7 Handelsname: 5 Star Properties Altea<\/p>\n<p>\u00b7 Firmenname: 5 Star Properties Altea, S.L.<\/p>\n<p>\u00b7 Steuernummer B01604693<\/p>\n<p>\u00b7 Gesch\u00e4ftsadresse: Avda. Castellon, 5 &#8211; 03503 Benidorm (Alicante)<\/p>\n<p>\u00b7 Telefon: 96 502 44 44<\/p>\n<p>\u00b7 E-Mail: sales@5starpropertiesaltea.com<\/p>\n<p>2. GEISTIGE UND INDUSTRIELLE EIGENTUMSRECHTE<\/p>\n<p>Die Website, ihre Programmierung, Bearbeitung, Kompilierung und andere notwendige Elemente f\u00fcr ihre Funktionsweise; Die Entw\u00fcrfe, Logos, Texte und \/ oder Grafiken sind Eigentum der VERANTWORTLICHEN PARTEI. Falls zutreffend, besitzt die verantwortliche Partei eine Lizenz oder eine ausdr\u00fcckliche Genehmigung der Autoren. Alle Inhalte dieser Website sind ordnungsgem\u00e4\u00df durch die Bestimmungen \u00fcber geistiges und gewerbliches Eigentum gesch\u00fctzt. Die vollst\u00e4ndige oder teilweise Vervielf\u00e4ltigung, Verwendung, Verwertung, Verbreitung und Vermarktung dieser Inhalte bedarf in jedem Fall der vorherigen schriftlichen Genehmigung der VERANTWORTLICHEN PARTEI. Jede zuvor nicht genehmigte Verwendung gilt als grobe Verletzung der geistigen und gewerblichen Schutzrechte des Autors.<\/p>\n<p>Die Designs, Logos, Texte und \/ oder Grafiken au\u00dferhalb der VERANTWORTLICHEN PARTEI, die auf der Website erscheinen k\u00f6nnen, sind Eigentum ihrer jeweiligen Inhaber, die selbst f\u00fcr etwaige Kontroversen in Bezug auf sie verantwortlich sind.<\/p>\n<p>Die VERANTWORTLICHE PARTEI erkennt die entsprechenden Rechte an geistigem und gewerblichem Eigentum zugunsten der Eigent\u00fcmer an. Ihre blo\u00dfe Erw\u00e4hnung oder Erscheinung auf der Website impliziert weder das Bestehen von Rechten oder Pflichten in Bezug auf sie noch die Unterst\u00fctzung, das Sponsoring oder die Empfehlung von Inhalten Dritter durch die verantwortliche Partei.<\/p>\n<p>Kommentare zu m\u00f6glichen Verletzungen von Rechten des geistigen und gewerblichen Eigentums oder zu Inhalten dieser Website k\u00f6nnen an die E-Mail-Adresse sales@5starpropertiesaltea.com gerichtet werden.<\/p>\n<p>3. Befreiung von der Haftung<\/p>\n<p>Die VERANTWORTLICHE PARTEI ist von jeglicher Haftung befreit, die sich aus den auf ihrer Website ver\u00f6ffentlichten Informationen ergibt, wenn diese Informationen von Dritten manipuliert oder eingegeben wurden.<\/p>\n<p>Pflichten des Nutzers<\/p>\n<p>Durch die Nutzung dieser Website best\u00e4tigt der Benutzer, dass er \u00fcber 18 Jahre alt ist. Damit Minderj\u00e4hrige diese Website nutzen k\u00f6nnen, m\u00fcssen sie zuvor eine Genehmigung von ihren Eltern, Erziehungsberechtigten oder gesetzlichen Vertretern einholen, die f\u00fcr alle von den von ihnen beauftragten Minderj\u00e4hrigen begangenen Handlungen haftbar gemacht werden.<\/p>\n<p>Der Benutzer verpflichtet sich im Allgemeinen, die Website und die damit verkn\u00fcpften Dienste in \u00dcbereinstimmung mit den Gesetzen, der Moral, der \u00f6ffentlichen Ordnung und den Bestimmungen dieser allgemeinen Bedingungen sowie allen anwendbaren spezifischen Bedingungen sorgf\u00e4ltig zu nutzen, und muss davon Abstand nehmen, sie zu nutzen jede Art und Weise, die das normale Funktionieren der Website und der damit verbundenen Dienste oder deren Genuss durch andere Benutzer beeintr\u00e4chtigen oder die Waren und Rechte der Website-Eigent\u00fcmer, ihrer Lieferanten, Benutzer oder Dritter im Allgemeinen sch\u00e4digen kann.<\/p>\n<p>Durch die Nutzung dieser Website und der damit verkn\u00fcpften Dienste verpflichtet sich der Benutzer zu Folgendem:<\/p>\n<p>1. Keine Eingabe, Speicherung oder Verbreitung von Computerprogrammen, Daten, Viren, Codes oder anderen elektronischen Instrumenten oder Ger\u00e4ten \u00fcber diese Website oder einen der damit verbundenen Dienste, die wahrscheinlich Sch\u00e4den an der Website verursachen damit verbundene Dienste oder Ger\u00e4te, Systeme oder Netzwerke, die den Eigent\u00fcmern, Benutzern, Lieferanten oder Dritten im Allgemeinen geh\u00f6ren oder auf andere Weise \u00c4nderungen oder die normale Funktionsweise dieser Elemente beeintr\u00e4chtigen k\u00f6nnen.<\/p>\n<p>2. Keine falschen Identit\u00e4ten verwenden oder die Identit\u00e4t anderer bei der Nutzung der Website oder anderer damit verbundener Dienste ersetzen.<\/p>\n<p>3. Die Daten, Informationen, Programme und elektronischen Dokumente der Website-Eigent\u00fcmer, ihrer Lieferanten und Dritter nicht zerst\u00f6ren, ver\u00e4ndern, deaktivieren oder besch\u00e4digen.<\/p>\n<p>4. Keine Informationen eingeben oder verbreiten, die diffamierend, beleidigend, obsz\u00f6n, bedrohlich, fremdenfeindlich sind, Gewalt oder Diskriminierung aufgrund von Geschlecht, Rasse, Ideologie oder Religion ausl\u00f6sen oder auf andere Weise die Moral, die \u00f6ffentliche Ordnung, die Grundrechte verletzen, die \u00f6ffentlichen Freiheiten, die Ehre, die Privatsph\u00e4re oder das Image Dritter sowie die geltenden Vorschriften im Allgemeinen.<\/p>\n<p>Wenn ein Benutzer der Ansicht ist, dass Vorkommnisse oder Umst\u00e4nde vorliegen, die auf die Rechtswidrigkeit der Verwendung von Inhalten oder Aktivit\u00e4ten auf der Website hinweisen oder \u00fcber diese zug\u00e4nglich sind, wird er gebeten, die Eigent\u00fcmer der Website per E-Mail an sales@5starpropertiesaltea.com zu benachrichtigen .<\/p>\n<p>Link-Richtlinien<\/p>\n<p>Es ist m\u00f6glich, dass diese Website auf Inhalte von Websites Dritter umleitet. Da die VERANTWORTLICHE PARTEI die von Dritten auf ihren jeweiligen Websites eingegebenen Inhalte nicht immer kontrollieren kann, k\u00f6nnen sie f\u00fcr diese Inhalte nicht haftbar gemacht werden. Sie entfernen jedoch unverz\u00fcglich alle Inhalte, die m\u00f6glicherweise gegen nationale oder internationale Gesetze, die Moral oder die \u00f6ffentliche Ordnung versto\u00dfen, indem sie den Link zu dieser Website entfernen und die zust\u00e4ndigen Beh\u00f6rden \u00fcber die betreffenden Inhalte informieren.<\/p>\n<p>Die VERANTWORTLICHE PARTEI haftet nicht f\u00fcr die Informationen und Inhalte, die beispielsweise in Foren, Chats, Bloggeneratoren, Kommentaren, sozialen Netzwerken und anderen Medien gespeichert sind, die es Dritten erm\u00f6glichen, Inhalte unabh\u00e4ngig auf der Website von zu ver\u00f6ffentlichen die VERANTWORTLICHE PARTEI. In \u00dcbereinstimmung mit den Bestimmungen in Artikel 11 und 16 von LSSICE stellen sie sich jedoch allen Benutzern, Beh\u00f6rden und Sicherheitskr\u00e4ften zur Verf\u00fcgung und arbeiten aktiv an der Entfernung oder gegebenenfalls Sperrung aller Inhalte mit, die die nationale oder internationale Gesetzgebung, Rechte Dritter auf Moral und \u00f6ffentliche Ordnung. Wenn ein Benutzer der Ansicht ist, dass die Website Inhalte enth\u00e4lt, die m\u00f6glicherweise unter diese Klassifizierung fallen, wird er gebeten, den Website-Administrator unverz\u00fcglich zu benachrichtigen.<\/p>\n<p>Die VERANTWORTLICHE PARTEI verpflichtet sich stets, mit der gebotenen Sorgfalt zu handeln, um das ordnungsgem\u00e4\u00dfe Funktionieren ihrer Website sicherzustellen. Sie k\u00f6nnen jedoch nicht ausschlie\u00dfen, dass Programmierfehler oder F\u00e4lle h\u00f6herer Gewalt vorliegen, die den Zugang zur Website oder deren ordnungsgem\u00e4\u00dfe Funktionsweise behindern.<\/p>\n<p>IP-Adressen<\/p>\n<p>Die Website-Server k\u00f6nnen die vom Benutzer verwendete IP-Adresse und den Dom\u00e4nennamen automatisch erkennen. Eine IP-Adresse ist eine Nummer, die einem Computer automatisch zugewiesen wird, wenn er mit dem Internet verbunden ist. Alle diese Informationen k\u00f6nnen in einem Inventar der Serveraktivit\u00e4tsverarbeitung f\u00fcr die sp\u00e4tere Verarbeitung der Daten registriert werden, um rein statistische Messungen zu erhalten, um die Anzahl der Seitenimpressionen, Besuche auf den Webservern, die Reihenfolge der Besuche, Zugriffspunkte usw. zu bestimmen.<\/p>\n<p>4. ANWENDBARES RECHT UND GERICHTSSTAND<\/p>\n<p>Die Beilegung von Kontroversen oder Fragen im Zusammenhang mit der vorliegenden Website oder den darauf durchgef\u00fchrten Aktivit\u00e4ten unterliegt spanischem Recht, dem sich alle Parteien unterwerfen m\u00fcssen. Die Beilegung von Konflikten, die sich aus oder im Zusammenhang mit ihrer Verwendung ergeben, obliegt den Gerichten, die Altea (Alicante) am n\u00e4chsten stehen.[\/et_pb_text][\/et_pb_column][\/et_pb_row][\/et_pb_section]<\/p>\n","protected":false},"excerpt":{"rendered":"<p>Impressum 5 STAR PROPERTIES ALTEA, S.L. Die f\u00fcr diese Website verantwortliche Partei, fortan die VERANTWORTLICHE PARTEI, stellt den Nutzern das vorliegende Dokument zur Verf\u00fcgung, um den Verpflichtungen des spanischen Gesetzes 34\/2002 vom 11. Juli \u00fcber Dienstleistungen der Informationsgesellschaft und des elektronischen Gesch\u00e4ftsverkehrs nachzukommen ( LSSICE), Amtsblatt Nr. 166 und der Allgemeinen Datenschutzverordnung (EU) 2016\/679 vom [&hellip;]<\/p>\n","protected":false},"author":1,"featured_media":2622,"parent":0,"menu_order":0,"comment_status":"closed","ping_status":"closed","template":"","meta":{"_acf_changed":false,"_et_pb_use_builder":"on","_et_pb_old_content":"","_et_gb_content_width":"","footnotes":""},"class_list":["post-3694","page","type-page","status-publish","has-post-thumbnail","hentry"],"acf":[],"yoast_head":"<!-- This site is optimized with the Yoast SEO plugin v27.3 - https:\/\/yoast.com\/product\/yoast-seo-wordpress\/ -->\n<title>Impressum - 5 Star Properties Altea<\/title>\n<meta name=\"robots\" content=\"index, follow, max-snippet:-1, max-image-preview:large, max-video-preview:-1\" \/>\n<link rel=\"canonical\" href=\"https:\/\/5starpropertiesaltea.com\/de\/impressum\/\" \/>\n<meta property=\"og:locale\" content=\"de_DE\" \/>\n<meta property=\"og:type\" content=\"article\" \/>\n<meta property=\"og:title\" content=\"Impressum - 5 Star Properties Altea\" \/>\n<meta property=\"og:description\" content=\"Impressum 5 STAR PROPERTIES ALTEA, S.L. Die f\u00fcr diese Website verantwortliche Partei, fortan die VERANTWORTLICHE PARTEI, stellt den Nutzern das vorliegende Dokument zur Verf\u00fcgung, um den Verpflichtungen des spanischen Gesetzes 34\/2002 vom 11. Juli \u00fcber Dienstleistungen der Informationsgesellschaft und des elektronischen Gesch\u00e4ftsverkehrs nachzukommen ( LSSICE), Amtsblatt Nr. 166 und der Allgemeinen Datenschutzverordnung (EU) 2016\/679 vom [&hellip;]\" \/>\n<meta property=\"og:url\" content=\"https:\/\/5starpropertiesaltea.com\/de\/impressum\/\" \/>\n<meta property=\"og:site_name\" content=\"5 Star Properties Altea\" \/>\n<meta property=\"article:modified_time\" content=\"2021-01-22T09:53:25+00:00\" \/>\n<meta property=\"og:image\" content=\"https:\/\/5starpropertiesaltea.com\/wp-content\/uploads\/2020\/06\/website-fotoo.jpg\" \/>\n\t<meta property=\"og:image:width\" content=\"1871\" \/>\n\t<meta property=\"og:image:height\" content=\"1247\" \/>\n\t<meta property=\"og:image:type\" content=\"image\/jpeg\" \/>\n<meta name=\"twitter:card\" content=\"summary_large_image\" \/>\n<meta name=\"twitter:label1\" content=\"Gesch\u00e4tzte Lesezeit\" \/>\n\t<meta name=\"twitter:data1\" content=\"6\u00a0Minuten\" \/>\n<script type=\"application\/ld+json\" class=\"yoast-schema-graph\">{\"@context\":\"https:\\\/\\\/schema.org\",\"@graph\":[{\"@type\":\"WebPage\",\"@id\":\"https:\\\/\\\/5starpropertiesaltea.com\\\/de\\\/impressum\\\/\",\"url\":\"https:\\\/\\\/5starpropertiesaltea.com\\\/de\\\/impressum\\\/\",\"name\":\"Impressum - 5 Star Properties Altea\",\"isPartOf\":{\"@id\":\"https:\\\/\\\/5starpropertiesaltea.com\\\/de\\\/#website\"},\"primaryImageOfPage\":{\"@id\":\"https:\\\/\\\/5starpropertiesaltea.com\\\/de\\\/impressum\\\/#primaryimage\"},\"image\":{\"@id\":\"https:\\\/\\\/5starpropertiesaltea.com\\\/de\\\/impressum\\\/#primaryimage\"},\"thumbnailUrl\":\"https:\\\/\\\/5starpropertiesaltea.com\\\/wp-content\\\/uploads\\\/2020\\\/06\\\/website-fotoo.jpg\",\"datePublished\":\"2020-07-22T06:37:47+00:00\",\"dateModified\":\"2021-01-22T09:53:25+00:00\",\"breadcrumb\":{\"@id\":\"https:\\\/\\\/5starpropertiesaltea.com\\\/de\\\/impressum\\\/#breadcrumb\"},\"inLanguage\":\"de\",\"potentialAction\":[{\"@type\":\"ReadAction\",\"target\":[\"https:\\\/\\\/5starpropertiesaltea.com\\\/de\\\/impressum\\\/\"]}]},{\"@type\":\"ImageObject\",\"inLanguage\":\"de\",\"@id\":\"https:\\\/\\\/5starpropertiesaltea.com\\\/de\\\/impressum\\\/#primaryimage\",\"url\":\"https:\\\/\\\/5starpropertiesaltea.com\\\/wp-content\\\/uploads\\\/2020\\\/06\\\/website-fotoo.jpg\",\"contentUrl\":\"https:\\\/\\\/5starpropertiesaltea.com\\\/wp-content\\\/uploads\\\/2020\\\/06\\\/website-fotoo.jpg\",\"width\":1871,\"height\":1247},{\"@type\":\"BreadcrumbList\",\"@id\":\"https:\\\/\\\/5starpropertiesaltea.com\\\/de\\\/impressum\\\/#breadcrumb\",\"itemListElement\":[{\"@type\":\"ListItem\",\"position\":1,\"name\":\"Home\",\"item\":\"https:\\\/\\\/5starpropertiesaltea.com\\\/de\\\/\"},{\"@type\":\"ListItem\",\"position\":2,\"name\":\"Impressum\"}]},{\"@type\":\"WebSite\",\"@id\":\"https:\\\/\\\/5starpropertiesaltea.com\\\/de\\\/#website\",\"url\":\"https:\\\/\\\/5starpropertiesaltea.com\\\/de\\\/\",\"name\":\"5 Star Properties Altea\",\"description\":\"Buy real estate in the Altea region\",\"publisher\":{\"@id\":\"https:\\\/\\\/5starpropertiesaltea.com\\\/de\\\/#organization\"},\"potentialAction\":[{\"@type\":\"SearchAction\",\"target\":{\"@type\":\"EntryPoint\",\"urlTemplate\":\"https:\\\/\\\/5starpropertiesaltea.com\\\/de\\\/?s={search_term_string}\"},\"query-input\":{\"@type\":\"PropertyValueSpecification\",\"valueRequired\":true,\"valueName\":\"search_term_string\"}}],\"inLanguage\":\"de\"},{\"@type\":\"Organization\",\"@id\":\"https:\\\/\\\/5starpropertiesaltea.com\\\/de\\\/#organization\",\"name\":\"5 Star Properties Altea\",\"url\":\"https:\\\/\\\/5starpropertiesaltea.com\\\/de\\\/\",\"logo\":{\"@type\":\"ImageObject\",\"inLanguage\":\"de\",\"@id\":\"https:\\\/\\\/5starpropertiesaltea.com\\\/de\\\/#\\\/schema\\\/logo\\\/image\\\/\",\"url\":\"https:\\\/\\\/5starpropertiesaltea.com\\\/wp-content\\\/uploads\\\/2020\\\/10\\\/logo-5starpropertiesaltea-zwart.png\",\"contentUrl\":\"https:\\\/\\\/5starpropertiesaltea.com\\\/wp-content\\\/uploads\\\/2020\\\/10\\\/logo-5starpropertiesaltea-zwart.png\",\"width\":8623,\"height\":1064,\"caption\":\"5 Star Properties Altea\"},\"image\":{\"@id\":\"https:\\\/\\\/5starpropertiesaltea.com\\\/de\\\/#\\\/schema\\\/logo\\\/image\\\/\"}}]}<\/script>\n<!-- \/ Yoast SEO plugin. -->","yoast_head_json":{"title":"Impressum - 5 Star Properties Altea","robots":{"index":"index","follow":"follow","max-snippet":"max-snippet:-1","max-image-preview":"max-image-preview:large","max-video-preview":"max-video-preview:-1"},"canonical":"https:\/\/5starpropertiesaltea.com\/de\/impressum\/","og_locale":"de_DE","og_type":"article","og_title":"Impressum - 5 Star Properties Altea","og_description":"Impressum 5 STAR PROPERTIES ALTEA, S.L. Die f\u00fcr diese Website verantwortliche Partei, fortan die VERANTWORTLICHE PARTEI, stellt den Nutzern das vorliegende Dokument zur Verf\u00fcgung, um den Verpflichtungen des spanischen Gesetzes 34\/2002 vom 11. Juli \u00fcber Dienstleistungen der Informationsgesellschaft und des elektronischen Gesch\u00e4ftsverkehrs nachzukommen ( LSSICE), Amtsblatt Nr. 166 und der Allgemeinen Datenschutzverordnung (EU) 2016\/679 vom [&hellip;]","og_url":"https:\/\/5starpropertiesaltea.com\/de\/impressum\/","og_site_name":"5 Star Properties Altea","article_modified_time":"2021-01-22T09:53:25+00:00","og_image":[{"width":1871,"height":1247,"url":"https:\/\/5starpropertiesaltea.com\/wp-content\/uploads\/2020\/06\/website-fotoo.jpg","type":"image\/jpeg"}],"twitter_card":"summary_large_image","twitter_misc":{"Gesch\u00e4tzte Lesezeit":"6\u00a0Minuten"},"schema":{"@context":"https:\/\/schema.org","@graph":[{"@type":"WebPage","@id":"https:\/\/5starpropertiesaltea.com\/de\/impressum\/","url":"https:\/\/5starpropertiesaltea.com\/de\/impressum\/","name":"Impressum - 5 Star Properties Altea","isPartOf":{"@id":"https:\/\/5starpropertiesaltea.com\/de\/#website"},"primaryImageOfPage":{"@id":"https:\/\/5starpropertiesaltea.com\/de\/impressum\/#primaryimage"},"image":{"@id":"https:\/\/5starpropertiesaltea.com\/de\/impressum\/#primaryimage"},"thumbnailUrl":"https:\/\/5starpropertiesaltea.com\/wp-content\/uploads\/2020\/06\/website-fotoo.jpg","datePublished":"2020-07-22T06:37:47+00:00","dateModified":"2021-01-22T09:53:25+00:00","breadcrumb":{"@id":"https:\/\/5starpropertiesaltea.com\/de\/impressum\/#breadcrumb"},"inLanguage":"de","potentialAction":[{"@type":"ReadAction","target":["https:\/\/5starpropertiesaltea.com\/de\/impressum\/"]}]},{"@type":"ImageObject","inLanguage":"de","@id":"https:\/\/5starpropertiesaltea.com\/de\/impressum\/#primaryimage","url":"https:\/\/5starpropertiesaltea.com\/wp-content\/uploads\/2020\/06\/website-fotoo.jpg","contentUrl":"https:\/\/5starpropertiesaltea.com\/wp-content\/uploads\/2020\/06\/website-fotoo.jpg","width":1871,"height":1247},{"@type":"BreadcrumbList","@id":"https:\/\/5starpropertiesaltea.com\/de\/impressum\/#breadcrumb","itemListElement":[{"@type":"ListItem","position":1,"name":"Home","item":"https:\/\/5starpropertiesaltea.com\/de\/"},{"@type":"ListItem","position":2,"name":"Impressum"}]},{"@type":"WebSite","@id":"https:\/\/5starpropertiesaltea.com\/de\/#website","url":"https:\/\/5starpropertiesaltea.com\/de\/","name":"5 Star Properties Altea","description":"Buy real estate in the Altea region","publisher":{"@id":"https:\/\/5starpropertiesaltea.com\/de\/#organization"},"potentialAction":[{"@type":"SearchAction","target":{"@type":"EntryPoint","urlTemplate":"https:\/\/5starpropertiesaltea.com\/de\/?s={search_term_string}"},"query-input":{"@type":"PropertyValueSpecification","valueRequired":true,"valueName":"search_term_string"}}],"inLanguage":"de"},{"@type":"Organization","@id":"https:\/\/5starpropertiesaltea.com\/de\/#organization","name":"5 Star Properties Altea","url":"https:\/\/5starpropertiesaltea.com\/de\/","logo":{"@type":"ImageObject","inLanguage":"de","@id":"https:\/\/5starpropertiesaltea.com\/de\/#\/schema\/logo\/image\/","url":"https:\/\/5starpropertiesaltea.com\/wp-content\/uploads\/2020\/10\/logo-5starpropertiesaltea-zwart.png","contentUrl":"https:\/\/5starpropertiesaltea.com\/wp-content\/uploads\/2020\/10\/logo-5starpropertiesaltea-zwart.png","width":8623,"height":1064,"caption":"5 Star Properties Altea"},"image":{"@id":"https:\/\/5starpropertiesaltea.com\/de\/#\/schema\/logo\/image\/"}}]}},"_links":{"self":[{"href":"https:\/\/5starpropertiesaltea.com\/de\/wp-json\/wp\/v2\/pages\/3694","targetHints":{"allow":["GET"]}}],"collection":[{"href":"https:\/\/5starpropertiesaltea.com\/de\/wp-json\/wp\/v2\/pages"}],"about":[{"href":"https:\/\/5starpropertiesaltea.com\/de\/wp-json\/wp\/v2\/types\/page"}],"author":[{"embeddable":true,"href":"https:\/\/5starpropertiesaltea.com\/de\/wp-json\/wp\/v2\/users\/1"}],"replies":[{"embeddable":true,"href":"https:\/\/5starpropertiesaltea.com\/de\/wp-json\/wp\/v2\/comments?post=3694"}],"version-history":[{"count":5,"href":"https:\/\/5starpropertiesaltea.com\/de\/wp-json\/wp\/v2\/pages\/3694\/revisions"}],"predecessor-version":[{"id":6573,"href":"https:\/\/5starpropertiesaltea.com\/de\/wp-json\/wp\/v2\/pages\/3694\/revisions\/6573"}],"wp:featuredmedia":[{"embeddable":true,"href":"https:\/\/5starpropertiesaltea.com\/de\/wp-json\/wp\/v2\/media\/2622"}],"wp:attachment":[{"href":"https:\/\/5starpropertiesaltea.com\/de\/wp-json\/wp\/v2\/media?parent=3694"}],"curies":[{"name":"wp","href":"https:\/\/api.w.org\/{rel}","templated":true}]}}