{"id":2935,"date":"2020-06-23T06:21:01","date_gmt":"2020-06-23T06:21:01","guid":{"rendered":"https:\/\/staging.5starpropertiesaltea.com\/neubau\/"},"modified":"2021-01-17T15:52:54","modified_gmt":"2021-01-17T15:52:54","slug":"neubau","status":"publish","type":"page","link":"https:\/\/5starpropertiesaltea.com\/de\/neubau\/","title":{"rendered":"Neubau"},"content":{"rendered":"<p>[et_pb_section fb_built=&#8220;1&#8243; _builder_version=&#8220;4.4.8&#8243; background_color=&#8220;rgba(0,0,0,0.03)&#8220; use_background_color_gradient=&#8220;on&#8220; background_color_gradient_start=&#8220;rgba(255,255,255,0.95)&#8220; background_color_gradient_end=&#8220;#ffffff&#8220; background_color_gradient_overlays_image=&#8220;on&#8220; background_image=&#8220;https:\/\/5starpropertiesaltea.com\/wp-content\/uploads\/2020\/06\/photo-1584725178783-548d8a85d718.jpeg&#8220; background_position=&#8220;top_center&#8220; custom_margin=&#8220;|||&#8220; custom_padding=&#8220;||0px|||&#8220;][et_pb_row _builder_version=&#8220;3.25&#8243; custom_margin=&#8220;|||&#8220; locked=&#8220;off&#8220;][et_pb_column type=&#8220;4_4&#8243; _builder_version=&#8220;3.25&#8243; custom_padding=&#8220;|||&#8220; custom_padding__hover=&#8220;|||&#8220;][et_pb_text _builder_version=&#8220;4.7.7&#8243; text_font=&#8220;Lato||||||||&#8220; header_font=&#8220;||||||||&#8220; header_2_font_size=&#8220;42px&#8220; text_orientation=&#8220;center&#8220; animation_style=&#8220;slide&#8220; animation_direction=&#8220;left&#8220; hover_enabled=&#8220;0&#8243; locked=&#8220;off&#8220; sticky_enabled=&#8220;0&#8243;]<\/p>\n<h1 style=\"text-align: left;\">NEU<\/h1>\n<h2 style=\"text-align: left; color: #ef334d;\">BAU<\/h2>\n<p style=\"text-align: center;\">Wir sind spezialisiert auf neu gebaute H\u00e4user mit modernem Design und Architektur. Unser Hauptaugenmerk liegt darauf, sicherzustellen, dass die von uns verkauften neu gebauten Immobilien eine sehr hohes Mass an Qualit\u00e4t aller Materialien enthalten, die f\u00fcr den Bau der H\u00e4user ben\u00f6tigt werden. Wir wissen, was unsere Kunden von neu gebauten H\u00e4usern erwarten, und wir sind gut dar\u00fcber informiert, wo genau unsere Kunden wohnen m\u00f6chten.<\/p>\n<p>[\/et_pb_text][\/et_pb_column][\/et_pb_row][et_pb_row column_structure=&#8220;1_2,1_2&#8243; module_id=&#8220;about-us&#8220; _builder_version=&#8220;4.4.8&#8243;][et_pb_column type=&#8220;1_2&#8243; _builder_version=&#8220;4.4.8&#8243;][et_pb_text _builder_version=&#8220;4.7.7&#8243; animation_style=&#8220;slide&#8220; animation_direction=&#8220;left&#8220; hover_enabled=&#8220;0&#8243; sticky_enabled=&#8220;0&#8243;]<\/p>\n<h2 style=\"color: #ef334d; background-color: black; text-align: center;\"><strong>\u00dcBER UNS<\/strong><\/h2>\n<p style=\"text-align: center;\">5 Star Properties Altea unterst\u00fctzt unsere Kunden mit Baufirmen und Immobilienentwicklern bei der Planung eines Projekts oder eines neuen Hauses in Zusammenarbeit mit Investoren, Architekten und Bauherren. Unsere Kunden k\u00f6nnen sich darauf verlassen, dass wir uns auch um den gesamten Verkaufsprozess k\u00fcmmern und jeden Schritt der Enstehung eines Projektes mit Professionalit\u00e4t und Begeisterung ausf\u00fchren.<\/p>\n<p>[\/et_pb_text][\/et_pb_column][et_pb_column type=&#8220;1_2&#8243; _builder_version=&#8220;4.4.8&#8243;][et_pb_image src=&#8220;https:\/\/5starpropertiesaltea.com\/wp-content\/uploads\/2020\/06\/new-built-3.jpg&#8220; title_text=&#8220;new built 3&#8243; _builder_version=&#8220;4.4.8&#8243; animation_style=&#8220;slide&#8220; animation_direction=&#8220;right&#8220;][\/et_pb_image][\/et_pb_column][\/et_pb_row][et_pb_row column_structure=&#8220;1_2,1_2&#8243; module_id=&#8220;new&#8220; _builder_version=&#8220;4.4.8&#8243;][et_pb_column type=&#8220;1_2&#8243; _builder_version=&#8220;4.4.8&#8243;][et_pb_image src=&#8220;https:\/\/5starpropertiesaltea.com\/wp-content\/uploads\/2020\/06\/picture-new-built-2-1.jpg&#8220; title_text=&#8220;picture new built 2&#8243; _builder_version=&#8220;4.4.8&#8243; animation_style=&#8220;slide&#8220; animation_direction=&#8220;left&#8220;][\/et_pb_image][\/et_pb_column][et_pb_column type=&#8220;1_2&#8243; _builder_version=&#8220;4.4.8&#8243;][et_pb_text _builder_version=&#8220;4.7.7&#8243; animation_style=&#8220;slide&#8220; animation_direction=&#8220;right&#8220;]<\/p>\n<h2 style=\"color: #ef334d; background-color: black; text-align: center;\"><strong>NEUE<\/strong><\/h2>\n<p style=\"text-align: center;\">Wir haben eine gro\u00dfe Auswahl an neu gebauten Immobilien wie Wohnungen und Apartments,\u00a0 H\u00e4user und Villen, die haupts\u00e4chlich in Altea liegen, sowie in anderen Teilen der Costa Blanca (Moraira, Calpe, K\u00fcste von Benissa, Javea, Denia und Benidorm).<\/p>\n<p>[\/et_pb_text][\/et_pb_column][\/et_pb_row][et_pb_row _builder_version=&#8220;4.4.8&#8243;][et_pb_column type=&#8220;4_4&#8243; _builder_version=&#8220;4.4.8&#8243;][et_pb_text module_id=&#8220;construction&#8220; _builder_version=&#8220;4.7.7&#8243; text_font_size=&#8220;20px&#8220; animation_style=&#8220;slide&#8220; hover_enabled=&#8220;0&#8243; sticky_enabled=&#8220;0&#8243;]<\/p>\n<p style=\"text-align: center;\">Dar\u00fcber hinaus bieten wir von Anfang an auch Bauprojekte an, bei denen Sie die M\u00f6glichkeit haben, das Objekt komplett zu ver\u00e4ndern, um es in Ihr neues\u00a0LUXUS TRAUMHAUS\u00a0zu verwandeln.<\/p>\n<p>[\/et_pb_text][\/et_pb_column][\/et_pb_row][et_pb_row column_structure=&#8220;1_2,1_2&#8243; _builder_version=&#8220;4.4.8&#8243;][et_pb_column type=&#8220;1_2&#8243; _builder_version=&#8220;4.4.8&#8243; custom_padding=&#8220;3vw||||false|false&#8220;][et_pb_image src=&#8220;https:\/\/5starpropertiesaltea.com\/wp-content\/uploads\/2020\/06\/pic-new-built-4.jpeg&#8220; title_text=&#8220;pic new built 4&#8243; _builder_version=&#8220;4.4.8&#8243; animation_style=&#8220;slide&#8220; animation_direction=&#8220;left&#8220;][\/et_pb_image][\/et_pb_column][et_pb_column type=&#8220;1_2&#8243; _builder_version=&#8220;4.4.8&#8243;][et_pb_text _builder_version=&#8220;4.7.7&#8243; animation_style=&#8220;slide&#8220; animation_direction=&#8220;right&#8220; hover_enabled=&#8220;0&#8243; sticky_enabled=&#8220;0&#8243;]<\/p>\n<h2 style=\"color: #ef334d; background-color: black; text-align: center;\"><strong>KONSTRUKTION<\/strong><\/h2>\n<p style=\"text-align: center;\">Wenn es um einen Neubau geht und Sie Ihr Haus auf Plan kaufen, bedeutet dies, dass Sie nur die Architektenzeichnungen sehen und das kann f\u00fcr viele Menschen schwierig sein, sich vorzustellen, wie die fertige Immobilie aussehen wird. Wir versuchen Ihre Bed\u00fcrfnisse zu befriedigen und Ihnen ein klares Bild davon zu geben, wie Ihr neues Zuhause aussehen wird.<\/p>\n<p>[\/et_pb_text][\/et_pb_column][\/et_pb_row][et_pb_row _builder_version=&#8220;4.4.8&#8243; animation_style=&#8220;slide&#8220;][et_pb_column type=&#8220;4_4&#8243; _builder_version=&#8220;4.4.8&#8243;][et_pb_text _builder_version=&#8220;4.7.7&#8243; hover_enabled=&#8220;0&#8243; sticky_enabled=&#8220;0&#8243;]<\/p>\n<p style=\"text-align: center;\">Sie k\u00f6nnen sich jederzeit an uns wenden, um weitere Informationen zu unseren sch\u00f6nen H\u00e4usern, oder unseren bevorstehenden Projekten zu erhalten.<\/p>\n<p>[\/et_pb_text][et_pb_button button_url=&#8220;\/de\/kontaktieren\/&#8220; button_text=&#8220;Kontakt&#8220; button_alignment=&#8220;center&#8220; _builder_version=&#8220;4.6.5&#8243;][\/et_pb_button][\/et_pb_column][\/et_pb_row][et_pb_row _builder_version=&#8220;4.4.8&#8243;][et_pb_column type=&#8220;4_4&#8243; _builder_version=&#8220;4.4.8&#8243;][et_pb_divider color=&#8220;#000000&#8243; _builder_version=&#8220;4.4.8&#8243;][\/et_pb_divider][\/et_pb_column][\/et_pb_row][\/et_pb_section]<\/p>\n","protected":false},"excerpt":{"rendered":"<p>NEU BAU Wir sind spezialisiert auf neu gebaute H\u00e4user mit modernem Design und Architektur. Unser Hauptaugenmerk liegt darauf, sicherzustellen, dass die von uns verkauften neu gebauten Immobilien eine sehr hohes Mass an Qualit\u00e4t aller Materialien enthalten, die f\u00fcr den Bau der H\u00e4user ben\u00f6tigt werden. Wir wissen, was unsere Kunden von neu gebauten H\u00e4usern erwarten, und [&hellip;]<\/p>\n","protected":false},"author":1,"featured_media":2734,"parent":0,"menu_order":0,"comment_status":"closed","ping_status":"closed","template":"","meta":{"_acf_changed":false,"_et_pb_use_builder":"on","_et_pb_old_content":"","_et_gb_content_width":"","footnotes":""},"class_list":["post-2935","page","type-page","status-publish","has-post-thumbnail","hentry"],"acf":[],"yoast_head":"<!-- This site is optimized with the Yoast SEO plugin v27.4 - https:\/\/yoast.com\/product\/yoast-seo-wordpress\/ -->\n<title>Neubau - 5 Star Properties Altea<\/title>\n<meta name=\"robots\" content=\"index, follow, max-snippet:-1, max-image-preview:large, max-video-preview:-1\" \/>\n<link rel=\"canonical\" href=\"https:\/\/5starpropertiesaltea.com\/de\/neubau\/\" \/>\n<meta property=\"og:locale\" content=\"de_DE\" \/>\n<meta property=\"og:type\" content=\"article\" \/>\n<meta property=\"og:title\" content=\"Neubau - 5 Star Properties Altea\" \/>\n<meta property=\"og:description\" content=\"NEU BAU Wir sind spezialisiert auf neu gebaute H\u00e4user mit modernem Design und Architektur. Unser Hauptaugenmerk liegt darauf, sicherzustellen, dass die von uns verkauften neu gebauten Immobilien eine sehr hohes Mass an Qualit\u00e4t aller Materialien enthalten, die f\u00fcr den Bau der H\u00e4user ben\u00f6tigt werden. Wir wissen, was unsere Kunden von neu gebauten H\u00e4usern erwarten, und [&hellip;]\" \/>\n<meta property=\"og:url\" content=\"https:\/\/5starpropertiesaltea.com\/de\/neubau\/\" \/>\n<meta property=\"og:site_name\" content=\"5 Star Properties Altea\" \/>\n<meta property=\"article:modified_time\" content=\"2021-01-17T15:52:54+00:00\" \/>\n<meta property=\"og:image\" content=\"https:\/\/5starpropertiesaltea.com\/wp-content\/uploads\/2020\/06\/picture-7-new-built-architects.jpg\" \/>\n\t<meta property=\"og:image:width\" content=\"1906\" \/>\n\t<meta property=\"og:image:height\" content=\"730\" \/>\n\t<meta property=\"og:image:type\" content=\"image\/jpeg\" \/>\n<meta name=\"twitter:card\" content=\"summary_large_image\" \/>\n<meta name=\"twitter:label1\" content=\"Gesch\u00e4tzte Lesezeit\" \/>\n\t<meta name=\"twitter:data1\" content=\"4\u00a0Minuten\" \/>\n<script type=\"application\/ld+json\" class=\"yoast-schema-graph\">{\"@context\":\"https:\\\/\\\/schema.org\",\"@graph\":[{\"@type\":\"WebPage\",\"@id\":\"https:\\\/\\\/5starpropertiesaltea.com\\\/de\\\/neubau\\\/\",\"url\":\"https:\\\/\\\/5starpropertiesaltea.com\\\/de\\\/neubau\\\/\",\"name\":\"Neubau - 5 Star Properties Altea\",\"isPartOf\":{\"@id\":\"https:\\\/\\\/5starpropertiesaltea.com\\\/de\\\/#website\"},\"primaryImageOfPage\":{\"@id\":\"https:\\\/\\\/5starpropertiesaltea.com\\\/de\\\/neubau\\\/#primaryimage\"},\"image\":{\"@id\":\"https:\\\/\\\/5starpropertiesaltea.com\\\/de\\\/neubau\\\/#primaryimage\"},\"thumbnailUrl\":\"https:\\\/\\\/5starpropertiesaltea.com\\\/wp-content\\\/uploads\\\/2020\\\/06\\\/picture-7-new-built-architects.jpg\",\"datePublished\":\"2020-06-23T06:21:01+00:00\",\"dateModified\":\"2021-01-17T15:52:54+00:00\",\"breadcrumb\":{\"@id\":\"https:\\\/\\\/5starpropertiesaltea.com\\\/de\\\/neubau\\\/#breadcrumb\"},\"inLanguage\":\"de\",\"potentialAction\":[{\"@type\":\"ReadAction\",\"target\":[\"https:\\\/\\\/5starpropertiesaltea.com\\\/de\\\/neubau\\\/\"]}]},{\"@type\":\"ImageObject\",\"inLanguage\":\"de\",\"@id\":\"https:\\\/\\\/5starpropertiesaltea.com\\\/de\\\/neubau\\\/#primaryimage\",\"url\":\"https:\\\/\\\/5starpropertiesaltea.com\\\/wp-content\\\/uploads\\\/2020\\\/06\\\/picture-7-new-built-architects.jpg\",\"contentUrl\":\"https:\\\/\\\/5starpropertiesaltea.com\\\/wp-content\\\/uploads\\\/2020\\\/06\\\/picture-7-new-built-architects.jpg\",\"width\":1906,\"height\":730},{\"@type\":\"BreadcrumbList\",\"@id\":\"https:\\\/\\\/5starpropertiesaltea.com\\\/de\\\/neubau\\\/#breadcrumb\",\"itemListElement\":[{\"@type\":\"ListItem\",\"position\":1,\"name\":\"Home\",\"item\":\"https:\\\/\\\/5starpropertiesaltea.com\\\/de\\\/\"},{\"@type\":\"ListItem\",\"position\":2,\"name\":\"Neubau\"}]},{\"@type\":\"WebSite\",\"@id\":\"https:\\\/\\\/5starpropertiesaltea.com\\\/de\\\/#website\",\"url\":\"https:\\\/\\\/5starpropertiesaltea.com\\\/de\\\/\",\"name\":\"5 Star Properties Altea\",\"description\":\"Buy real estate in the Altea region\",\"publisher\":{\"@id\":\"https:\\\/\\\/5starpropertiesaltea.com\\\/de\\\/#organization\"},\"potentialAction\":[{\"@type\":\"SearchAction\",\"target\":{\"@type\":\"EntryPoint\",\"urlTemplate\":\"https:\\\/\\\/5starpropertiesaltea.com\\\/de\\\/?s={search_term_string}\"},\"query-input\":{\"@type\":\"PropertyValueSpecification\",\"valueRequired\":true,\"valueName\":\"search_term_string\"}}],\"inLanguage\":\"de\"},{\"@type\":\"Organization\",\"@id\":\"https:\\\/\\\/5starpropertiesaltea.com\\\/de\\\/#organization\",\"name\":\"5 Star Properties Altea\",\"url\":\"https:\\\/\\\/5starpropertiesaltea.com\\\/de\\\/\",\"logo\":{\"@type\":\"ImageObject\",\"inLanguage\":\"de\",\"@id\":\"https:\\\/\\\/5starpropertiesaltea.com\\\/de\\\/#\\\/schema\\\/logo\\\/image\\\/\",\"url\":\"https:\\\/\\\/5starpropertiesaltea.com\\\/wp-content\\\/uploads\\\/2020\\\/10\\\/logo-5starpropertiesaltea-zwart.png\",\"contentUrl\":\"https:\\\/\\\/5starpropertiesaltea.com\\\/wp-content\\\/uploads\\\/2020\\\/10\\\/logo-5starpropertiesaltea-zwart.png\",\"width\":8623,\"height\":1064,\"caption\":\"5 Star Properties Altea\"},\"image\":{\"@id\":\"https:\\\/\\\/5starpropertiesaltea.com\\\/de\\\/#\\\/schema\\\/logo\\\/image\\\/\"}}]}<\/script>\n<!-- \/ Yoast SEO plugin. -->","yoast_head_json":{"title":"Neubau - 5 Star Properties Altea","robots":{"index":"index","follow":"follow","max-snippet":"max-snippet:-1","max-image-preview":"max-image-preview:large","max-video-preview":"max-video-preview:-1"},"canonical":"https:\/\/5starpropertiesaltea.com\/de\/neubau\/","og_locale":"de_DE","og_type":"article","og_title":"Neubau - 5 Star Properties Altea","og_description":"NEU BAU Wir sind spezialisiert auf neu gebaute H\u00e4user mit modernem Design und Architektur. Unser Hauptaugenmerk liegt darauf, sicherzustellen, dass die von uns verkauften neu gebauten Immobilien eine sehr hohes Mass an Qualit\u00e4t aller Materialien enthalten, die f\u00fcr den Bau der H\u00e4user ben\u00f6tigt werden. Wir wissen, was unsere Kunden von neu gebauten H\u00e4usern erwarten, und [&hellip;]","og_url":"https:\/\/5starpropertiesaltea.com\/de\/neubau\/","og_site_name":"5 Star Properties Altea","article_modified_time":"2021-01-17T15:52:54+00:00","og_image":[{"width":1906,"height":730,"url":"https:\/\/5starpropertiesaltea.com\/wp-content\/uploads\/2020\/06\/picture-7-new-built-architects.jpg","type":"image\/jpeg"}],"twitter_card":"summary_large_image","twitter_misc":{"Gesch\u00e4tzte Lesezeit":"4\u00a0Minuten"},"schema":{"@context":"https:\/\/schema.org","@graph":[{"@type":"WebPage","@id":"https:\/\/5starpropertiesaltea.com\/de\/neubau\/","url":"https:\/\/5starpropertiesaltea.com\/de\/neubau\/","name":"Neubau - 5 Star Properties Altea","isPartOf":{"@id":"https:\/\/5starpropertiesaltea.com\/de\/#website"},"primaryImageOfPage":{"@id":"https:\/\/5starpropertiesaltea.com\/de\/neubau\/#primaryimage"},"image":{"@id":"https:\/\/5starpropertiesaltea.com\/de\/neubau\/#primaryimage"},"thumbnailUrl":"https:\/\/5starpropertiesaltea.com\/wp-content\/uploads\/2020\/06\/picture-7-new-built-architects.jpg","datePublished":"2020-06-23T06:21:01+00:00","dateModified":"2021-01-17T15:52:54+00:00","breadcrumb":{"@id":"https:\/\/5starpropertiesaltea.com\/de\/neubau\/#breadcrumb"},"inLanguage":"de","potentialAction":[{"@type":"ReadAction","target":["https:\/\/5starpropertiesaltea.com\/de\/neubau\/"]}]},{"@type":"ImageObject","inLanguage":"de","@id":"https:\/\/5starpropertiesaltea.com\/de\/neubau\/#primaryimage","url":"https:\/\/5starpropertiesaltea.com\/wp-content\/uploads\/2020\/06\/picture-7-new-built-architects.jpg","contentUrl":"https:\/\/5starpropertiesaltea.com\/wp-content\/uploads\/2020\/06\/picture-7-new-built-architects.jpg","width":1906,"height":730},{"@type":"BreadcrumbList","@id":"https:\/\/5starpropertiesaltea.com\/de\/neubau\/#breadcrumb","itemListElement":[{"@type":"ListItem","position":1,"name":"Home","item":"https:\/\/5starpropertiesaltea.com\/de\/"},{"@type":"ListItem","position":2,"name":"Neubau"}]},{"@type":"WebSite","@id":"https:\/\/5starpropertiesaltea.com\/de\/#website","url":"https:\/\/5starpropertiesaltea.com\/de\/","name":"5 Star Properties Altea","description":"Buy real estate in the Altea region","publisher":{"@id":"https:\/\/5starpropertiesaltea.com\/de\/#organization"},"potentialAction":[{"@type":"SearchAction","target":{"@type":"EntryPoint","urlTemplate":"https:\/\/5starpropertiesaltea.com\/de\/?s={search_term_string}"},"query-input":{"@type":"PropertyValueSpecification","valueRequired":true,"valueName":"search_term_string"}}],"inLanguage":"de"},{"@type":"Organization","@id":"https:\/\/5starpropertiesaltea.com\/de\/#organization","name":"5 Star Properties Altea","url":"https:\/\/5starpropertiesaltea.com\/de\/","logo":{"@type":"ImageObject","inLanguage":"de","@id":"https:\/\/5starpropertiesaltea.com\/de\/#\/schema\/logo\/image\/","url":"https:\/\/5starpropertiesaltea.com\/wp-content\/uploads\/2020\/10\/logo-5starpropertiesaltea-zwart.png","contentUrl":"https:\/\/5starpropertiesaltea.com\/wp-content\/uploads\/2020\/10\/logo-5starpropertiesaltea-zwart.png","width":8623,"height":1064,"caption":"5 Star Properties Altea"},"image":{"@id":"https:\/\/5starpropertiesaltea.com\/de\/#\/schema\/logo\/image\/"}}]}},"_links":{"self":[{"href":"https:\/\/5starpropertiesaltea.com\/de\/wp-json\/wp\/v2\/pages\/2935","targetHints":{"allow":["GET"]}}],"collection":[{"href":"https:\/\/5starpropertiesaltea.com\/de\/wp-json\/wp\/v2\/pages"}],"about":[{"href":"https:\/\/5starpropertiesaltea.com\/de\/wp-json\/wp\/v2\/types\/page"}],"author":[{"embeddable":true,"href":"https:\/\/5starpropertiesaltea.com\/de\/wp-json\/wp\/v2\/users\/1"}],"replies":[{"embeddable":true,"href":"https:\/\/5starpropertiesaltea.com\/de\/wp-json\/wp\/v2\/comments?post=2935"}],"version-history":[{"count":5,"href":"https:\/\/5starpropertiesaltea.com\/de\/wp-json\/wp\/v2\/pages\/2935\/revisions"}],"predecessor-version":[{"id":6452,"href":"https:\/\/5starpropertiesaltea.com\/de\/wp-json\/wp\/v2\/pages\/2935\/revisions\/6452"}],"wp:featuredmedia":[{"embeddable":true,"href":"https:\/\/5starpropertiesaltea.com\/de\/wp-json\/wp\/v2\/media\/2734"}],"wp:attachment":[{"href":"https:\/\/5starpropertiesaltea.com\/de\/wp-json\/wp\/v2\/media?parent=2935"}],"curies":[{"name":"wp","href":"https:\/\/api.w.org\/{rel}","templated":true}]}}