{"id":2460,"date":"2020-05-27T10:19:24","date_gmt":"2020-05-27T10:19:24","guid":{"rendered":"https:\/\/staging.5starpropertiesaltea.com\/listen-mit-uns\/"},"modified":"2021-01-17T11:47:24","modified_gmt":"2021-01-17T11:47:24","slug":"listen-mit-uns","status":"publish","type":"page","link":"https:\/\/5starpropertiesaltea.com\/de\/listen-mit-uns\/","title":{"rendered":"IHRE IMMOBILIE BEI UNS"},"content":{"rendered":"<p>[et_pb_section fb_built=&#8220;1&#8243; _builder_version=&#8220;4.3.4&#8243; background_color=&#8220;rgba(0,0,0,0.03)&#8220; background_position=&#8220;top_center&#8220; custom_margin=&#8220;|||&#8220;][et_pb_row _builder_version=&#8220;3.25&#8243; custom_margin=&#8220;|||&#8220; locked=&#8220;off&#8220;][et_pb_column type=&#8220;4_4&#8243; _builder_version=&#8220;3.25&#8243; custom_padding=&#8220;|||&#8220; custom_padding__hover=&#8220;|||&#8220;][et_pb_text _builder_version=&#8220;4.7.7&#8243; text_font=&#8220;Lato||||||||&#8220; header_font=&#8220;||||||||&#8220; header_2_font_size=&#8220;42px&#8220; text_orientation=&#8220;center&#8220; locked=&#8220;off&#8220;]<\/p>\n<h1 style=\"text-align: center;\">IHRE IMMOBILIE BEI UNS<\/h1>\n<p style=\"text-align: center;\">Altea und die Costa Blanca sind unsere Leidenschaft und die sch\u00f6ne Lebensqualit\u00e4t im Mittelmeerraum inspiriert uns jeden Tag, unser Bestes f\u00fcr unsere Kunden zu geben und die hohen Anforderungen an uns selbst zu erf\u00fcllen. Das gesamte Team von\u00a0<strong>5\u00a0<\/strong><strong>Star Properties Altea<\/strong>\u00fcbernimmt gerne diese Verantwortung und gibt ein Beispiel.<\/p>\n<p style=\"text-align: center;\">Die Wahl des richtigen Immobilienmaklers f\u00fcr den Verkauf Ihres Hauses ist eine der wichtigsten Entscheidungen, die Sie treffen werden. Es kann der Unterschied sein, ob Ihr Haus monatelang auf dem Markt ist oder schnell f\u00fcr Hunderte, wenn nicht Tausende von Euro mehr verkauft. Zahlreiche Fragen und Bedenken m\u00fcssen gekl\u00e4rt werden, und die professionelle Beratung, die Sie erhalten, kann einen enormen Unterschied in den Ergebnissen bewirken. Design, Timing und Pr\u00e4sentation, Aktualisierung und \/ oder Umbau, erstklassige Fotografie und Videos, Internetpr\u00e4senz.<\/p>\n<p style=\"text-align: center;\">Marketing und Werbung, Tag der offenen T\u00fcr, Inszenierung, Grundrissmessungen, Inspektionen, Exposition vor dem Inverkehrbringen, korrekte Preisgestaltung und Dutzende weiterer Nuancen und Vorschl\u00e4ge machen den Unterschied zwischen Misserfolg und erfolgreichem Verkauf aus.<\/p>\n<p style=\"text-align: center;\">Die\u00a0<em>5\u00a0<\/em><strong>Star Properties Altea\u00a0<\/strong>Group ist wirklich ein Full-Service-Maklerunternehmen und nicht nur ein Immobilienmakler.\u00a0<strong>Unser Ziel ist es, das kundenfreundlichste Unternehmen an der Costa Blanca zu sein.\u00a0<\/strong>Mit Erfahrung, Einf\u00fchlungsverm\u00f6gen und einer nachgewiesenen Erfolgsbilanz werden wir nicht nur H\u00e4user verkaufen, sondern auch Ergebnisse f\u00fcr unsere Kunden bringen.<\/p>\n<p>[\/et_pb_text][\/et_pb_column][\/et_pb_row][et_pb_row _builder_version=&#8220;4.3.4&#8243;][et_pb_column type=&#8220;4_4&#8243; _builder_version=&#8220;4.3.4&#8243;][et_pb_button button_url=&#8220;https:\/\/5starpropertiesaltea.com\/de\/verkaufer\/&#8220; button_text=&#8220;BEWERTUNG IHRES HAUSES&#8220; button_alignment=&#8220;center&#8220; _builder_version=&#8220;4.3.4&#8243;][\/et_pb_button][\/et_pb_column][\/et_pb_row][\/et_pb_section]<\/p>\n","protected":false},"excerpt":{"rendered":"<p>IHRE IMMOBILIE BEI UNS Altea und die Costa Blanca sind unsere Leidenschaft und die sch\u00f6ne Lebensqualit\u00e4t im Mittelmeerraum inspiriert uns jeden Tag, unser Bestes f\u00fcr unsere Kunden zu geben und die hohen Anforderungen an uns selbst zu erf\u00fcllen. Das gesamte Team von\u00a05\u00a0Star Properties Altea\u00fcbernimmt gerne diese Verantwortung und gibt ein Beispiel. Die Wahl des richtigen [&hellip;]<\/p>\n","protected":false},"author":1,"featured_media":2681,"parent":0,"menu_order":0,"comment_status":"closed","ping_status":"closed","template":"","meta":{"_acf_changed":false,"_et_pb_use_builder":"on","_et_pb_old_content":"","_et_gb_content_width":"","footnotes":""},"class_list":["post-2460","page","type-page","status-publish","has-post-thumbnail","hentry"],"acf":[],"yoast_head":"<!-- This site is optimized with the Yoast SEO plugin v27.4 - https:\/\/yoast.com\/product\/yoast-seo-wordpress\/ -->\n<title>IHRE IMMOBILIE BEI UNS - 5 Star Properties Altea<\/title>\n<meta name=\"robots\" content=\"index, follow, max-snippet:-1, max-image-preview:large, max-video-preview:-1\" \/>\n<link rel=\"canonical\" href=\"https:\/\/5starpropertiesaltea.com\/de\/listen-mit-uns\/\" \/>\n<meta property=\"og:locale\" content=\"de_DE\" \/>\n<meta property=\"og:type\" content=\"article\" \/>\n<meta property=\"og:title\" content=\"IHRE IMMOBILIE BEI UNS - 5 Star Properties Altea\" \/>\n<meta property=\"og:description\" content=\"IHRE IMMOBILIE BEI UNS Altea und die Costa Blanca sind unsere Leidenschaft und die sch\u00f6ne Lebensqualit\u00e4t im Mittelmeerraum inspiriert uns jeden Tag, unser Bestes f\u00fcr unsere Kunden zu geben und die hohen Anforderungen an uns selbst zu erf\u00fcllen. Das gesamte Team von\u00a05\u00a0Star Properties Altea\u00fcbernimmt gerne diese Verantwortung und gibt ein Beispiel. Die Wahl des richtigen [&hellip;]\" \/>\n<meta property=\"og:url\" content=\"https:\/\/5starpropertiesaltea.com\/de\/listen-mit-uns\/\" \/>\n<meta property=\"og:site_name\" content=\"5 Star Properties Altea\" \/>\n<meta property=\"article:modified_time\" content=\"2021-01-17T11:47:24+00:00\" \/>\n<meta property=\"og:image\" content=\"https:\/\/5starpropertiesaltea.com\/wp-content\/uploads\/2020\/06\/Website-foto2.jpg\" \/>\n\t<meta property=\"og:image:width\" content=\"1504\" \/>\n\t<meta property=\"og:image:height\" content=\"1000\" \/>\n\t<meta property=\"og:image:type\" content=\"image\/jpeg\" \/>\n<meta name=\"twitter:card\" content=\"summary_large_image\" \/>\n<meta name=\"twitter:label1\" content=\"Gesch\u00e4tzte Lesezeit\" \/>\n\t<meta name=\"twitter:data1\" content=\"2\u00a0Minuten\" \/>\n<script type=\"application\/ld+json\" class=\"yoast-schema-graph\">{\"@context\":\"https:\\\/\\\/schema.org\",\"@graph\":[{\"@type\":\"WebPage\",\"@id\":\"https:\\\/\\\/5starpropertiesaltea.com\\\/de\\\/listen-mit-uns\\\/\",\"url\":\"https:\\\/\\\/5starpropertiesaltea.com\\\/de\\\/listen-mit-uns\\\/\",\"name\":\"IHRE IMMOBILIE BEI UNS - 5 Star Properties Altea\",\"isPartOf\":{\"@id\":\"https:\\\/\\\/5starpropertiesaltea.com\\\/de\\\/#website\"},\"primaryImageOfPage\":{\"@id\":\"https:\\\/\\\/5starpropertiesaltea.com\\\/de\\\/listen-mit-uns\\\/#primaryimage\"},\"image\":{\"@id\":\"https:\\\/\\\/5starpropertiesaltea.com\\\/de\\\/listen-mit-uns\\\/#primaryimage\"},\"thumbnailUrl\":\"https:\\\/\\\/5starpropertiesaltea.com\\\/wp-content\\\/uploads\\\/2020\\\/06\\\/Website-foto2.jpg\",\"datePublished\":\"2020-05-27T10:19:24+00:00\",\"dateModified\":\"2021-01-17T11:47:24+00:00\",\"breadcrumb\":{\"@id\":\"https:\\\/\\\/5starpropertiesaltea.com\\\/de\\\/listen-mit-uns\\\/#breadcrumb\"},\"inLanguage\":\"de\",\"potentialAction\":[{\"@type\":\"ReadAction\",\"target\":[\"https:\\\/\\\/5starpropertiesaltea.com\\\/de\\\/listen-mit-uns\\\/\"]}]},{\"@type\":\"ImageObject\",\"inLanguage\":\"de\",\"@id\":\"https:\\\/\\\/5starpropertiesaltea.com\\\/de\\\/listen-mit-uns\\\/#primaryimage\",\"url\":\"https:\\\/\\\/5starpropertiesaltea.com\\\/wp-content\\\/uploads\\\/2020\\\/06\\\/Website-foto2.jpg\",\"contentUrl\":\"https:\\\/\\\/5starpropertiesaltea.com\\\/wp-content\\\/uploads\\\/2020\\\/06\\\/Website-foto2.jpg\",\"width\":1504,\"height\":1000},{\"@type\":\"BreadcrumbList\",\"@id\":\"https:\\\/\\\/5starpropertiesaltea.com\\\/de\\\/listen-mit-uns\\\/#breadcrumb\",\"itemListElement\":[{\"@type\":\"ListItem\",\"position\":1,\"name\":\"Home\",\"item\":\"https:\\\/\\\/5starpropertiesaltea.com\\\/de\\\/\"},{\"@type\":\"ListItem\",\"position\":2,\"name\":\"IHRE IMMOBILIE BEI UNS\"}]},{\"@type\":\"WebSite\",\"@id\":\"https:\\\/\\\/5starpropertiesaltea.com\\\/de\\\/#website\",\"url\":\"https:\\\/\\\/5starpropertiesaltea.com\\\/de\\\/\",\"name\":\"5 Star Properties Altea\",\"description\":\"Buy real estate in the Altea region\",\"publisher\":{\"@id\":\"https:\\\/\\\/5starpropertiesaltea.com\\\/de\\\/#organization\"},\"potentialAction\":[{\"@type\":\"SearchAction\",\"target\":{\"@type\":\"EntryPoint\",\"urlTemplate\":\"https:\\\/\\\/5starpropertiesaltea.com\\\/de\\\/?s={search_term_string}\"},\"query-input\":{\"@type\":\"PropertyValueSpecification\",\"valueRequired\":true,\"valueName\":\"search_term_string\"}}],\"inLanguage\":\"de\"},{\"@type\":\"Organization\",\"@id\":\"https:\\\/\\\/5starpropertiesaltea.com\\\/de\\\/#organization\",\"name\":\"5 Star Properties Altea\",\"url\":\"https:\\\/\\\/5starpropertiesaltea.com\\\/de\\\/\",\"logo\":{\"@type\":\"ImageObject\",\"inLanguage\":\"de\",\"@id\":\"https:\\\/\\\/5starpropertiesaltea.com\\\/de\\\/#\\\/schema\\\/logo\\\/image\\\/\",\"url\":\"https:\\\/\\\/5starpropertiesaltea.com\\\/wp-content\\\/uploads\\\/2020\\\/10\\\/logo-5starpropertiesaltea-zwart.png\",\"contentUrl\":\"https:\\\/\\\/5starpropertiesaltea.com\\\/wp-content\\\/uploads\\\/2020\\\/10\\\/logo-5starpropertiesaltea-zwart.png\",\"width\":8623,\"height\":1064,\"caption\":\"5 Star Properties Altea\"},\"image\":{\"@id\":\"https:\\\/\\\/5starpropertiesaltea.com\\\/de\\\/#\\\/schema\\\/logo\\\/image\\\/\"}}]}<\/script>\n<!-- \/ Yoast SEO plugin. -->","yoast_head_json":{"title":"IHRE IMMOBILIE BEI UNS - 5 Star Properties Altea","robots":{"index":"index","follow":"follow","max-snippet":"max-snippet:-1","max-image-preview":"max-image-preview:large","max-video-preview":"max-video-preview:-1"},"canonical":"https:\/\/5starpropertiesaltea.com\/de\/listen-mit-uns\/","og_locale":"de_DE","og_type":"article","og_title":"IHRE IMMOBILIE BEI UNS - 5 Star Properties Altea","og_description":"IHRE IMMOBILIE BEI UNS Altea und die Costa Blanca sind unsere Leidenschaft und die sch\u00f6ne Lebensqualit\u00e4t im Mittelmeerraum inspiriert uns jeden Tag, unser Bestes f\u00fcr unsere Kunden zu geben und die hohen Anforderungen an uns selbst zu erf\u00fcllen. Das gesamte Team von\u00a05\u00a0Star Properties Altea\u00fcbernimmt gerne diese Verantwortung und gibt ein Beispiel. Die Wahl des richtigen [&hellip;]","og_url":"https:\/\/5starpropertiesaltea.com\/de\/listen-mit-uns\/","og_site_name":"5 Star Properties Altea","article_modified_time":"2021-01-17T11:47:24+00:00","og_image":[{"width":1504,"height":1000,"url":"https:\/\/5starpropertiesaltea.com\/wp-content\/uploads\/2020\/06\/Website-foto2.jpg","type":"image\/jpeg"}],"twitter_card":"summary_large_image","twitter_misc":{"Gesch\u00e4tzte Lesezeit":"2\u00a0Minuten"},"schema":{"@context":"https:\/\/schema.org","@graph":[{"@type":"WebPage","@id":"https:\/\/5starpropertiesaltea.com\/de\/listen-mit-uns\/","url":"https:\/\/5starpropertiesaltea.com\/de\/listen-mit-uns\/","name":"IHRE IMMOBILIE BEI UNS - 5 Star Properties Altea","isPartOf":{"@id":"https:\/\/5starpropertiesaltea.com\/de\/#website"},"primaryImageOfPage":{"@id":"https:\/\/5starpropertiesaltea.com\/de\/listen-mit-uns\/#primaryimage"},"image":{"@id":"https:\/\/5starpropertiesaltea.com\/de\/listen-mit-uns\/#primaryimage"},"thumbnailUrl":"https:\/\/5starpropertiesaltea.com\/wp-content\/uploads\/2020\/06\/Website-foto2.jpg","datePublished":"2020-05-27T10:19:24+00:00","dateModified":"2021-01-17T11:47:24+00:00","breadcrumb":{"@id":"https:\/\/5starpropertiesaltea.com\/de\/listen-mit-uns\/#breadcrumb"},"inLanguage":"de","potentialAction":[{"@type":"ReadAction","target":["https:\/\/5starpropertiesaltea.com\/de\/listen-mit-uns\/"]}]},{"@type":"ImageObject","inLanguage":"de","@id":"https:\/\/5starpropertiesaltea.com\/de\/listen-mit-uns\/#primaryimage","url":"https:\/\/5starpropertiesaltea.com\/wp-content\/uploads\/2020\/06\/Website-foto2.jpg","contentUrl":"https:\/\/5starpropertiesaltea.com\/wp-content\/uploads\/2020\/06\/Website-foto2.jpg","width":1504,"height":1000},{"@type":"BreadcrumbList","@id":"https:\/\/5starpropertiesaltea.com\/de\/listen-mit-uns\/#breadcrumb","itemListElement":[{"@type":"ListItem","position":1,"name":"Home","item":"https:\/\/5starpropertiesaltea.com\/de\/"},{"@type":"ListItem","position":2,"name":"IHRE IMMOBILIE BEI UNS"}]},{"@type":"WebSite","@id":"https:\/\/5starpropertiesaltea.com\/de\/#website","url":"https:\/\/5starpropertiesaltea.com\/de\/","name":"5 Star Properties Altea","description":"Buy real estate in the Altea region","publisher":{"@id":"https:\/\/5starpropertiesaltea.com\/de\/#organization"},"potentialAction":[{"@type":"SearchAction","target":{"@type":"EntryPoint","urlTemplate":"https:\/\/5starpropertiesaltea.com\/de\/?s={search_term_string}"},"query-input":{"@type":"PropertyValueSpecification","valueRequired":true,"valueName":"search_term_string"}}],"inLanguage":"de"},{"@type":"Organization","@id":"https:\/\/5starpropertiesaltea.com\/de\/#organization","name":"5 Star Properties Altea","url":"https:\/\/5starpropertiesaltea.com\/de\/","logo":{"@type":"ImageObject","inLanguage":"de","@id":"https:\/\/5starpropertiesaltea.com\/de\/#\/schema\/logo\/image\/","url":"https:\/\/5starpropertiesaltea.com\/wp-content\/uploads\/2020\/10\/logo-5starpropertiesaltea-zwart.png","contentUrl":"https:\/\/5starpropertiesaltea.com\/wp-content\/uploads\/2020\/10\/logo-5starpropertiesaltea-zwart.png","width":8623,"height":1064,"caption":"5 Star Properties Altea"},"image":{"@id":"https:\/\/5starpropertiesaltea.com\/de\/#\/schema\/logo\/image\/"}}]}},"_links":{"self":[{"href":"https:\/\/5starpropertiesaltea.com\/de\/wp-json\/wp\/v2\/pages\/2460","targetHints":{"allow":["GET"]}}],"collection":[{"href":"https:\/\/5starpropertiesaltea.com\/de\/wp-json\/wp\/v2\/pages"}],"about":[{"href":"https:\/\/5starpropertiesaltea.com\/de\/wp-json\/wp\/v2\/types\/page"}],"author":[{"embeddable":true,"href":"https:\/\/5starpropertiesaltea.com\/de\/wp-json\/wp\/v2\/users\/1"}],"replies":[{"embeddable":true,"href":"https:\/\/5starpropertiesaltea.com\/de\/wp-json\/wp\/v2\/comments?post=2460"}],"version-history":[{"count":5,"href":"https:\/\/5starpropertiesaltea.com\/de\/wp-json\/wp\/v2\/pages\/2460\/revisions"}],"predecessor-version":[{"id":6382,"href":"https:\/\/5starpropertiesaltea.com\/de\/wp-json\/wp\/v2\/pages\/2460\/revisions\/6382"}],"wp:featuredmedia":[{"embeddable":true,"href":"https:\/\/5starpropertiesaltea.com\/de\/wp-json\/wp\/v2\/media\/2681"}],"wp:attachment":[{"href":"https:\/\/5starpropertiesaltea.com\/de\/wp-json\/wp\/v2\/media?parent=2460"}],"curies":[{"name":"wp","href":"https:\/\/api.w.org\/{rel}","templated":true}]}}